{"id":10,"date":"2019-05-06T08:48:12","date_gmt":"2019-05-06T06:48:12","guid":{"rendered":"https:\/\/neversikastetxea.com\/?page_id=10"},"modified":"2026-01-30T13:07:15","modified_gmt":"2026-01-30T12:07:15","slug":"vuestro-colegio","status":"publish","type":"page","link":"https:\/\/neversikastetxea.com\/es\/vuestro-colegio\/","title":{"rendered":"Vuestro colegio"},"content":{"rendered":"<div class=\"wpb-content-wrapper\"><p>[vc_row css=\u00bb.vc_custom_1578575556177{padding-top: 2% !important;}\u00bb][vc_column][vc_row_inner content_placement=\u00bbmiddle\u00bb][vc_column_inner][vc_column_text]<\/p>\n<h1>Vuestro colegio<\/h1>\n<p>No se trata de un recurso po\u00e9tico o de una declaraci\u00f3n de intenciones, el t\u00edtulo de esta p\u00e1gina, \u201cvuestro colegio\u201d, es la descripci\u00f3n de la realidad. Nevers Ikastetxea es una <strong>cooperativa educativa perteneciente a las madres y padres<\/strong>. \u00bfQui\u00e9n mejor para decidir el futuro del alumnado?[\/vc_column_text][\/vc_column_inner][\/vc_row_inner][\/vc_column][\/vc_row][vc_row css=\u00bb.vc_custom_1578575651813{padding-top: 2% !important;}\u00bb][vc_column][vc_row_inner content_placement=\u00bbmiddle\u00bb][vc_column_inner width=\u00bb1\/2&#8243;][vc_column_text]<\/p>\n<h2 style=\"text-align: left;\">\u00a1Bienvenida\/o a Nevers!<\/h2>\n<p>[\/vc_column_text][vc_column_text css=\u00bb\u00bb el_class=\u00bbpad-right\u00bb]Un colegio actual y adaptado a las demandas sociales y laborales del siglo XXI. En Nevers Ikastetxea <strong>formamos personas creativas, colaborativas, cr\u00edticas, competentes, tecnol\u00f3gicas, pluriling\u00fces y aut\u00f3nomas,\u00a0<\/strong>preparadas para afrontar los retos del futuro.<\/p>\n<p>Todo este proceso se desarrolla en un entorno <strong>familiar, cercano y acogedor, <\/strong>desde la haurtzaindegi hasta 4\u00ba de E.S.O., acompa\u00f1ando a nuestro alumnado en su crecimiento personal y acad\u00e9mico.<\/p>\n<p>Entendemos la educaci\u00f3n como <strong>una visi\u00f3n a largo plazo<\/strong>: nuestras\/os alumnas\/os ser\u00e1n es el presente, pero tambi\u00e9n ser\u00e1n las\/os adultas\/os y profesionales del ma\u00f1ana. Por ello, apostamos por <strong>metodolog\u00edas innovadoras<\/strong> y contrastadas, trabajando en <strong>estrecha colaboraci\u00f3n con las familias<\/strong>, porque creemos que solo desde la cercan\u00eda se construye una educaci\u00f3n con sentido.[\/vc_column_text][\/vc_column_inner][vc_column_inner width=\u00bb1\/2&#8243;][vc_single_image image=\u00bb8938&#8243; img_size=\u00bblarge\u00bb alignment=\u00bbcenter\u00bb css=\u00bb\u00bb][\/vc_column_inner][\/vc_row_inner][\/vc_column][\/vc_row][vc_row full_width=\u00bbstretch_row_content_no_spaces\u00bb css=\u00bb.vc_custom_1577980287722{padding-top: 100px !important;}\u00bb][vc_column][vc_row_inner][vc_column_inner][vc_column_text]<\/p>\n<h3 style=\"text-align: center;\">Aprendizaje por proyectos<\/h3>\n<p>[\/vc_column_text][\/vc_column_inner][\/vc_row_inner][\/vc_column][\/vc_row][vc_row full_width=\u00bbstretch_row_content_no_spaces\u00bb el_id=\u00bblistaProyectos\u00bb css=\u00bb.vc_custom_1557748951776{margin-top: -90px !important;margin-bottom: 0px !important;padding-top: 5% !important;padding-right: 5% !important;padding-left: 5% !important;}\u00bb][vc_column width=\u00bb1\/5&#8243; offset=\u00bbvc_hidden-sm vc_hidden-xs\u00bb][vc_raw_html]JTNDYSUyMGhyZWYlM0QlMjIlMkZlcyUyRnRyaWxpbmd1aXNtbyUyRiUyMiUzRSUzQ2RpdiUyMGNsYXNzJTNEJTIycHJvamVjdExpc3QlMjIlM0UlMEElM0NkaXYlMjAlMjBjbGFzcyUzRCUyMmljb25Qcm9qZWN0TGlzdCUyMiUzRSUwQSUzQyUyRmRpdiUzRSUwQSUzQ2RpdiUyMGNsYXNzJTNEJTIycHJvamVjdExpc3RUaXRsZSUyMiUzRSUwQSUzQ2g0JTNFVHJpbGluZyVDMyVCQ2lzbW8lM0MlMkZoNCUzRSUwQSUzQyUyRmRpdiUzRSUwQSUzQyUyRmRpdiUzRSUzQyUyRmElM0U=[\/vc_raw_html][\/vc_column][vc_column width=\u00bb1\/5&#8243; offset=\u00bbvc_hidden-sm vc_hidden-xs\u00bb][vc_raw_html]JTNDYSUyMGhyZWYlM0QlMjIlMkZlcyUyRnRlY25vbG9naWEtZWR1Y2F0aXZhJTIyJTNFJTNDZGl2JTIwY2xhc3MlM0QlMjJwcm9qZWN0TGlzdCUyMiUzRSUwQSUzQ2RpdiUyMGNsYXNzJTNEJTIyaWNvblByb2plY3RMaXN0JTIyJTNFJTBBJTNDJTJGZGl2JTNFJTBBJTNDZGl2JTIwY2xhc3MlM0QlMjJwcm9qZWN0TGlzdFRpdGxlJTIyJTNFJTBBJTNDaDQlM0VUZWNub2xvZyVDMyVBRGElM0MlMkZiciUzRUVkdWNhdGl2YSUzQyUyRmg0JTNFJTBBJTNDJTJGZGl2JTNFJTBBJTNDJTJGZGl2JTNFJTNDJTJGYSUzRQ==[\/vc_raw_html][\/vc_column][vc_column width=\u00bb1\/5&#8243; offset=\u00bbvc_hidden-sm vc_hidden-xs\u00bb][vc_raw_html]JTNDYSUyMGhyZWYlM0QlMjIlMkZlcyUyRmVudHVzaWFzbWF0JTIyJTNFJTNDZGl2JTIwY2xhc3MlM0QlMjJwcm9qZWN0TGlzdCUyMiUzRSUwQSUzQ2RpdiUyMGNsYXNzJTNEJTIyaWNvblByb2plY3RMaXN0JTIyJTNFJTBBJTNDJTJGZGl2JTNFJTBBJTNDZGl2JTIwY2xhc3MlM0QlMjJwcm9qZWN0TGlzdFRpdGxlJTIyJTNFJTBBJTNDaDQlM0VFbnR1c2lhc21hdCUzQyUyRmg0JTNFJTBBJTNDJTJGZGl2JTNFJTBBJTNDJTJGZGl2JTNFJTNDJTJGYSUzRQ==[\/vc_raw_html][\/vc_column][vc_column width=\u00bb1\/5&#8243; offset=\u00bbvc_hidden-sm vc_hidden-xs\u00bb][vc_raw_html]JTNDYnV0dG9uJTIwaWQlM0QlMjJzZWVNb3JlUHJvamVjdExpc3QlMjIlMjBjbGFzcyUzRCUyMnNlZU1vcmVCdXR0b24lMjIlM0UlMEFWZXIlMjBtJUMzJUExcyUwQSUzQyUyRmJ1dHRvbiUzRQ==[\/vc_raw_html][\/vc_column][\/vc_row][vc_row full_width=\u00bbstretch_row_content_no_spaces\u00bb css=\u00bb.vc_custom_1557748645579{margin-top: 0px !important;margin-bottom: 0px !important;padding-top: 0px !important;padding-right: 5% !important;padding-bottom: 0px !important;padding-left: 5% !important;}\u00bb el_id=\u00bblistaProyectos2&#8243;][vc_column width=\u00bb1\/5&#8243; offset=\u00bbvc_hidden-sm vc_hidden-xs\u00bb][vc_raw_html]JTNDYSUyMGhyZWYlM0QlMjIlMkZlcyUyRjNrLWRlcG9ydGUtZ2VzdGlvbi15LWNhbGlkYWQlMkYlMjIlM0UlM0NkaXYlMjBjbGFzcyUzRCUyMnByb2plY3RMaXN0JTIyJTNFJTBBJTNDZGl2JTIwY2xhc3MlM0QlMjJpY29uUHJvamVjdExpc3QlMjIlM0UlMEElM0MlMkZkaXYlM0UlMEElM0NkaXYlMjBjbGFzcyUzRCUyMnByb2plY3RMaXN0VGl0bGUlMjIlM0UlMEElM0NoNCUzRTNLJTIwRGVwb3J0ZSUzQyUyRmJyJTNFR2VzdGklQzMlQjNuJTIweSUyMENhbGlkYWQlM0MlMkZoNCUzRSUwQSUzQyUyRmRpdiUzRSUwQSUzQyUyRmRpdiUzRSUzQyUyRmElM0U=[\/vc_raw_html][\/vc_column][vc_column width=\u00bb1\/5&#8243; offset=\u00bbvc_hidden-sm vc_hidden-xs\u00bb][vc_raw_html]JTNDYSUyMGhyZWYlM0QlMjIlMkZlcyUyRmNvZWR1Y2FjaW9uJTJGJTIyJTNFJTNDZGl2JTIwY2xhc3MlM0QlMjJwcm9qZWN0TGlzdCUyMiUzRSUwQSUzQ2RpdiUyMGNsYXNzJTNEJTIyaWNvblByb2plY3RMaXN0JTIyJTNFJTBBJTNDJTJGZGl2JTNFJTBBJTNDZGl2JTIwY2xhc3MlM0QlMjJwcm9qZWN0TGlzdFRpdGxlJTIyJTNFJTBBJTNDaDQlM0VDb2VkdWNhY2klQzMlQjNuJTNDJTJGaDQlM0UlMEElM0MlMkZkaXYlM0UlMEElM0MlMkZkaXYlM0UlM0MlMkZhJTNF[\/vc_raw_html][\/vc_column][vc_column width=\u00bb1\/5&#8243; offset=\u00bbvc_hidden-sm vc_hidden-xs\u00bb][vc_raw_html]JTNDYSUyMGhyZWYlM0QlMjIlMkZlcyUyRnByb2dyYW1hLWxlY3RvZXNjcml0b3IlMkYlMjIlM0UlM0NkaXYlMjBjbGFzcyUzRCUyMnByb2plY3RMaXN0JTIyJTNFJTBBJTNDZGl2JTIwY2xhc3MlM0QlMjJpY29uUHJvamVjdExpc3QlMjIlM0UlMEElM0MlMkZkaXYlM0UlMEElM0NkaXYlMjBjbGFzcyUzRCUyMnByb2plY3RMaXN0VGl0bGUlMjIlM0UlMEElM0NoNCUzRVByb2dyYW1hJTNDJTJGYnIlM0VMZWN0b2VzY3JpdG9yJTNDJTJGaDQlM0UlMEElM0MlMkZkaXYlM0UlMEElM0MlMkZkaXYlM0UlM0MlMkZhJTNF[\/vc_raw_html][\/vc_column][vc_column width=\u00bb1\/5&#8243; offset=\u00bbvc_hidden-sm vc_hidden-xs\u00bb][vc_raw_html]JTNDYSUyMGhyZWYlM0QlMjIlMkZlcyUyRm5ldmVycy1iZXJkZWElMkYlMjIlM0UlM0NkaXYlMjBjbGFzcyUzRCUyMnByb2plY3RMaXN0JTIyJTNFJTBBJTNDZGl2JTIwY2xhc3MlM0QlMjJpY29uUHJvamVjdExpc3QlMjIlM0UlMEElM0MlMkZkaXYlM0UlMEElM0NkaXYlMjBjbGFzcyUzRCUyMnByb2plY3RMaXN0VGl0bGUlMjIlM0UlMEElM0NoNCUzRU5ldmVycyUzQyUyRmJyJTNFQmVyZGVhJTNDJTJGaDQlM0UlMEElM0MlMkZkaXYlM0UlMEElM0MlMkZkaXYlM0UlM0MlMkZhJTNF[\/vc_raw_html][\/vc_column][\/vc_row][vc_row full_width=\u00bbstretch_row_content_no_spaces\u00bb el_id=\u00bblistaProyectosMobile\u00bb css=\u00bb.vc_custom_1577980393359{padding-top: 50px !important;}\u00bb][vc_column offset=\u00bbvc_hidden-lg vc_hidden-md\u00bb]<div\n  id=\"vckit-carousel-682439744\"\n  class=\"vckit-carousel vckit-carousel-arrow-outside  vckit-carousel-dot-outside vckit-carousel-hide-arrow-mouse\"\n  data-vckit-carousel='{\"arrows\":false,\"dots\":true,\"fade\":false,\"infinite\":true,\"arrow_style\":\"arrow\",\"autoplay\":\"yes\",\"autoplay_speed\":3000,\"pause_on_hover\":\"\",\"speed\":300,\"md\":1,\"sm\":2,\"xs\":1,\"slides_to_scroll\":9}' data-gutter=\"0\">\n  <div class=\"vckit-carousel-item \">\n  [vc_raw_html]JTNDYSUyMGhyZWYlM0QlMjIuLiUyRnByb2dyYW1hLWxlY3RvZXNjcml0b3IlMjIlM0UlM0NkaXYlMjBjbGFzcyUzRCUyMnByb2plY3RMaXN0JTIyJTNFJTBBJTNDZGl2JTIwY2xhc3MlM0QlMjJpY29uUHJvamVjdExpc3QlMjIlM0UlMEElM0MlMkZkaXYlM0UlMEElM0NkaXYlMjBjbGFzcyUzRCUyMnByb2plY3RMaXN0VGl0bGUlMjIlM0UlMEElM0NoNCUzRVByb2dyYW1hJTNDJTJGYnIlM0VMZWN0b2VzY3JpdG9yJTNDJTJGaDQlM0UlMEElM0MlMkZkaXYlM0UlMEElM0MlMkZkaXYlM0UlM0MlMkZhJTNF[\/vc_raw_html]<\/div>\n<div class=\"vckit-carousel-item \">\n  [vc_raw_html]JTNDYSUyMGhyZWYlM0QlMjIuLiUyRmFwcmVuZGl6YWplLWJhc2Fkby1lbi1wcm95ZWN0b3MlMjIlM0UlM0NkaXYlMjBjbGFzcyUzRCUyMnByb2plY3RMaXN0JTIyJTNFJTBBJTNDZGl2JTIwY2xhc3MlM0QlMjJpY29uUHJvamVjdExpc3QlMjIlM0UlMEElM0MlMkZkaXYlM0UlMEElM0NkaXYlMjBjbGFzcyUzRCUyMnByb2plY3RMaXN0VGl0bGUlMjIlM0UlMEElM0NoNCUzRUFwcmVuZGl6YWplJTNDJTJGYnIlM0VDb29wZXJhdGl2byUzQyUyRmg0JTNFJTBBJTNDJTJGZGl2JTNFJTBBJTNDJTJGZGl2JTNFJTNDJTJGYSUzRQ==[\/vc_raw_html]<\/div>\n<div class=\"vckit-carousel-item \">\n  [vc_raw_html]JTNDYSUyMGhyZWYlM0QlMjIuLiUyRmNvZWR1Y2FjaW9uJTIyJTNFJTNDZGl2JTIwY2xhc3MlM0QlMjJwcm9qZWN0TGlzdCUyMiUzRSUwQSUzQ2RpdiUyMGNsYXNzJTNEJTIyaWNvblByb2plY3RMaXN0JTIyJTNFJTBBJTNDJTJGZGl2JTNFJTBBJTNDZGl2JTIwY2xhc3MlM0QlMjJwcm9qZWN0TGlzdFRpdGxlJTIyJTNFJTBBJTNDaDQlM0VDb2VkdWNhY2klQzMlQjNuJTNDJTJGaDQlM0UlMEElM0MlMkZkaXYlM0UlMEElM0MlMkZkaXYlM0UlM0MlMkZhJTNF[\/vc_raw_html]<\/div>\n<div class=\"vckit-carousel-item \">\n  [vc_raw_html]JTNDYSUyMGhyZWYlM0QlMjJlbnR1c2lhc21hdCUyMiUzRSUzQ2RpdiUyMGNsYXNzJTNEJTIycHJvamVjdExpc3QlMjIlM0UlMEElM0NkaXYlMjBjbGFzcyUzRCUyMmljb25Qcm9qZWN0TGlzdCUyMiUzRSUwQSUzQyUyRmRpdiUzRSUwQSUzQ2RpdiUyMGNsYXNzJTNEJTIycHJvamVjdExpc3RUaXRsZSUyMiUzRSUwQSUzQ2g0JTNFRW50dXNpYXNtYXQlM0MlMkZoNCUzRSUwQSUzQyUyRmRpdiUzRSUwQSUzQyUyRmRpdiUzRSUzQyUyRmElM0U=[\/vc_raw_html]<\/div>\n<div class=\"vckit-carousel-item \">\n  [vc_raw_html]JTNDYSUyMGhyZWYlM0QlMjIuLiUyRmVzdGltdWxhY2lvbi10ZW1wcmFuYSUyMiUzRSUzQ2RpdiUyMGNsYXNzJTNEJTIycHJvamVjdExpc3QlMjIlM0UlMEElM0NkaXYlMjBjbGFzcyUzRCUyMmljb25Qcm9qZWN0TGlzdCUyMiUzRSUwQSUzQyUyRmRpdiUzRSUwQSUzQ2RpdiUyMGNsYXNzJTNEJTIycHJvamVjdExpc3RUaXRsZSUyMiUzRSUwQSUzQ2g0JTNFRXN0aW11bGFjaSVDMyVCM24lM0MlMkZiciUzRVRlbXByYW5hJTNDJTJGaDQlM0UlMEElM0MlMkZkaXYlM0UlMEElM0MlMkZkaXYlM0UlM0MlMkZhJTNF[\/vc_raw_html]<\/div>\n<div class=\"vckit-carousel-item \">\n  [vc_raw_html]JTNDYSUyMGhyZWYlM0QlMjIzay1kZXBvcnRlLWdlc3Rpb24teS1jYWxpZGFkJTIyJTNFJTNDZGl2JTIwY2xhc3MlM0QlMjJwcm9qZWN0TGlzdCUyMiUzRSUwQSUzQ2RpdiUyMGNsYXNzJTNEJTIyaWNvblByb2plY3RMaXN0JTIyJTNFJTBBJTNDJTJGZGl2JTNFJTBBJTNDZGl2JTIwY2xhc3MlM0QlMjJwcm9qZWN0TGlzdFRpdGxlJTIyJTNFJTBBJTNDaDQlM0UzSyUyMERlcG9ydGUlM0MlMkZiciUzRUdlc3RpJUMzJUIzbiUyMHklMjBDYWxpZGFkJTNDJTJGaDQlM0UlMEElM0MlMkZkaXYlM0UlMEElM0MlMkZkaXYlM0UlM0MlMkZhJTNF[\/vc_raw_html]<\/div>\n<div class=\"vckit-carousel-item \">\n  [vc_raw_html]JTNDYSUyMGhyZWYlM0QlMjIuLiUyRnRyaWxpbmd1aXNtbyUyMiUzRSUzQ2RpdiUyMGNsYXNzJTNEJTIycHJvamVjdExpc3QlMjIlM0UlMEElM0NkaXYlMjAlMjBjbGFzcyUzRCUyMmljb25Qcm9qZWN0TGlzdCUyMiUzRSUwQSUzQyUyRmRpdiUzRSUwQSUzQ2RpdiUyMGNsYXNzJTNEJTIycHJvamVjdExpc3RUaXRsZSUyMiUzRSUwQSUzQ2g0JTNFVHJpbGluZyVDMyVCQ2lzbW8lM0MlMkZoNCUzRSUwQSUzQyUyRmRpdiUzRSUwQSUzQyUyRmRpdiUzRSUzQyUyRmElM0U=[\/vc_raw_html]<\/div>\n<div class=\"vckit-carousel-item \">\n  [vc_raw_html]JTNDYSUyMGhyZWYlM0QlMjIuLiUyRnRlY25vbG9naWEtZWR1Y2F0aXZhJTIyJTNFJTNDZGl2JTIwY2xhc3MlM0QlMjJwcm9qZWN0TGlzdCUyMiUzRSUwQSUzQ2RpdiUyMGNsYXNzJTNEJTIyaWNvblByb2plY3RMaXN0JTIyJTNFJTBBJTNDJTJGZGl2JTNFJTBBJTNDZGl2JTIwY2xhc3MlM0QlMjJwcm9qZWN0TGlzdFRpdGxlJTIyJTNFJTBBJTNDaDQlM0VUZWNub2xvZyVDMyVBRGElM0MlMkZiciUzRUVkdWNhdGl2YSUzQyUyRmg0JTNFJTBBJTNDJTJGZGl2JTNFJTBBJTNDJTJGZGl2JTNFJTNDJTJGYSUzRQ==[\/vc_raw_html]<\/div>\n<div class=\"vckit-carousel-item \">\n  [vc_raw_html]JTNDYSUyMGhyZWYlM0QlMjIuLiUyRm5ldmVycy1iZXJkZWElMjIlM0UlM0NkaXYlMjBjbGFzcyUzRCUyMnByb2plY3RMaXN0JTIyJTNFJTBBJTNDZGl2JTIwY2xhc3MlM0QlMjJpY29uUHJvamVjdExpc3QlMjIlM0UlMEElM0MlMkZkaXYlM0UlMEElM0NkaXYlMjBjbGFzcyUzRCUyMnByb2plY3RMaXN0VGl0bGUlMjIlM0UlMEElM0NoNCUzRU5ldmVycyUzQyUyRmJyJTNFQmVyZGVhJTNDJTJGaDQlM0UlMEElM0MlMkZkaXYlM0UlMEElM0MlMkZkaXYlM0UlM0MlMkZhJTNF[\/vc_raw_html]<\/div>\n<\/div>\n\n<style type=\"text\/css\">#vckit-carousel-682439744 .slick-dots button { background-color: #dd9933; }#vckit-carousel-682439744 .slick-dots .slick-active button { background-color: #cecece; }<\/style>\n[\/vc_column][\/vc_row][vc_row css=\u00bb.vc_custom_1577455246047{padding-top: 80px !important;}\u00bb][vc_column][vc_row_inner content_placement=\u00bbmiddle\u00bb][vc_column_inner width=\u00bb1\/2&#8243;][vc_column_text]<\/p>\n<h3 style=\"text-align: left;\">Somos una cooperativa de madres y padres<\/h3>\n<p>[\/vc_column_text][vc_column_text css=\u00bb\u00bb el_class=\u00bbpad-right\u00bb]Nevers Ikastetxea es un <strong>centro cooperativo<\/strong>: no depende de una entidad p\u00fablica ni de capital privado externo. Las familias son<span style=\"font-weight: 400;\"> las verdaderas propietarias del colegio, participando activamente en su proyecto educativo.\u00a0<\/span><\/p>\n<p>La implicaci\u00f3n directa de las familias incide de manera significativa y positiva en el proceso educativo y en el desarrollo integral del alumnado. <strong>Hogar y colegio comparten valores<\/strong>, se refuerzan mutuamente y crean un entorno coherente y seguro que favorece el crecimiento personal y emocional de ni\u00f1as y ni\u00f1os.<\/p>\n<p>Las familias que eligen Nevers Ikastetxea lo hacen porque valoran una <strong>educaci\u00f3n basada en principios s\u00f3lidos, calidad educativa y participaci\u00f3n.<\/strong> Por ello, las decisiones importantes se toman de manera consensuada, contando con la voz de quienes forman parte de la cooperativa, construyendo juntas\/os un proyecto educativo com\u00fan.[\/vc_column_text][\/vc_column_inner][vc_column_inner width=\u00bb1\/2&#8243;][vc_single_image image=\u00bb8939&#8243; img_size=\u00bblarge\u00bb alignment=\u00bbcenter\u00bb css=\u00bb\u00bb][\/vc_column_inner][\/vc_row_inner][vc_column_text][\/vc_column_text][\/vc_column][\/vc_row][vc_row][vc_column][vc_row_inner][vc_column_inner][vc_column_text]<\/p>\n<h2 style=\"text-align: left;\">Nuestra historia<\/h2>\n<p>[\/vc_column_text][\/vc_column_inner][\/vc_row_inner][vc_row_inner equal_height=\u00bbyes\u00bb][vc_column_inner width=\u00bb1\/3&#8243; css=\u00bb.vc_custom_1569332570950{padding: 6% !important;}\u00bb][vc_column_text css=\u00bb\u00bb]<\/p>\n<h4><strong>Pasado<\/strong><\/h4>\n<p>Nevers Ikastetxea <strong>naci\u00f3 en 1903,<\/strong> pero es a partir del a\u00f1o 1977 cuando la intervenci\u00f3n de los padres y madres de los alumnos y alumnas resulta fundamental y decisiva en la marcha del colegio. Finalmente en 1982 se constituye la Sociedad Cooperativa de Ense\u00f1anza Nevers como colegio en Durango.<\/p>\n<p>Muchas organizaciones se aferran a la tradici\u00f3n por temor a los cambios pero este no es el caso de Nevers Ikastetxea que ha sabido tomar decisiones valientes y conducir el centro hacia el futuro. As\u00ed hemos construido <strong>a\u00f1os de historia<\/strong> apasionante trabajada con esfuerzo, rigor y valores.[\/vc_column_text][\/vc_column_inner][vc_column_inner width=\u00bb1\/3&#8243; css=\u00bb.vc_custom_1569332585270{padding: 6% !important;}\u00bb][vc_column_text css=\u00bb\u00bb]<\/p>\n<h4><strong>Presente<\/strong><\/h4>\n<p>Como centro educativo que mira hacia el futuro, priorizamos la <strong>formaci\u00f3n continua del profesorado<\/strong>, utilizando metodolog\u00edas que fomentan un aprendizaje activo y significativo, especialmente a trav\u00e9s de proyectos interdisciplinares.<\/p>\n<p>Esta cultura de mejora se extiende tambi\u00e9n a los espacios: <strong>renovamos de manera constante las instalaciones<\/strong> para crear entornos educativos flexibles, funcionales y acogedores\u00a0 que favorezcan el aprendizaje y el bienestar.<\/p>\n<p>Asimismo, apostamos por un <strong>modelo educativo basado en la colaboraci\u00f3n y la transparencia con las familias<\/strong>, mediante una comunicaci\u00f3n cercana y abierta, con el fin de ofrecer la mejor respuesta a las necesidades del alumnado. A todo ello se suma nuestro compromiso con la conciliaci\u00f3n, cuidando la organizaci\u00f3n y los servicios del centro para que el proyecto educativo sea compatible con la vida familiar.[\/vc_column_text][\/vc_column_inner][vc_column_inner width=\u00bb1\/3&#8243; css=\u00bb.vc_custom_1569332594191{padding: 6% !important;}\u00bb][vc_column_text css=\u00bb\u00bb]<\/p>\n<h4><strong>Futuro<\/strong><\/h4>\n<p>Con la mirada puesta en el futuro, en Nevers Ikastetxea trabajamos desde el presente con una actitud cr\u00edtica y de mejora continua, adapt\u00e1ndonos a los cambios y preparando\u00a0 al alumnado para un mundo en constante evoluci\u00f3n. Esta visi\u00f3n se apoya en la <strong>implicaci\u00f3n activa del profesorado<\/strong>, comprometido con el proyecto educativo y con el acompa\u00f1amiento cercano del alumnado en su d\u00eda a d\u00eda.<\/p>\n<p>La cultura de mejora se refleja tambi\u00e9n en <strong>los espacios, que renovamos de forma progresiva<\/strong> para que sean m\u00e1 funcionales, flexibles y acogedores, favoreciendo el bienestar, la autonom\u00eda y la convivencia. Adem\u00e1s, <strong>integramos las nuevas tecnolog\u00edas con un enfoque pedag\u00f3gico<\/strong>, impulsando el pensamiento computacional y un uso cr\u00edtico y responsable de la tecnolog\u00eda.<\/p>\n<p>As\u00ed, seguimos avanzando con un objetivo claro: construir una escuela que evolucione desde el presente para responder a los retos del futuro.[\/vc_column_text][\/vc_column_inner][\/vc_row_inner][vc_column_text][\/vc_column_text][\/vc_column][\/vc_row][vc_row full_width=\u00bbstretch_row\u00bb css=\u00bb.vc_custom_1557391203179{padding-top: 5% !important;padding-bottom: 5% !important;background-color: #172e41 !important;}\u00bb el_id=\u00bbnuestrasInstalaciones\u00bb][vc_column][vc_row_inner equal_height=\u00bbyes\u00bb content_placement=\u00bbmiddle\u00bb][vc_column_inner width=\u00bb1\/2&#8243; css=\u00bb.vc_custom_1577960655871{padding-top: 4% !important;padding-right: 4% !important;padding-bottom: 4% !important;padding-left: 4% !important;}\u00bb][vc_single_image image=\u00bb152&#8243; el_class=\u00bbiconoNevers\u00bb][vc_column_text el_class=\u00bbpad-right\u00bb]<\/p>\n<h2><a href=\"https:\/\/tourmkr.com\/t588iS0JJA\/5583170p,212140m,144.52h,90.00t\" rel=\"nofollow noopener\" target=\"_blank\"><span style=\"color: #ffffff;\">Nuestras instalaciones<\/span><\/a><\/h2>\n<p><span style=\"color: #ffffff;\">Las instalaciones de Nevers Ikastetxea est\u00e1n dise\u00f1adas pensando en las alumnas y alumnos para garantizar la mejor experiencia escolar posible.<\/span><\/p>\n<p><span style=\"color: #ffffff;\">Descubre nuestras instalaciones con una visita virtual. Podr\u00e1s ver desde las aulas, a la guarder\u00eda y hasta las instalaciones deportivas. \u00a1Ad\u00e9ntrate en Nevers Ikastetxea!<\/span>[\/vc_column_text][\/vc_column_inner][vc_column_inner width=\u00bb1\/2&#8243; el_id=\u00bbtourContainer\u00bb offset=\u00bbvc_hidden-sm vc_hidden-xs\u00bb][vc_single_image image=\u00bb170&#8243; img_size=\u00bbfull\u00bb onclick=\u00bbcustom_link\u00bb css=\u00bb.vc_custom_1618815678055{margin-bottom: 0px !important;}\u00bb link=\u00bbhttps:\/\/tourmkr.com\/G188iS0JJA\/26281361p&amp;289.75h&amp;92.91t\u00bb title=\u00bbVISITAVIRTUAL\u00bb el_class=\u00bbtour\u00bb][\/vc_column_inner][\/vc_row_inner][\/vc_column][\/vc_row][vc_row full_width=\u00bbstretch_row_content_no_spaces\u00bb css=\u00bb.vc_custom_1557748645579{margin-top: 0px !important;margin-bottom: 0px !important;padding-top: 0px !important;padding-right: 5% !important;padding-bottom: 0px !important;padding-left: 5% !important;}\u00bb el_id=\u00bblistaProyectos2&#8243;][vc_column width=\u00bb1\/5&#8243; offset=\u00bbvc_hidden-sm vc_hidden-xs\u00bb][vc_raw_html]JTNDYSUyMGhyZWYlM0QlMjIuLiUyRjNrLWRlcG9ydGUtZ2VzdGlvbi15LWNhbGlkYWQlMjIlM0UlM0NkaXYlMjBjbGFzcyUzRCUyMnByb2plY3RMaXN0JTIyJTNFJTBBJTNDZGl2JTIwY2xhc3MlM0QlMjJpY29uUHJvamVjdExpc3QlMjIlM0UlMEElM0MlMkZkaXYlM0UlMEElM0NkaXYlMjBjbGFzcyUzRCUyMnByb2plY3RMaXN0VGl0bGUlMjIlM0UlMEElM0NoNCUzRTNLJTIwRGVwb3J0ZSUzQyUyRmJyJTNFR2VzdGklQzMlQjNuJTIweSUyMENhbGlkYWQlM0MlMkZoNCUzRSUwQSUzQyUyRmRpdiUzRSUwQSUzQyUyRmRpdiUzRSUzQyUyRmElM0U=[\/vc_raw_html][\/vc_column][vc_column width=\u00bb1\/5&#8243; offset=\u00bbvc_hidden-sm vc_hidden-xs\u00bb][vc_raw_html]JTNDYSUyMGhyZWYlM0QlMjIuLiUyRnByb2plY3QtemVyby1oYXJ2YXJkJTIyJTNFJTNDZGl2JTIwY2xhc3MlM0QlMjJwcm9qZWN0TGlzdCUyMiUzRSUwQSUzQ2RpdiUyMGNsYXNzJTNEJTIyaWNvblByb2plY3RMaXN0JTIyJTNFJTBBJTNDJTJGZGl2JTNFJTBBJTNDZGl2JTIwY2xhc3MlM0QlMjJwcm9qZWN0TGlzdFRpdGxlJTIyJTNFJTBBJTNDaDQlM0VQcm9qZWN0JTNDJTJGYnIlM0VaZXJvJTIwSGFydmFyZCUzQyUyRmg0JTNFJTBBJTNDJTJGZGl2JTNFJTBBJTNDJTJGZGl2JTNFJTNDJTJGYSUzRQ==[\/vc_raw_html][\/vc_column][vc_column width=\u00bb1\/5&#8243; offset=\u00bbvc_hidden-sm vc_hidden-xs\u00bb][vc_raw_html]JTNDYSUyMGhyZWYlM0QlMjIuLiUyRmNvZWR1Y2FjaW9uJTIyJTNFJTNDZGl2JTIwY2xhc3MlM0QlMjJwcm9qZWN0TGlzdCUyMiUzRSUwQSUzQ2RpdiUyMGNsYXNzJTNEJTIyaWNvblByb2plY3RMaXN0JTIyJTNFJTBBJTNDJTJGZGl2JTNFJTBBJTNDZGl2JTIwY2xhc3MlM0QlMjJwcm9qZWN0TGlzdFRpdGxlJTIyJTNFJTBBJTNDaDQlM0VDb2VkdWNhY2klQzMlQjNuJTNDJTJGaDQlM0UlMEElM0MlMkZkaXYlM0UlMEElM0MlMkZkaXYlM0UlM0MlMkZhJTNF[\/vc_raw_html][\/vc_column][vc_column width=\u00bb1\/5&#8243; offset=\u00bbvc_hidden-sm vc_hidden-xs\u00bb][vc_raw_html]JTNDYSUyMGhyZWYlM0QlMjIuLiUyRnByb2dyYW1hLWxlY3RvZXNjcml0b3IlMjIlM0UlM0NkaXYlMjBjbGFzcyUzRCUyMnByb2plY3RMaXN0JTIyJTNFJTBBJTNDZGl2JTIwY2xhc3MlM0QlMjJpY29uUHJvamVjdExpc3QlMjIlM0UlMEElM0MlMkZkaXYlM0UlMEElM0NkaXYlMjBjbGFzcyUzRCUyMnByb2plY3RMaXN0VGl0bGUlMjIlM0UlMEElM0NoNCUzRVByb2dyYW1hJTNDJTJGYnIlM0VMZWN0b2VzY3JpdG9yJTNDJTJGaDQlM0UlMEElM0MlMkZkaXYlM0UlMEElM0MlMkZkaXYlM0UlM0MlMkZhJTNF[\/vc_raw_html][\/vc_column][vc_column width=\u00bb1\/5&#8243; offset=\u00bbvc_hidden-sm vc_hidden-xs\u00bb][vc_raw_html]JTNDYSUyMGhyZWYlM0QlMjIuLiUyRm5ldmVycy1iZXJkZWElMjIlM0UlM0NkaXYlMjBjbGFzcyUzRCUyMnByb2plY3RMaXN0JTIyJTNFJTBBJTNDZGl2JTIwY2xhc3MlM0QlMjJpY29uUHJvamVjdExpc3QlMjIlM0UlMEElM0MlMkZkaXYlM0UlMEElM0NkaXYlMjBjbGFzcyUzRCUyMnByb2plY3RMaXN0VGl0bGUlMjIlM0UlMEElM0NoNCUzRU5ldmVycyUzQyUyRmJyJTNFQmVyZGVhJTNDJTJGaDQlM0UlMEElM0MlMkZkaXYlM0UlMEElM0MlMkZkaXYlM0UlM0MlMkZhJTNF[\/vc_raw_html][\/vc_column][\/vc_row]<\/p>\n<\/div>","protected":false},"excerpt":{"rendered":"<p>[vc_row css=\u00bb.vc_custom_1578575556177{padding-top: 2% !important;}\u00bb][vc_column][vc_row_inner content_placement=\u00bbmiddle\u00bb][vc_column_inner][vc_column_text] Vuestro colegio No se trata de un recurso po\u00e9tico o de una declaraci\u00f3n de intenciones, el t\u00edtulo de esta p\u00e1gina, \u201cvuestro colegio\u201d, es la descripci\u00f3n de la realidad. Nevers Ikastetxea es una cooperativa educativa perteneciente a las madres y padres. \u00bfQui\u00e9n mejor para decidir el futuro del alumnado?[\/vc_column_text][\/vc_column_inner][\/vc_row_inner][\/vc_column][\/vc_row][vc_row css=\u00bb.vc_custom_1578575651813{padding-top: 2% &hellip; <\/p>\n<p class=\"link-more\"><a href=\"https:\/\/neversikastetxea.com\/es\/vuestro-colegio\/\" class=\"more-link\">Seguir leyendo<span class=\"screen-reader-text\"> \u00abVuestro colegio\u00bb<\/span><\/a><\/p>\n","protected":false},"author":1,"featured_media":1178,"parent":0,"menu_order":0,"comment_status":"closed","ping_status":"closed","template":"","meta":{"footnotes":""},"class_list":["post-10","page","type-page","status-publish","has-post-thumbnail","hentry","entry"],"_links":{"self":[{"href":"https:\/\/neversikastetxea.com\/es\/wp-json\/wp\/v2\/pages\/10","targetHints":{"allow":["GET"]}}],"collection":[{"href":"https:\/\/neversikastetxea.com\/es\/wp-json\/wp\/v2\/pages"}],"about":[{"href":"https:\/\/neversikastetxea.com\/es\/wp-json\/wp\/v2\/types\/page"}],"author":[{"embeddable":true,"href":"https:\/\/neversikastetxea.com\/es\/wp-json\/wp\/v2\/users\/1"}],"replies":[{"embeddable":true,"href":"https:\/\/neversikastetxea.com\/es\/wp-json\/wp\/v2\/comments?post=10"}],"version-history":[{"count":5,"href":"https:\/\/neversikastetxea.com\/es\/wp-json\/wp\/v2\/pages\/10\/revisions"}],"predecessor-version":[{"id":9243,"href":"https:\/\/neversikastetxea.com\/es\/wp-json\/wp\/v2\/pages\/10\/revisions\/9243"}],"wp:featuredmedia":[{"embeddable":true,"href":"https:\/\/neversikastetxea.com\/es\/wp-json\/wp\/v2\/media\/1178"}],"wp:attachment":[{"href":"https:\/\/neversikastetxea.com\/es\/wp-json\/wp\/v2\/media?parent=10"}],"curies":[{"name":"wp","href":"https:\/\/api.w.org\/{rel}","templated":true}]}}