{"id":12,"date":"2019-05-06T08:48:23","date_gmt":"2019-05-06T06:48:23","guid":{"rendered":"https:\/\/neversikastetxea.com\/?page_id=12"},"modified":"2020-10-29T15:11:15","modified_gmt":"2020-10-29T14:11:15","slug":"somos-kristau-eskola","status":"publish","type":"page","link":"https:\/\/neversikastetxea.com\/es\/somos-kristau-eskola\/","title":{"rendered":"Somos Kristau Eskola"},"content":{"rendered":"<div class=\"wpb-content-wrapper\"><p>[vc_row css=\u00bb.vc_custom_1578575426869{padding-top: 2% !important;}\u00bb][vc_column][vc_column_text]<\/p>\n<h1>Somos Kristau Eskola<\/h1>\n<p><span style=\"font-weight: 400;\">Nevers Ikastetxea forma parte de Kristau Eskola, una red de m\u00e1s de 8.000 educadores y educadoras que ofrece un proyecto educativo de calidad e innovaci\u00f3n a 90.000 familias.<\/span>[\/vc_column_text][\/vc_column][\/vc_row][vc_row css=\u00bb.vc_custom_1578574961691{padding-top: 2% !important;padding-bottom: 4% !important;}\u00bb][vc_column][vc_column_text el_class=\u00bbcolumna-texto\u00bb]<\/p>\n<h3><strong>Kristau Eskola desarrolla su responsabilidad educativa con las siguientes competencias:<\/strong><\/h3>\n<ul>\n<li>Aprender a vivir responsablemente de forma aut\u00f3noma; a conocerse y valorarse a s\u00ed mismo como personas con un valor infinito.<\/li>\n<li>Aprender a disfrutar de forma responsable de la naturaleza y de los recursos naturales y a comprometerse en un desarrollo sostenible.<\/li>\n<li>Aprender a aprender y a pensar de manera cr\u00edtica.<\/li>\n<li>Aprender a tomar decisiones y a resolver problemas de manera estrat\u00e9gica aprovechando el m\u00e9todo cient\u00edfico pero sin magnificar el conocimiento tecnol\u00f3gico<\/li>\n<li>Aprender a comunicarse en las lenguas oficiales y en al menos una lengua extranjera, respetando las diferentes culturas y sus particularidades<\/li>\n<li>Aprender a vivir juntos, aprendiendo a mantener interacciones positivas y a utilizar el di\u00e1logo, y aprender a respetar la diversidad, manteniendo actitudes solidarias y comprometidas con la justicia social<\/li>\n<li>Aprender a hacer y a emprender, teniendo iniciativa para tomar decisiones y asumir responsabilidades<\/li>\n<\/ul>\n<p>[\/vc_column_text][\/vc_column][\/vc_row][vc_row full_width=\u00bbstretch_row_content_no_spaces\u00bb equal_height=\u00bbyes\u00bb video_bg=\u00bbyes\u00bb video_bg_url=\u00bbhttps:\/\/www.youtube.com\/watch?v=ve5J4Key8pQ&amp;t=2s\u00bb el_id=\u00bbvideoEntrance\u00bb][vc_column width=\u00bb1\/6&#8243; css=\u00bb.vc_custom_1557731171868{margin-top: 0px !important;margin-right: 0px !important;margin-bottom: 0px !important;margin-left: 0px !important;padding-top: 0px !important;padding-right: 0px !important;padding-bottom: 0px !important;padding-left: 0px !important;}\u00bb offset=\u00bbvc_hidden-sm vc_hidden-xs\u00bb][\/vc_column][vc_column width=\u00bb2\/3&#8243;][vc_empty_space height=\u00bb50px\u00bb]<style type=\"text\/css\">\n  #vckit-video-player-69f46ed2c49f4 .svg-video-player {\n    transition: 0.5s;\n    transform: scale( 1, 1 );\n  }\n\n  #vckit-video-player-69f46ed2c49f4 a:hover .svg-video-player {\n    transform: scale( 1.2, 1.2 );\n  }\n\n    \n    <\/style>\n\n<div id=\"vckit-video-player-69f46ed2c49f4\"\n  class=\"vckit-video-player  \">\n  <a href=\"https:\/\/www.youtube.com\/watch?v=ve5J4Key8pQ\" rel=\"nofollow noopener\" target=\"_blank\">\n          <svg class=\"svg-video-player\" viewBox=\"0 0 82 82\" version=\"1.1\"\n           xmlns=\"http:\/\/www.w3.org\/2000\/svg\" xmlns:xlink=\"http:\/\/www.w3.org\/1999\/xlink\" xml:space=\"preserve\"\n           x=\"0px\" y=\"0px\" width=\"82px\" height=\"82px\"\n      >\n          <path class=\"svg-video-player-border\" d=\"M 3 41 C 3 20.013 20.013 3 41 3 C 61.987 3 79 20.013 79 41 C 79 61.987 61.987 79 41 79 C 20.013 79 3 61.987 3 41 Z\"\n            stroke=\"#ffffff\" stroke-width=\"1\" fill=\"none\"\/>\n          <path class=\"svg-video-player-icon\" d=\"M 33.4 28.65 L 33.4 54.3 L 54.3 41.95 L 33.4 28.65 Z\" stroke=\"#ffffff\" stroke-width=\"1\" fill=\"none\"\/>\n      <\/svg>\n      <\/a>\n<\/div>\n\n<script>\n  jQuery(document).ready(function ($) {\n    $('#vckit-video-player-69f46ed2c49f4 a').magnificPopup({\n      type: 'iframe'\n    });\n  });\n<\/script>\n[vc_empty_space height=\u00bb100&#8243;][\/vc_column][vc_column width=\u00bb1\/6&#8243;][\/vc_column][\/vc_row][vc_row full_width=\u00bbstretch_row\u00bb el_class=\u00bbCTA\u00bb css=\u00bb.vc_custom_1577375963619{padding-top: 2% !important;padding-bottom: 2% !important;background-color: #e2e2e2 !important;}\u00bb][vc_column][vc_row_inner equal_height=\u00bbyes\u00bb content_placement=\u00bbmiddle\u00bb gap=\u00bb20&#8243;][vc_column_inner el_class=\u00bbleftColCTA\u00bb width=\u00bb1\/2&#8243; offset=\u00bbvc_hidden-sm vc_hidden-xs\u00bb][vc_column_text]<\/p>\n<h2><span style=\"color: #ffffff;\">Colegios que forman personas<\/span><\/h2>\n<p>[\/vc_column_text][\/vc_column_inner][vc_column_inner width=\u00bb1\/4&#8243; offset=\u00bbvc_hidden-sm vc_hidden-xs\u00bb]<div class=\"vckit-btn-container vckit-btn-inline\"><a class=\"vckit-btn button--winona button--size-m button--text-thin button--border-medium button--round-s vckit_custom_class_105e20a718a08c2  CTAButton seeMoreButtonNegative\" href=\"https:\/\/neversikastetxea.com\/es\/matricula\/\" title=\"\" target=\"_blank\" data-text=\"Matriculaciones\"><span>Matriculaciones<\/span><\/a><\/div>\n<style type=\"text\/css\" data-type=\"vckit-shortcode-css\" data-shortcode=\"vckit_button\">.vckit-btn.vckit_custom_class_105e20a718a08c2 { color: #ffffff}.vckit-btn.vckit_custom_class_105e20a718a08c2 { border-color: #ffffff}.vckit-btn.vckit_custom_class_105e20a718a08c2:hover { color: #f2f2f2}.vckit-btn.vckit_custom_class_105e20a718a08c2:after { color: #f2f2f2}<\/style>[\/vc_column_inner][vc_column_inner width=\u00bb1\/4&#8243; offset=\u00bbvc_hidden-sm vc_hidden-xs\u00bb]<div class=\"vckit-btn-container vckit-btn-inline\"><a class=\"vckit-btn button--winona button--size-m button--text-thin button--border-medium button--round-s vckit_custom_class_105d84763ea653c  CTAButton seeMoreButtonNegative\" href=\"http:\/\/www.kristaueskola.eus\" title=\"\" target=\"_blank\" data-text=\"Kristau Eskola\" rel=\"nofollow noopener\"><span>Kristau Eskola<\/span><\/a><\/div>\n<style type=\"text\/css\" data-type=\"vckit-shortcode-css\" data-shortcode=\"vckit_button\">.vckit-btn.vckit_custom_class_105d84763ea653c { color: #ffffff}.vckit-btn.vckit_custom_class_105d84763ea653c { border-color: #ffffff}.vckit-btn.vckit_custom_class_105d84763ea653c:hover { color: #f2f2f2}.vckit-btn.vckit_custom_class_105d84763ea653c:after { color: #f2f2f2}<\/style>[\/vc_column_inner][\/vc_row_inner][\/vc_column][\/vc_row]<\/p>\n<\/div>","protected":false},"excerpt":{"rendered":"<p>[vc_row css=\u00bb.vc_custom_1578575426869{padding-top: 2% !important;}\u00bb][vc_column][vc_column_text] Somos Kristau Eskola Nevers Ikastetxea forma parte de Kristau Eskola, una red de m\u00e1s de 8.000 educadores y educadoras que ofrece un proyecto educativo de calidad e innovaci\u00f3n a 90.000 familias.[\/vc_column_text][\/vc_column][\/vc_row][vc_row css=\u00bb.vc_custom_1578574961691{padding-top: 2% !important;padding-bottom: 4% !important;}\u00bb][vc_column][vc_column_text el_class=\u00bbcolumna-texto\u00bb] Kristau Eskola desarrolla su responsabilidad educativa con las siguientes competencias: Aprender a vivir responsablemente &hellip; <\/p>\n<p class=\"link-more\"><a href=\"https:\/\/neversikastetxea.com\/es\/somos-kristau-eskola\/\" class=\"more-link\">Seguir leyendo<span class=\"screen-reader-text\"> \u00abSomos Kristau Eskola\u00bb<\/span><\/a><\/p>\n","protected":false},"author":1,"featured_media":0,"parent":0,"menu_order":0,"comment_status":"closed","ping_status":"closed","template":"","meta":{"footnotes":""},"class_list":["post-12","page","type-page","status-publish","hentry","entry"],"_links":{"self":[{"href":"https:\/\/neversikastetxea.com\/es\/wp-json\/wp\/v2\/pages\/12","targetHints":{"allow":["GET"]}}],"collection":[{"href":"https:\/\/neversikastetxea.com\/es\/wp-json\/wp\/v2\/pages"}],"about":[{"href":"https:\/\/neversikastetxea.com\/es\/wp-json\/wp\/v2\/types\/page"}],"author":[{"embeddable":true,"href":"https:\/\/neversikastetxea.com\/es\/wp-json\/wp\/v2\/users\/1"}],"replies":[{"embeddable":true,"href":"https:\/\/neversikastetxea.com\/es\/wp-json\/wp\/v2\/comments?post=12"}],"version-history":[{"count":0,"href":"https:\/\/neversikastetxea.com\/es\/wp-json\/wp\/v2\/pages\/12\/revisions"}],"wp:attachment":[{"href":"https:\/\/neversikastetxea.com\/es\/wp-json\/wp\/v2\/media?parent=12"}],"curies":[{"name":"wp","href":"https:\/\/api.w.org\/{rel}","templated":true}]}}