{"id":1966,"date":"2019-12-27T09:58:49","date_gmt":"2019-12-27T08:58:49","guid":{"rendered":"https:\/\/neversikastetxea.com\/?page_id=1966"},"modified":"2021-01-26T11:11:57","modified_gmt":"2021-01-26T10:11:57","slug":"aviso-legal","status":"publish","type":"page","link":"https:\/\/neversikastetxea.com\/es\/aviso-legal\/","title":{"rendered":"Aviso Legal"},"content":{"rendered":"<div class=\"wpb-content-wrapper\"><p>[vc_row][vc_column][vc_row_inner][vc_column_inner][vc_column_text]<\/p>\n<h1>Aviso legal<\/h1>\n<p>[\/vc_column_text][\/vc_column_inner][\/vc_row_inner][\/vc_column][\/vc_row][vc_row][vc_column][vc_row_inner][vc_column_inner][vc_column_text]SOCIEDAD COOPERATIVA DE ENSE\u00d1ANZA NEVERS, responsable del sitio web, en adelante \u00abCentro\u00bb, pone a disposici\u00f3n de los usuarios el presente documento, con el que pretende dar cumplimiento a las obligaciones dispuestas en la Ley 34\/2002, de 11 de julio, de Servicios de la Sociedad de la Informaci\u00f3n y de Comercio Electr\u00f3nico (LSSICE), BOE N.\u00ba 166, as\u00ed como informar a todos los usuarios del sitio web respecto a cu\u00e1les son las condiciones de uso.<\/p>\n<p>Toda persona que acceda a este sitio web asume el papel de usuario, comprometi\u00e9ndose a la observancia y cumplimiento riguroso de las disposiciones aqu\u00ed dispuestas, as\u00ed como a cualquier otra disposici\u00f3n legal que fuera de aplicaci\u00f3n.<\/p>\n<p>El Centro se reserva el derecho de modificar cualquier tipo de informaci\u00f3n que pudiera aparecer en el sitio web, sin que exista obligaci\u00f3n de preavisar o poner en conocimiento de los usuarios dichas obligaciones, entendi\u00e9ndose como suficiente la publicaci\u00f3n en el sitio web del Centro.[\/vc_column_text][\/vc_column_inner][\/vc_row_inner][\/vc_column][\/vc_row][vc_row][vc_column][vc_row_inner][vc_column_inner][vc_column_text]<\/p>\n<h2 class=\"p1\">1. DATOS IDENTIFICATIVOS<\/h2>\n<p class=\"p1\">Nombre de dominio: <a href=\"https:\/\/neversikastetxea.com\" target=\"_blank\" rel=\"noopener noreferrer\">neversikastetxea.com<\/a><\/p>\n<p class=\"p1\">Nombre comercial: NEVERS IKATEXEA<\/p>\n<p class=\"p1\">Denominaci\u00f3n social: SOCIEDAD COOPERATIVA DE ENSE\u00d1ANZA NEVERS<\/p>\n<p class=\"p1\">CIF: F48170427<\/p>\n<p class=\"p1\">Domicilio social: Calle Bruno Mauricio Zabala 6, 48200 Durango (BIZKAIA)<\/p>\n<p class=\"p1\">Tel\u00e9fono: 946810946<\/p>\n<p class=\"p1\">e-mail: <a href=\"mailto:colegio@neverscooperativa.es\" target=\"_blank\" rel=\"noopener noreferrer\">colegio@neverscooperativa.es<\/a><\/p>\n<p>[\/vc_column_text][\/vc_column_inner][\/vc_row_inner][\/vc_column][\/vc_row][vc_row][vc_column][vc_row_inner][vc_column_inner][vc_column_text]<\/p>\n<h2>2. DERECHOS DE PROPIEDAD INTELECTUAL E INDUSTRIAL<\/h2>\n<p>El sitio web, incluyendo a t\u00edtulo enunciativo pero no limitativo su programaci\u00f3n, edici\u00f3n, compilaci\u00f3n y dem\u00e1s elementos necesarios para su funcionamiento, los dise\u00f1os, logotipos, texto y\/o gr\u00e1ficos, son propiedad del Centro o, si es el caso, dispone de licencia o autorizaci\u00f3n expresa por parte de los autores. Todos los contenidos del sitio web se encuentran debidamente protegidos por la normativa de propiedad intelectual e industrial, as\u00ed como inscritos en los registros p\u00fablicos correspondientes. Independientemente de la finalidad para la que fueran destinados, la reproducci\u00f3n total o parcial, uso, explotaci\u00f3n, distribuci\u00f3n y comercializaci\u00f3n, requiere en todo caso la autorizaci\u00f3n escrita previa por parte del Centro. Cualquier uso no autorizado previamente se considera un incumplimiento grave de los derechos de propiedad intelectual o industrial del autor.<\/p>\n<p>Los dise\u00f1os, logotipos, texto y\/o gr\u00e1ficos ajenos al Centro y que pudieran aparecer en el sitio web, pertenecen a sus respectivos propietarios, siendo ellos mismos responsables de cualquier posible controversia que pudiera suscitarse respecto a los mismos. El Centro autoriza expresamente a que terceros puedan redirigir directamente a los contenidos concretos del sitio web, y en todo caso redirigir al sitio web principal de neversikastetxea.com.<\/p>\n<p>El Centro reconoce a favor de sus titulares los correspondientes derechos de propiedad intelectual e industrial, no implicando su sola menci\u00f3n o aparici\u00f3n en el sitio web la existencia de derechos o responsabilidad alguna sobre los mismos, como tampoco respaldo, patrocinio o recomendaci\u00f3n por parte del mismo.<\/p>\n<p>Para realizar cualquier tipo de observaci\u00f3n respecto a posibles incumplimientos de los derechos de propiedad intelectual o industrial, as\u00ed como sobre cualquiera de los contenidos del sitio web, puede hacerlo a trav\u00e9s del correo electr\u00f3nico: <a href=\"mailto:colegio@neverscooperativa.es\" target=\"_blank\" rel=\"noopener noreferrer\">colegio@neverscooperativa.es<\/a>[\/vc_column_text][\/vc_column_inner][\/vc_row_inner][\/vc_column][\/vc_row][vc_row][vc_column][vc_row_inner][vc_column_inner][vc_column_text]<\/p>\n<h2>3. RESPONSABILIDAD POR DA\u00d1OS Y PERJUICIOS<\/h2>\n<p>El uso que hagas del Portal se realizar\u00e1 bajo tu exclusiva responsabilidad como usuario, quedando exonerado, expresamente, el Centro, de los da\u00f1os y\/o perjuicios que se causaren al usuario o a terceros por un uso contrario a lo establecido en estas Condiciones Generales y otras que fueran de aplicaci\u00f3n.<\/p>\n<p>Esta responsabilidad se extender\u00e1 al uso, que t\u00fa o cualquier tercero realic\u00e9is de las credenciales de acceso o similares, en su caso, asignadas para el acceso al Portal o a sus Servicios.<\/p>\n<p>Es importante que sepas que si incumples estas Condiciones Generales o las Condiciones Particulares que te sean de aplicaci\u00f3n, podremos denegarte el acceso nuestros servicios y contenidos sin necesidad de aviso previo[\/vc_column_text][\/vc_column_inner][\/vc_row_inner][\/vc_column][\/vc_row][vc_row][vc_column][vc_row_inner][vc_column_inner][vc_column_text]<\/p>\n<h2>4. EXCLUSION DE GARANT\u00cdAS Y RESPONSABILIDAD<\/h2>\n<p>El Centro te proporciona el acceso al sitio web, a sus contenidos y\/o servicios procurando un nivel de diligencia razonable, se espera que el usuario pueda disfrutar con su uso. No obstante, no podemos ofrecer garant\u00edas ni hacerse responsables, en ning\u00fan caso, de los da\u00f1os y perjuicios de cualquier naturaleza que pudieran derivarse de:<\/p>\n<ul>\n<li>La falta de disponibilidad, mantenimiento y efectivo funcionamiento del sitio web y\/o de sus servicios o contenidos.<\/li>\n<li>La exactitud, veracidad, actualidad y utilidad de los contenidos y\/o servicios ofrecidos y la utilizaci\u00f3n posterior que de ellos haga el usuario.<\/li>\n<li>La existencia de c\u00f3digos maliciosos o cualquier otro elemento inform\u00e1tico da\u00f1ino que pudiera causar da\u00f1os al sistema inform\u00e1tico del usuario o de terceros. Corresponde al usuario, en todo caso, disponer de herramientas adecuadas para la detecci\u00f3n y desinfecci\u00f3n de estos elementos.<\/li>\n<li>La recepci\u00f3n, obtenci\u00f3n, almacenamiento, difusi\u00f3n o transmisi\u00f3n, por tu parte, de los contenidos y la infracci\u00f3n de los derechos de propiedad intelectual, dise\u00f1os y\/o marcas, honor, intimidad personal y familiar, protecci\u00f3n de datos, imagen, propiedad o cualquier derecho de terceros a consecuencia de ello.<\/li>\n<li>El uso il\u00edcito, negligente, fraudulento, contrario a las presentes Condiciones Generales, a la buena fe, a los usos generalmente aceptados o al orden p\u00fablico, del sitio web.<\/li>\n<li>La falta de licitud, calidad, fiabilidad, utilidad, actualizaci\u00f3n y disponibilidad de los servicios prestados por terceros y puestos a tu disposici\u00f3n en el sitio web.<\/li>\n<\/ul>\n<p>[\/vc_column_text][\/vc_column_inner][\/vc_row_inner][\/vc_column][\/vc_row][vc_row][vc_column][vc_row_inner][vc_column_inner][vc_column_text]<\/p>\n<h2>5. USO DE COOKIES<\/h2>\n<p>Este sitio web puede utilizar cookies t\u00e9cnicas (peque\u00f1os archivos de informaci\u00f3n que el servidor env\u00eda al ordenador de quien accede a la p\u00e1gina) para llevar a cabo determinadas funciones que son consideradas imprescindibles para el correcto funcionamiento y visualizaci\u00f3n del sitio. Las cookies utilizadas tienen, en todo caso, car\u00e1cter temporal, con la \u00fanica finalidad de hacer m\u00e1s eficaz la navegaci\u00f3n, y desaparecen al terminar la sesi\u00f3n del usuario. En ning\u00fan caso, estas cookies proporcionan por s\u00ed mismas datos de car\u00e1cter personal y no se utilizar\u00e1n para la recogida de los mismos.<\/p>\n<p>Mediante el uso de cookies tambi\u00e9n es posible que el servidor donde se encuentra la web reconozca el navegador utilizado por el usuario con la finalidad de que la navegaci\u00f3n sea m\u00e1s sencilla, permitiendo, por ejemplo, el acceso de los usuarios que se hayan registrado previamente a las \u00e1reas, servicios, promociones o concursos reservados exclusivamente a ellos sin tener que registrarse en cada visita.Tambi\u00e9n se pueden utilizar para medir la audiencia, par\u00e1metros de tr\u00e1fico, controlar el progreso y n\u00famero de entradas, etc., siendo en estos casos cookies prescindibles t\u00e9cnicamente, pero beneficiosas para el usuario. Este sitio web no instalar\u00e1 cookies prescindibles sin el consentimiento previo del usuario.<\/p>\n<p>Este sitio web utiliza cookies propias y de terceros para fines anal\u00edticos y para mostrarle publicidad personalizada en base a un perfil elaborado a partir de sus h\u00e1bitos de navegaci\u00f3n (por ejemplo, p\u00e1ginas visitadas). A todo usuario que visita la web se le informa del uso de estas cookies mediante un banner flotante. En el caso de aceptar su uso, el banner desaparecer\u00e1, aunque en todo momento podr\u00e1 revocar el consentimiento y obtener m\u00e1s informaci\u00f3n consultando nuestra Pol\u00edtica de cookies. El usuario tiene la posibilidad de configurar su navegador para ser alertado de la recepci\u00f3n de cookies y para impedir su instalaci\u00f3n en su equipo. Por favor, consulte las instrucciones de su navegador para ampliar esta informaci\u00f3n.[\/vc_column_text][\/vc_column_inner][\/vc_row_inner][\/vc_column][\/vc_row][vc_row][vc_column][vc_row_inner][vc_column_inner][vc_column_text]<\/p>\n<h2>6. POL\u00cdTICA DE ENLACES<\/h2>\n<p>Desde el sitio web, es posible que se redirija a contenidos de terceros sitios web. Dado que el RESPONSABLE no puede controlar siempre los contenidos introducidos por terceros en sus respectivos sitios web, no asume ning\u00fan tipo de responsabilidad respecto a dichos contenidos. En todo caso, proceder\u00e1 a la retirada inmediata de cualquier contenido que pudiera contravenir la legislaci\u00f3n nacional o internacional, la moral o el orden p\u00fablico, procediendo a la retirada inmediata de la redirecci\u00f3n a dicho sitio web, poniendo en conocimiento de las autoridades competentes el contenido en cuesti\u00f3n.<\/p>\n<p>El Centro no se hace responsable de la informaci\u00f3n y contenidos almacenados, a t\u00edtulo enunciativo pero no limitativo, en foros, chats, generadores de blogs, comentarios, redes sociales o cualquier otro medio que permita a terceros publicar contenidos de forma independiente en la p\u00e1gina web del Centro. Sin embargo, y en cumplimiento de lo dispuesto en los art\u00edculos 11 y 16 de la LSSICE, se pone a disposici\u00f3n de todos los usuarios, autoridades y fuerzas de seguridad, colaborando de forma activa en la retirada o, en su caso, bloqueo de todos aquellos contenidos que puedan afectar o contravenir la legislaci\u00f3n nacional o internacional, los derechos de terceros o la moral y el orden p\u00fablico. En caso de que el usuario considere que existe en el sitio web alg\u00fan contenido que pudiera ser susceptible de esta clasificaci\u00f3n, se ruega lo notifique de forma inmediata al administrador del sitio web.<\/p>\n<p>Este sitio web se ha revisado y probado para que funcione correctamente. En principio, puede garantizarse el correcto funcionamiento los 365 d\u00edas del a\u00f1o, 24 horas al d\u00eda. Sin embargo, el Centro no descarta la posibilidad de que existan ciertos errores de programaci\u00f3n, o que acontezcan causas de fuerza mayor, cat\u00e1strofes naturales, huelgas o circunstancias semejantes que hagan imposible el acceso a la p\u00e1gina web.[\/vc_column_text][\/vc_column_inner][\/vc_row_inner][\/vc_column][\/vc_row][vc_row][vc_column][vc_row_inner][vc_column_inner][vc_column_text]<\/p>\n<h2>7. DIRECCIONES IP<\/h2>\n<p>Los servidores del sitio web podr\u00e1n detectar de manera autom\u00e1tica la direcci\u00f3n IP y el nombre de dominio utilizados por el usuario. Una direcci\u00f3n IP es un n\u00famero asignado autom\u00e1ticamente a un ordenador cuando este se conecta a Internet. Toda esta informaci\u00f3n se registra en un fichero de actividad del servidor debidamente inscrito que permite el posterior procesamiento de los datos con el fin de obtener mediciones \u00fanicamente estad\u00edsticas que permitan conocer el n\u00famero de impresiones de p\u00e1ginas, el n\u00famero de visitas realizadas a los servidores web, el orden de visitas, el punto de acceso, etc.[\/vc_column_text][\/vc_column_inner][\/vc_row_inner][\/vc_column][\/vc_row][vc_row][vc_column][vc_row_inner][vc_column_inner][vc_column_text]<\/p>\n<h2>8. LEY APLICABLE Y JURISDICCI\u00d3N<\/h2>\n<p>Para la resoluci\u00f3n de todas las controversias o cuestiones relacionadas con el presente sitio web o de las actividades en \u00e9l desarrolladas, ser\u00e1 de aplicaci\u00f3n la legislaci\u00f3n espa\u00f1ola, a la que se someten expresamente las partes, siendo competentes para la resoluci\u00f3n de todos los conflictos derivados o relacionados con su uso los Juzgados y Tribunales m\u00e1s cercanos a Durango (Vizcaya).[\/vc_column_text][\/vc_column_inner][\/vc_row_inner][\/vc_column][\/vc_row]<\/p>\n<\/div>","protected":false},"excerpt":{"rendered":"<p>[vc_row][vc_column][vc_row_inner][vc_column_inner][vc_column_text] Aviso legal [\/vc_column_text][\/vc_column_inner][\/vc_row_inner][\/vc_column][\/vc_row][vc_row][vc_column][vc_row_inner][vc_column_inner][vc_column_text]SOCIEDAD COOPERATIVA DE ENSE\u00d1ANZA NEVERS, responsable del sitio web, en adelante \u00abCentro\u00bb, pone a disposici\u00f3n de los usuarios el presente documento, con el que pretende dar cumplimiento a las obligaciones dispuestas en la Ley 34\/2002, de 11 de julio, de Servicios de la Sociedad de la Informaci\u00f3n y de Comercio Electr\u00f3nico (LSSICE), &hellip; <\/p>\n<p class=\"link-more\"><a href=\"https:\/\/neversikastetxea.com\/es\/aviso-legal\/\" class=\"more-link\">Seguir leyendo<span class=\"screen-reader-text\"> \u00abAviso Legal\u00bb<\/span><\/a><\/p>\n","protected":false},"author":1,"featured_media":0,"parent":0,"menu_order":0,"comment_status":"closed","ping_status":"closed","template":"","meta":{"footnotes":""},"class_list":["post-1966","page","type-page","status-publish","hentry","entry"],"_links":{"self":[{"href":"https:\/\/neversikastetxea.com\/es\/wp-json\/wp\/v2\/pages\/1966","targetHints":{"allow":["GET"]}}],"collection":[{"href":"https:\/\/neversikastetxea.com\/es\/wp-json\/wp\/v2\/pages"}],"about":[{"href":"https:\/\/neversikastetxea.com\/es\/wp-json\/wp\/v2\/types\/page"}],"author":[{"embeddable":true,"href":"https:\/\/neversikastetxea.com\/es\/wp-json\/wp\/v2\/users\/1"}],"replies":[{"embeddable":true,"href":"https:\/\/neversikastetxea.com\/es\/wp-json\/wp\/v2\/comments?post=1966"}],"version-history":[{"count":0,"href":"https:\/\/neversikastetxea.com\/es\/wp-json\/wp\/v2\/pages\/1966\/revisions"}],"wp:attachment":[{"href":"https:\/\/neversikastetxea.com\/es\/wp-json\/wp\/v2\/media?parent=1966"}],"curies":[{"name":"wp","href":"https:\/\/api.w.org\/{rel}","templated":true}]}}