{"id":20,"date":"2019-05-06T08:49:07","date_gmt":"2019-05-06T06:49:07","guid":{"rendered":"https:\/\/neversikastetxea.com\/?page_id=20"},"modified":"2026-01-30T12:42:32","modified_gmt":"2026-01-30T11:42:32","slug":"educacion-primaria","status":"publish","type":"page","link":"https:\/\/neversikastetxea.com\/es\/educacion-primaria\/","title":{"rendered":"Educaci\u00f3n Primaria 6-12"},"content":{"rendered":"<div class=\"wpb-content-wrapper\"><p>[vc_row css=\u00bb.vc_custom_1618825007200{padding-top: 2% !important;padding-bottom: 2% !important;background-position: center !important;background-repeat: no-repeat !important;background-size: cover !important;}\u00bb el_class=\u00bbCTA fadeInCTA\u00bb][vc_column css=\u00bb.vc_custom_1558353168042{padding-top: 0px !important;}\u00bb][vc_row_inner content_placement=\u00bbmiddle\u00bb css=\u00bb.vc_custom_1578567703917{background-position: center !important;background-repeat: no-repeat !important;background-size: cover !important;}\u00bb el_class=\u00bbCTATituloInterior\u00bb][vc_column_inner width=\u00bb1\/4&#8243; css=\u00bb.vc_custom_1558352909401{margin-bottom: 0px !important;}\u00bb][vc_raw_html]JTNDYSUyMHN0eWxlJTNEJTIydGV4dC1hbGlnbiUzQSUyMGxlZnQlM0IlMjIlMjBjbGFzcyUzRCUyMm5hdlN1cEVkdWNhY2lvbiUyMiUyMGhyZWYlM0QlMjIuLiUyRmVkdWNhY2lvbi1pbmZhbnRpbCUyMiUzRUVkdWNhY2klQzMlQjNuJTIwSW5mYW50aWwlMjAwLTYlM0NzcGFuJTIwY2xhc3MlM0QlMjJmbGVjaGFJenF1aWVyZGElMjIlM0UlM0MlMkZzcGFuJTNFJTNDJTJGYSUzRQ==[\/vc_raw_html][\/vc_column_inner][vc_column_inner width=\u00bb1\/2&#8243;][vc_column_text]<\/p>\n<h3 style=\"text-align: center;\"><span style=\"color: #ffffff;\">Educaci\u00f3n Primaria<\/span><br \/>\n<span style=\"color: #ffffff;\">(6-12 a\u00f1os)<\/span><\/h3>\n<p>[\/vc_column_text][\/vc_column_inner][vc_column_inner width=\u00bb1\/4&#8243; css=\u00bb.vc_custom_1561541175640{margin-bottom: 0px !important;}\u00bb][vc_raw_html]JTNDYSUyMHN0eWxlJTNEJTIydGV4dC1hbGlnbiUzQXJpZ2h0JTNCJTIyJTIwY2xhc3MlM0QlMjJuYXZTdXBFZHVjYWNpb24lMjIlMjBocmVmJTNEJTIyLi4lMkZlZHVjYWNpb24tc2VjdW5kYXJpYS1vYmxpZ2F0b3JpYSUyMiUzRUVkdWNhY2klQzMlQjNuJTIwU2VjdW5kYXJpYSUyMDEyLTE2JTNDc3BhbiUyMGNsYXNzJTNEJTIyZmxlY2hhRGVyZWNoYSUyMiUzRSUzQyUyRnNwYW4lM0UlM0MlMkZhJTNF[\/vc_raw_html][\/vc_column_inner][\/vc_row_inner][vc_row_inner][vc_column_inner][vc_column_text]<\/p>\n<h4 style=\"text-align: center;\"><span style=\"color: #ffffff;\">En Nevers Ikastetxea encontrar\u00e1s un entorno cercano y familiar, gracias a esto te ofrecemos una educaci\u00f3n individualizada, eficaz, integral y de alta calidad, desde 0 a 16 a\u00f1os.<\/span><\/h4>\n<p>[\/vc_column_text][\/vc_column_inner][\/vc_row_inner][vc_empty_space height=\u00bb50&#8243;][vc_row_inner content_placement=\u00bbmiddle\u00bb][vc_column_inner width=\u00bb2\/5&#8243;]<div class=\"vckit-btn-container vckit-btn-center\"><a class=\"vckit-btn button--winona button--size-m button--text-thin button--border-thin button--round-s vckit_custom_class_861cb0c7d02bcf  seeMoreButton\" href=\"#visitaguiada\" title=\"\" data-text=\"Reservar visita guiada\"><span>Reservar visita guiada<\/span><\/a><\/div>\n<style type=\"text\/css\" data-type=\"vckit-shortcode-css\" data-shortcode=\"vckit_button\">.vckit-btn.vckit_custom_class_861cb0c7d02bcf { border-color: #1e73be}<\/style>[\/vc_column_inner][vc_column_inner width=\u00bb1\/5&#8243;][vc_empty_space height=\u00bb32&#8243;][\/vc_column_inner][vc_column_inner width=\u00bb2\/5&#8243;]<div class=\"vckit-btn-container vckit-btn-center\"><a class=\"vckit-btn button--winona button--size-m button--text-thin button--border-thin button--round-s vckit_custom_class_1061cb0c8e6bfa1  seeMoreButton\" href=\"https:\/\/tourmkr.com\/G188iS0JJA\/26357918p&amp;147.84h&amp;88.13t\" title=\"\" target=\"_blank\" data-text=\"Ver visita virtual\" rel=\"nofollow noopener\"><span>Ver visita virtual<\/span><\/a><\/div>\n<style type=\"text\/css\" data-type=\"vckit-shortcode-css\" data-shortcode=\"vckit_button\">.vckit-btn.vckit_custom_class_1061cb0c8e6bfa1 { border-color: #1e73be}<\/style>[\/vc_column_inner][\/vc_row_inner][vc_empty_space height=\u00bb32&#8243;][\/vc_column][\/vc_row][vc_row el_class=\u00bbproyectosBlock\u00bb css=\u00bb.vc_custom_1578572464489{padding-top: 3% !important;padding-bottom: 3% !important;}\u00bb][vc_column offset=\u00bbvc_col-xs-12&#8243;][vc_row_inner content_placement=\u00bbmiddle\u00bb el_class=\u00bbreverse_order\u00bb][vc_column_inner el_class=\u00bbpad-right\u00bb width=\u00bb1\/3&#8243;][vc_column_text css=\u00bb\u00bb]<\/p>\n<h2>Educaci\u00f3n Primaria<\/h2>\n<p>A lo largo de la etapa de <strong>Educaci\u00f3n Primaria<\/strong> (LH1-LH6), dirigida al alumnado de 6 a 12 a\u00f1os, nuestro objetivo es acompa\u00f1ar a cada alumna y alumno en su crecimiento, ayud\u00e1ndoles a aprender con sentido, autonom\u00eda y seguridad, y prepar\u00e1ndose de manera s\u00f3lida para las siguientes etapas educativas.<\/p>\n<p>El aprendizaje se plantea de manera activa y significativa, combinando el <strong><a href=\"https:\/\/neversikastetxea.com\/aprendizaje-basado-en-proyectos\/\">trabajo por proyectos<\/a><\/strong>, las din\u00e1micas cooperativas y el trabajo individual, lo que permite desarrollar habilidades sociales, fomentar la autonom\u00eda y atender las necesidades de cada alumna y alumno. Se promueven h\u00e1bitos de estudio, organizaci\u00f3n y responsabilidad adaptados a cada etapa.[\/vc_column_text][\/vc_column_inner][vc_column_inner width=\u00bb1\/3&#8243;][vc_single_image image=\u00bb9023&#8243; img_size=\u00bb600&#215;800&#8243; alignment=\u00bbcenter\u00bb css=\u00bb\u00bb][\/vc_column_inner][vc_column_inner width=\u00bb1\/3&#8243;][vc_single_image image=\u00bb9024&#8243; img_size=\u00bb330&#215;515&#8243; alignment=\u00bbcenter\u00bb css=\u00bb\u00bb][\/vc_column_inner][\/vc_row_inner][\/vc_column][\/vc_row][vc_row][vc_column][vc_single_image image=\u00bb1182&#8243; css_animation=\u00bbfadeIn\u00bb css=\u00bb.vc_custom_1568293285108{margin-bottom: 0px !important;}\u00bb el_class=\u00bbhorLine\u00bb][\/vc_column][\/vc_row][vc_row el_class=\u00bbproyectosBlock\u00bb css=\u00bb.vc_custom_1578572525000{padding-top: 4% !important;padding-bottom: 4% !important;}\u00bb][vc_column offset=\u00bbvc_col-xs-12&#8243;][vc_row_inner content_placement=\u00bbmiddle\u00bb][vc_column_inner el_class=\u00bbmarkedImageContainer\u00bb width=\u00bb1\/2&#8243;][vc_single_image image=\u00bb8813&#8243; img_size=\u00bblarge\u00bb css=\u00bb\u00bb el_class=\u00bbimageFrame3 imageBorderMovement\u00bb][vc_empty_space height=\u00bb32&#8243;][vc_single_image image=\u00bb8814&#8243; img_size=\u00bblarge\u00bb css=\u00bb\u00bb el_class=\u00bbimageFrame3 imageBorderMovement\u00bb][\/vc_column_inner][vc_column_inner el_class=\u00bbpad-left\u00bb width=\u00bb1\/2&#8243;][vc_column_text css=\u00bb\u00bb]La lectura es un eje prioritario en esta etapa, la cual se trabaja mediante un <strong><a href=\"https:\/\/neversikastetxea.com\/es\/programa-lectoescritor\/\">programa espec\u00edfico para reforzar el h\u00e1bito lector<\/a><\/strong>, la fluidez y la comprensi\u00f3n, especialmente en los primeros cursos, donde se acompa\u00f1a de manera cercana el proceso lector.<\/p>\n<p><strong><a href=\"https:\/\/neversikastetxea.com\/es\/tecnologia-educativa\/\">La tecnolog\u00eda<\/a><\/strong> se integra de forma progresiva y responsable, siempre con un criterio pedag\u00f3gico claro y manteniendo el equilibrio con el trabajo en papel, fundamental para desarrollar la escritura, la atenci\u00f3n y el razonamiento. Asimismo, se incorpora el pensamiento computacional desde los primeros cursos, primero mediante actividades desenchufables y, m\u00e1s adelante, a trav\u00e9s de la programaci\u00f3n y la rob\u00f3tica educativa.<\/p>\n<p>El aprendizaje de lenguas se trabaja desde un enfoque comunicativo y continuo. <a href=\"https:\/\/neversikastetxea.com\/trilinguismo\/\"><strong>El tercer idioma<\/strong><\/a>, iniciado en <strong><a href=\"https:\/\/neversikastetxea.com\/es\/educacion-infantil\/\">Educaci\u00f3n Infantil,<\/a><\/strong> se consolida a lo largo de esta etapa mediante experiencias de uso real que fortalecen la comprensi\u00f3n, la expresi\u00f3n oral y la confianza del alumnado.[\/vc_column_text][\/vc_column_inner][\/vc_row_inner][vc_row_inner content_placement=\u00bbmiddle\u00bb css=\u00bb.vc_custom_1578570745971{margin-top: 4% !important;}\u00bb][vc_column_inner el_class=\u00bbmarkedImageContainer\u00bb offset=\u00bbvc_hidden-sm vc_hidden-xs\u00bb][vc_column_text]<\/p>\n<h4>Descubre m\u00e1s sobre algunos proyectos y metodolog\u00edas del ciclo de Primaria:<\/h4>\n<p>[\/vc_column_text][\/vc_column_inner][\/vc_row_inner][vc_row_inner equal_height=\u00bbyes\u00bb][vc_column_inner el_class=\u00bbmarkedImageContainer\u00bb width=\u00bb1\/3&#8243; offset=\u00bbvc_hidden-sm vc_hidden-xs\u00bb][vc_column_text]<\/p>\n<ul>\n<li>Modelos B-D<\/li>\n<li><a href=\"https:\/\/neversikastetxea.com\/es\/aprendizaje-basado-en-proyectos\/\">Aprendizaje basado en proyectos<\/a><\/li>\n<li><a href=\"https:\/\/neversikastetxea.com\/es\/trilinguismo\/\">Triling\u00fcismo<\/a><\/li>\n<li><a href=\"https:\/\/neversikastetxea.com\/es\/programa-lectoescritor\/\">Programa de lectoescritura<\/a><\/li>\n<\/ul>\n<p>[\/vc_column_text][\/vc_column_inner][vc_column_inner width=\u00bb1\/3&#8243;][vc_column_text]<\/p>\n<ul>\n<li>Programa de apoyo a las lenguas<\/li>\n<li><a href=\"https:\/\/neversikastetxea.com\/es\/servicio-psicopedagogico-y-logopedico\/\">Servicios de apoyos:<\/a>\n<ul>\n<li><a href=\"https:\/\/neversikastetxea.com\/es\/servicio-psicopedagogico-y-logopedico\/\">Psicopedag\u00f3gico<\/a><\/li>\n<li><a href=\"https:\/\/neversikastetxea.com\/es\/servicio-psicopedagogico-y-logopedico\/\">Logop\u00e9dico<\/a><\/li>\n<\/ul>\n<\/li>\n<li><a href=\"https:\/\/neversikastetxea.com\/es\/coeducacion\/\">Aprendizaje colaborativo: Coeducaci\u00f3n<\/a><\/li>\n<li><a href=\"https:\/\/neversikastetxea.com\/es\/tecnologia-educativa\/\">Creatividad tecnol\u00f3gica I<\/a>\n<ul>\n<li><a href=\"https:\/\/neversikastetxea.com\/es\/tecnologia-educativa\/\">1&#215;1 Chromebooks<\/a><\/li>\n<\/ul>\n<\/li>\n<\/ul>\n<p>[\/vc_column_text][\/vc_column_inner][vc_column_inner width=\u00bb1\/3&#8243;][vc_column_text]<\/p>\n<ul>\n<li><a href=\"https:\/\/neversikastetxea.com\/es\/nevers-berdea\/\">Nevers Berdea<\/a><\/li>\n<li>Estancias de varios d\u00edas<\/li>\n<li><a href=\"https:\/\/neversikastetxea.com\/es\/3k-deporte-gestion-y-calidad\/\">3K deportes<\/a><\/li>\n<li><a href=\"https:\/\/neversikastetxea.com\/es\/culturales\/\">Actividades extraescolares culturales<\/a><\/li>\n<li><a href=\"https:\/\/neversikastetxea.com\/es\/actividades-deportivas\/\">Actividades extraescolares deportivas<\/a><\/li>\n<\/ul>\n<p>[\/vc_column_text][\/vc_column_inner][\/vc_row_inner][\/vc_column][\/vc_row][vc_row el_class=\u00bbproyectosBlock\u00bb css=\u00bb.vc_custom_1618824517897{padding-top: 4% !important;padding-bottom: 4% !important;background-color: #172e41 !important;}\u00bb][vc_column offset=\u00bbvc_col-xs-12&#8243;][vc_row_inner el_id=\u00bbvisitaguiada\u00bb][vc_column_inner width=\u00bb2\/3&#8243;][vc_column_text]<\/p>\n<h2><span style=\"color: #ffffff;\">RESERVA TU VISITA PERSONALIZADA<\/span><\/h2>\n<p>[\/vc_column_text][vc_column_text]<\/p>\n<h3><span style=\"color: #ffffff;\">Ven a visitar el centro para ver las instalaciones de la nueva guarder\u00eda, conocer al profesorado y empezar a vivir la experiencia Nevers. Reserva una visita personalizada rellenando el formulario o llamando al 946 81 09 46.<\/span><\/h3>\n<p>[\/vc_column_text][\/vc_column_inner][vc_column_inner width=\u00bb1\/3&#8243;]\n<div class=\"wpcf7 no-js\" id=\"wpcf7-f4171-o1\" lang=\"es-ES\" dir=\"ltr\" data-wpcf7-id=\"4171\">\n<div class=\"screen-reader-response\"><p role=\"status\" aria-live=\"polite\" aria-atomic=\"true\"><\/p> <ul><\/ul><\/div>\n<form action=\"\/es\/wp-json\/wp\/v2\/pages\/20#wpcf7-f4171-o1\" method=\"post\" class=\"wpcf7-form init\" aria-label=\"Formulario de contacto\" novalidate=\"novalidate\" data-status=\"init\">\n<fieldset class=\"hidden-fields-container\"><input type=\"hidden\" name=\"_wpcf7\" value=\"4171\" \/><input type=\"hidden\" name=\"_wpcf7_version\" value=\"6.1.5\" \/><input type=\"hidden\" name=\"_wpcf7_locale\" value=\"es_ES\" \/><input type=\"hidden\" name=\"_wpcf7_unit_tag\" value=\"wpcf7-f4171-o1\" \/><input type=\"hidden\" name=\"_wpcf7_container_post\" value=\"0\" \/><input type=\"hidden\" name=\"_wpcf7_posted_data_hash\" value=\"\" \/>\n<\/fieldset>\n<p><span id=\"wpcf7-69f61fec9531a-wrapper\" class=\"wpcf7-form-control-wrap potipoti-554-wrap\" style=\"display:none !important; visibility:hidden !important;\"><label for=\"wpcf7-69f61fec9531a-field\" class=\"hp-message\">Por favor, deja este campo vac\u00edo.<\/label><input id=\"wpcf7-69f61fec9531a-field\"  class=\"wpcf7-form-control wpcf7-text\" type=\"text\" name=\"potipoti-554\" value=\"\" size=\"40\" tabindex=\"-1\" autocomplete=\"new-password\" \/><\/span>\n<\/p>\n<p><span style=\"color: #ffffff;\">Nombre (obligatorio)<\/span><\n<\/p>\n<p><span class=\"wpcf7-form-control-wrap\" data-name=\"nombre\"><input size=\"40\" maxlength=\"400\" class=\"wpcf7-form-control wpcf7-text wpcf7-validates-as-required\" aria-required=\"true\" aria-invalid=\"false\" value=\"\" type=\"text\" name=\"nombre\" \/><\/span>\n<\/p>\n<p><span style=\"color: #ffffff;\">Apellidos (obligatorio)<\/span><\n<\/p>\n<p><span class=\"wpcf7-form-control-wrap\" data-name=\"apellidos\"><input size=\"40\" maxlength=\"400\" class=\"wpcf7-form-control wpcf7-text wpcf7-validates-as-required\" aria-required=\"true\" aria-invalid=\"false\" value=\"\" type=\"text\" name=\"apellidos\" \/><\/span>\n<\/p>\n<p><span style=\"color: #ffffff;\">Tel\u00e9fono (obligatorio)<\/span><\n<\/p>\n<p><span class=\"wpcf7-form-control-wrap\" data-name=\"Telfono\"><input size=\"40\" maxlength=\"400\" class=\"wpcf7-form-control wpcf7-tel wpcf7-validates-as-required wpcf7-text wpcf7-validates-as-tel\" aria-required=\"true\" aria-invalid=\"false\" value=\"\" type=\"tel\" name=\"Telfono\" \/><\/span>\n<\/p>\n<p><span style=\"color: #ffffff;\">E-mail (requerido)<\/span><\n<\/p>\n<p><span class=\"wpcf7-form-control-wrap\" data-name=\"email\"><input size=\"40\" maxlength=\"400\" class=\"wpcf7-form-control wpcf7-email wpcf7-validates-as-required wpcf7-text wpcf7-validates-as-email\" aria-required=\"true\" aria-invalid=\"false\" value=\"\" type=\"email\" name=\"email\" \/><\/span>\n<\/p>\n<p><span style=\"color: #ffffff;\">Cu\u00e9ntanos qu\u00e9 d\u00edas te vienen bien y nos pondremos en contacto contigo.<\/span><\n<\/p>\n<p><span class=\"wpcf7-form-control-wrap\" data-name=\"textarea\"><textarea cols=\"40\" rows=\"10\" maxlength=\"2000\" class=\"wpcf7-form-control wpcf7-textarea\" aria-invalid=\"false\" name=\"textarea\"><\/textarea><\/span>\n<\/p>\n<p><span style=\"color: #ffffff;\"><span class=\"wpcf7-form-control-wrap\" data-name=\"Legal\"><span class=\"wpcf7-form-control wpcf7-checkbox wpcf7-validates-as-required\" id=\"condicionesContactForm\"><span class=\"wpcf7-list-item first last\"><input type=\"checkbox\" name=\"Legal[]\" value=\"He le\u00eddo y acepto las condiciones.\" \/><span class=\"wpcf7-list-item-label\">He le\u00eddo y acepto las condiciones.<\/span><\/span><\/span><\/span><\/span><br \/>\n<span style=\"color: #ffffff;\"><!-- Mailchimp for WordPress v4.12.2 - https:\/\/www.mc4wp.com\/ --><input type=\"hidden\" name=\"_mc4wp_subscribe_contact-form-7\" value=\"0\" \/><span class=\"mc4wp-checkbox mc4wp-checkbox-contact-form-7 \"><label><input type=\"checkbox\" name=\"_mc4wp_subscribe_contact-form-7\" value=\"1\" checked=\"checked\"><span>Quiero suscribirme a la lista de correo<\/span><\/label><\/span><!-- \/ Mailchimp for WordPress --><\/span>\n<\/p>\n<p><input class=\"wpcf7-form-control wpcf7-submit has-spinner\" type=\"submit\" value=\"Quiero conocer Nevers Ikastetxea\" \/>\n<\/p><div class=\"wpcf7-response-output\" aria-hidden=\"true\"><\/div>\n<\/form>\n<\/div>\n[\/vc_column_inner][\/vc_row_inner][\/vc_column][\/vc_row][vc_row disable_element=\u00bbyes\u00bb el_class=\u00bbCTA\u00bb css=\u00bb.vc_custom_1579249066622{padding-top: 4% !important;padding-bottom: 4% !important;background-color: #e2e2e2 !important;}\u00bb][vc_column][vc_row_inner content_placement=\u00bbmiddle\u00bb][vc_column_inner width=\u00bb2\/3&#8243;][vc_column_text]<\/p>\n<h2><span style=\"color: #ffffff;\">Prospecto de Educaci\u00f3n Primaria<\/span><\/h2>\n<h4><span style=\"color: #ffffff;\"><span style=\"font-weight: 400;\">Desc\u00e1rgate el prospecto de Educaci\u00f3n Primaria para aprender m\u00e1s sobre este ciclo.\u00a0<\/span><\/span><\/h4>\n<p>[\/vc_column_text][\/vc_column_inner][vc_column_inner width=\u00bb1\/3&#8243;]<div class=\"vckit-btn-container vckit-btn-center\"><a class=\"vckit-btn button--winona button--size-m button--text-thin button--border-medium button--round-s vckit_custom_class_85e16f2b1e1d6a  CTAButton seeMoreButtonNegative  vc_custom_1578562236231 button--text-upper\" href=\"https:\/\/neversikastetxea.com\/matricula\/\" title=\"Matr\u00edcula\" data-text=\"MATRICULACIONES\"><span>MATRICULACIONES<\/span><\/a><\/div>\n<style type=\"text\/css\" data-type=\"vckit-shortcode-css\" data-shortcode=\"vckit_button\">.vckit-btn.vckit_custom_class_85e16f2b1e1d6a { color: #ffffff}.vckit-btn.vckit_custom_class_85e16f2b1e1d6a { border-color: #ffffff}<\/style>[\/vc_column_inner][\/vc_row_inner][\/vc_column][\/vc_row]<\/p>\n<\/div>","protected":false},"excerpt":{"rendered":"<p>[vc_row css=\u00bb.vc_custom_1618825007200{padding-top: 2% !important;padding-bottom: 2% !important;background-position: center !important;background-repeat: no-repeat !important;background-size: cover !important;}\u00bb el_class=\u00bbCTA fadeInCTA\u00bb][vc_column css=\u00bb.vc_custom_1558353168042{padding-top: 0px !important;}\u00bb][vc_row_inner content_placement=\u00bbmiddle\u00bb css=\u00bb.vc_custom_1578567703917{background-position: center !important;background-repeat: no-repeat !important;background-size: cover !important;}\u00bb el_class=\u00bbCTATituloInterior\u00bb][vc_column_inner width=\u00bb1\/4&#8243; css=\u00bb.vc_custom_1558352909401{margin-bottom: 0px !important;}\u00bb][vc_raw_html]JTNDYSUyMHN0eWxlJTNEJTIydGV4dC1hbGlnbiUzQSUyMGxlZnQlM0IlMjIlMjBjbGFzcyUzRCUyMm5hdlN1cEVkdWNhY2lvbiUyMiUyMGhyZWYlM0QlMjIuLiUyRmVkdWNhY2lvbi1pbmZhbnRpbCUyMiUzRUVkdWNhY2klQzMlQjNuJTIwSW5mYW50aWwlMjAwLTYlM0NzcGFuJTIwY2xhc3MlM0QlMjJmbGVjaGFJenF1aWVyZGElMjIlM0UlM0MlMkZzcGFuJTNFJTNDJTJGYSUzRQ==[\/vc_raw_html][\/vc_column_inner][vc_column_inner width=\u00bb1\/2&#8243;][vc_column_text] Educaci\u00f3n Primaria (6-12 a\u00f1os) [\/vc_column_text][\/vc_column_inner][vc_column_inner width=\u00bb1\/4&#8243; css=\u00bb.vc_custom_1561541175640{margin-bottom: 0px !important;}\u00bb][vc_raw_html]JTNDYSUyMHN0eWxlJTNEJTIydGV4dC1hbGlnbiUzQXJpZ2h0JTNCJTIyJTIwY2xhc3MlM0QlMjJuYXZTdXBFZHVjYWNpb24lMjIlMjBocmVmJTNEJTIyLi4lMkZlZHVjYWNpb24tc2VjdW5kYXJpYS1vYmxpZ2F0b3JpYSUyMiUzRUVkdWNhY2klQzMlQjNuJTIwU2VjdW5kYXJpYSUyMDEyLTE2JTNDc3BhbiUyMGNsYXNzJTNEJTIyZmxlY2hhRGVyZWNoYSUyMiUzRSUzQyUyRnNwYW4lM0UlM0MlMkZhJTNF[\/vc_raw_html][\/vc_column_inner][\/vc_row_inner][vc_row_inner][vc_column_inner][vc_column_text] En Nevers Ikastetxea encontrar\u00e1s un entorno cercano y familiar, gracias a esto te ofrecemos una &hellip; <\/p>\n<p class=\"link-more\"><a href=\"https:\/\/neversikastetxea.com\/es\/educacion-primaria\/\" class=\"more-link\">Seguir leyendo<span class=\"screen-reader-text\"> \u00abEducaci\u00f3n Primaria 6-12\u00bb<\/span><\/a><\/p>\n","protected":false},"author":1,"featured_media":1178,"parent":0,"menu_order":0,"comment_status":"closed","ping_status":"closed","template":"","meta":{"footnotes":""},"class_list":["post-20","page","type-page","status-publish","has-post-thumbnail","hentry","entry"],"_links":{"self":[{"href":"https:\/\/neversikastetxea.com\/es\/wp-json\/wp\/v2\/pages\/20","targetHints":{"allow":["GET"]}}],"collection":[{"href":"https:\/\/neversikastetxea.com\/es\/wp-json\/wp\/v2\/pages"}],"about":[{"href":"https:\/\/neversikastetxea.com\/es\/wp-json\/wp\/v2\/types\/page"}],"author":[{"embeddable":true,"href":"https:\/\/neversikastetxea.com\/es\/wp-json\/wp\/v2\/users\/1"}],"replies":[{"embeddable":true,"href":"https:\/\/neversikastetxea.com\/es\/wp-json\/wp\/v2\/comments?post=20"}],"version-history":[{"count":16,"href":"https:\/\/neversikastetxea.com\/es\/wp-json\/wp\/v2\/pages\/20\/revisions"}],"predecessor-version":[{"id":9239,"href":"https:\/\/neversikastetxea.com\/es\/wp-json\/wp\/v2\/pages\/20\/revisions\/9239"}],"wp:featuredmedia":[{"embeddable":true,"href":"https:\/\/neversikastetxea.com\/es\/wp-json\/wp\/v2\/media\/1178"}],"wp:attachment":[{"href":"https:\/\/neversikastetxea.com\/es\/wp-json\/wp\/v2\/media?parent=20"}],"curies":[{"name":"wp","href":"https:\/\/api.w.org\/{rel}","templated":true}]}}