{"id":2095,"date":"2020-01-03T12:04:28","date_gmt":"2020-01-03T11:04:28","guid":{"rendered":"https:\/\/neversikastetxea.com\/?page_id=2095"},"modified":"2020-03-30T17:46:48","modified_gmt":"2020-03-30T15:46:48","slug":"ebook-educacion-infantil","status":"publish","type":"page","link":"https:\/\/neversikastetxea.com\/es\/ebook-educacion-infantil\/","title":{"rendered":"Ebook Educaci\u00f3n infantil"},"content":{"rendered":"<div class=\"wpb-content-wrapper\"><p>[vc_row css=\u00bb.vc_custom_1577709875238{padding-top: 5% !important;padding-bottom: 2% !important;}\u00bb][vc_column][vc_row_inner disable_element=\u00bbyes\u00bb css=\u00bb.vc_custom_1585579728102{padding-left: 100px !important;}\u00bb][vc_column_inner width=\u00bb1\/2&#8243; css=\u00bb.vc_custom_1577709912569{padding-right: 100px !important;}\u00bb][vc_column_text]<\/p>\n<h4><em>Descarga el ebook<\/em><\/h4>\n<p>[\/vc_column_text][vc_column_text]<\/p>\n<h2><strong>Descubre nuestras metodolog\u00edas pedag\u00f3gicas en educaci\u00f3n infantil<\/strong><\/h2>\n<p>[\/vc_column_text][vc_empty_space][vc_column_text]Un colegio actual y adaptado a las demandas sociales y laborales del siglo XXI. Nos caracterizamos por formar personas creativas, colaborativas, cr\u00edticas, competentes, tecnol\u00f3gicas, pluriling\u00fces y aut\u00f3nomas.<\/p>\n<p><strong>Este documento incluye:<\/strong><\/p>\n<ul>\n<li><strong>Carta presentaci\u00f3n\u00a0<\/strong><\/li>\n<li><strong>Metodolog\u00eda educativa. <\/strong>Os explicamos la metodolog\u00eda de ense\u00f1anza-aprendizaje basada en proyectos y los diferentes proyectos educativos; estimulaci\u00f3n temprana, triling\u00fcismo, programa lectoescritor, coeducaci\u00f3n y tecnolog\u00eda educativa.<\/li>\n<li><strong>Comedor<\/strong>. Le damos gran importancia a la nutrici\u00f3n con un men\u00fa casero y variado cocinado en el colegio y una educaci\u00f3n alimentaria y nutricional en el aula.<\/li>\n<li><strong>Actividades extraescolares<\/strong>. Conoce las actividades espec\u00edficas para el alumnado de educaci\u00f3n infantil.<\/li>\n<li><strong>Matriculaci\u00f3n.<\/strong>Toda la informaci\u00f3n y documentaci\u00f3n necesaria para la realizaci\u00f3n de la matr\u00edcula.<\/li>\n<\/ul>\n<p>[\/vc_column_text][\/vc_column_inner][vc_column_inner width=\u00bb1\/2&#8243;][vc_single_image image=\u00bb1723&#8243; img_size=\u00bblarge\u00bb alignment=\u00bbcenter\u00bb style=\u00bbvc_box_shadow\u00bb css=\u00bb.vc_custom_1577708934669{padding-right: 100px !important;padding-bottom: 20px !important;padding-left: 100px !important;}\u00bb][vc_column_text]<\/p>\n<h4>\u00bfQuieres conocer todos los detalles?<br \/>\n\u00a1Rellena el formulario y descarga toda la informaci\u00f3n!<\/h4>\n<p>[\/vc_column_text][vc_raw_html]JTNDZGl2JTNFJTBBJTNDc3R5bGUlMjB0eXBlJTNEJTIydGV4dCUyRmNzcyUyMiUyMHNjb3BlZCUzRSUwQSUyMCUyMCUyMCUyMC5tYXV0aWNmb3JtX3dyYXBwZXIlMjAlN0IlMjBtYXgtd2lkdGglM0ElMjA2MDBweCUzQiUyMG1hcmdpbiUzQSUyMDEwcHglMjBhdXRvJTNCJTIwZm9udC1mYW1pbHklM0ElMjBIZWx2ZXRpY2ElMkMlMjBBcmlhbCUyQyUyMHNhbnMtc2VyaWYlM0IlMjBjb2xvciUzQSUyMCUyMzY3Njc2NyUzQiU3RCUwQSUyMCUyMCUyMCUyMC5tYXV0aWNmb3JtLWlubmVyZm9ybSUyMCU3QiU3RCUwQSUyMCUyMCUyMCUyMC5tYXV0aWNmb3JtLXBvc3Qtc3VjY2VzcyUyMCU3QiU3RCUwQSUyMCUyMCUyMCUyMC5tYXV0aWNmb3JtLW5hbWUlMjAlN0IlMjBmb250LXdlaWdodCUzQSUyMGJvbGQlM0IlMjBmb250LXNpemUlM0ElMjAxLjVlbSUzQiUyMG1hcmdpbi1ib3R0b20lM0ElMjAzcHglM0IlMjAlN0QlMEElMjAlMjAlMjAlMjAubWF1dGljZm9ybS1kZXNjcmlwdGlvbiUyMCU3QiUyMG1hcmdpbi10b3AlM0ElMjAycHglM0IlMjBtYXJnaW4tYm90dG9tJTNBJTIwMTBweCUzQiUyMCU3RCUwQSUyMCUyMCUyMCUyMC5tYXV0aWNmb3JtLWVycm9yJTIwJTdCJTIwbWFyZ2luLWJvdHRvbSUzQSUyMDEwcHglM0IlMjBjb2xvciUzQSUyMHJlZCUzQiUyMCU3RCUwQSUyMCUyMCUyMCUyMC5tYXV0aWNmb3JtLW1lc3NhZ2UlMjAlN0IlMjBtYXJnaW4tYm90dG9tJTNBJTIwMTBweCUzQmNvbG9yJTNBJTIwZ3JlZW4lM0IlMjAlN0QlMEElMjAlMjAlMjAlMjAubWF1dGljZm9ybS1yb3clMjAlN0IlMjBkaXNwbGF5JTNBJTIwYmxvY2slM0IlMjBtYXJnaW4tYm90dG9tJTNBJTIwMjBweCUzQiUyMCU3RCUwQSUyMCUyMCUyMCUyMC5tYXV0aWNmb3JtLWxhYmVsJTIwJTdCJTIwZm9udC1zaXplJTNBJTIwMS4xZW0lM0IlMjBkaXNwbGF5JTNBJTIwYmxvY2slM0IlMjBmb250LXdlaWdodCUzQSUyMGJvbGQlM0IlMjBtYXJnaW4tYm90dG9tJTNBJTIwNXB4JTNCJTIwJTdEJTBBJTIwJTIwJTIwJTIwLm1hdXRpY2Zvcm0tcm93Lm1hdXRpY2Zvcm0tcmVxdWlyZWQlMjAubWF1dGljZm9ybS1sYWJlbCUzQWFmdGVyJTIwJTdCJTIwY29sb3IlM0ElMjAlMjNlMzIlM0IlMjBjb250ZW50JTNBJTIwJTIyJTIwJTJBJTIyJTNCJTIwZGlzcGxheSUzQSUyMGlubGluZSUzQiUyMCU3RCUwQSUyMCUyMCUyMCUyMC5tYXV0aWNmb3JtLWhlbHBtZXNzYWdlJTIwJTdCJTIwZGlzcGxheSUzQSUyMGJsb2NrJTNCJTIwZm9udC1zaXplJTNBJTIwMC45ZW0lM0IlMjBtYXJnaW4tYm90dG9tJTNBJTIwM3B4JTNCJTIwJTdEJTBBJTIwJTIwJTIwJTIwLm1hdXRpY2Zvcm0tZXJyb3Jtc2clMjAlN0IlMjBkaXNwbGF5JTNBJTIwYmxvY2slM0IlMjBjb2xvciUzQSUyMHJlZCUzQiUyMG1hcmdpbi10b3AlM0ElMjAycHglM0IlMjAlN0QlMEElMjAlMjAlMjAlMjAubWF1dGljZm9ybS1zZWxlY3Rib3glMkMlMjAubWF1dGljZm9ybS1pbnB1dCUyQyUyMC5tYXV0aWNmb3JtLXRleHRhcmVhJTIwJTdCJTIwd2lkdGglM0ElMjAxMDAlMjUlM0IlMjBwYWRkaW5nJTNBJTIwMC41ZW0lMjAwLjVlbSUzQiUyMGJvcmRlciUzQSUyMDFweCUyMHNvbGlkJTIwJTIzQ0NDJTNCJTIwYmFja2dyb3VuZCUzQSUyMCUyM2ZmZiUzQiUyMGJveC1zaGFkb3clM0ElMjAwcHglMjAwcHglMjAwcHglMjAlMjNmZmYlMjBpbnNldCUzQiUyMGJvcmRlci1yYWRpdXMlM0ElMjA0cHglM0IlMjBib3gtc2l6aW5nJTNBJTIwYm9yZGVyLWJveCUzQiUyMCU3RCUwQSUyMCUyMCUyMCUyMC5tYXV0aWNmb3JtLWNoZWNrYm94Z3JwLXJvdyUyMCU3QiU3RCUwQSUyMCUyMCUyMCUyMC5tYXV0aWNmb3JtLWNoZWNrYm94Z3JwLWxhYmVsJTIwJTdCJTIwZm9udC13ZWlnaHQlM0ElMjBub3JtYWwlM0IlMjAlN0QlMEElMjAlMjAlMjAlMjAubWF1dGljZm9ybS1jaGVja2JveGdycC1jaGVja2JveCUyMCU3QiU3RCUwQSUyMCUyMCUyMCUyMC5tYXV0aWNmb3JtLXJhZGlvZ3JwLXJvdyUyMCU3QiU3RCUwQSUyMCUyMCUyMCUyMC5tYXV0aWNmb3JtLXJhZGlvZ3JwLWxhYmVsJTIwJTdCJTIwZm9udC13ZWlnaHQlM0ElMjBub3JtYWwlM0IlMjAlN0QlMEElMjAlMjAlMjAlMjAubWF1dGljZm9ybS1yYWRpb2dycC1yYWRpbyUyMCU3QiU3RCUwQSUyMCUyMCUyMCUyMC5tYXV0aWNmb3JtLWJ1dHRvbi13cmFwcGVyJTIwLm1hdXRpY2Zvcm0tYnV0dG9uLmJ0bi1kZWZhdWx0JTIwJTdCJTIwY29sb3IlM0ElMjAlMjM1ZDZjN2MlM0JiYWNrZ3JvdW5kLWNvbG9yJTNBJTIwJTIzZmZmZmZmJTNCYm9yZGVyLWNvbG9yJTNBJTIwJTIzZGRkZGRkJTNCJTdEJTBBJTIwJTIwJTIwJTIwLm1hdXRpY2Zvcm0tYnV0dG9uLXdyYXBwZXIlMjAubWF1dGljZm9ybS1idXR0b24lMjAlN0IlMjBkaXNwbGF5JTNBJTIwaW5saW5lLWJsb2NrJTNCbWFyZ2luLWJvdHRvbSUzQSUyMDAlM0Jmb250LXdlaWdodCUzQSUyMDYwMCUzQnRleHQtYWxpZ24lM0ElMjBjZW50ZXIlM0J2ZXJ0aWNhbC1hbGlnbiUzQSUyMG1pZGRsZSUzQmN1cnNvciUzQSUyMHBvaW50ZXIlM0JiYWNrZ3JvdW5kLWltYWdlJTNBJTIwbm9uZSUzQmJvcmRlciUzQSUyMDFweCUyMHNvbGlkJTIwdHJhbnNwYXJlbnQlM0J3aGl0ZS1zcGFjZSUzQSUyMG5vd3JhcCUzQnBhZGRpbmclM0ElMjA2cHglMjAxMnB4JTNCZm9udC1zaXplJTNBJTIwMTNweCUzQmxpbmUtaGVpZ2h0JTNBJTIwMS4zODU2JTNCYm9yZGVyLXJhZGl1cyUzQSUyMDNweCUzQi13ZWJraXQtdXNlci1zZWxlY3QlM0ElMjBub25lJTNCLW1vei11c2VyLXNlbGVjdCUzQSUyMG5vbmUlM0ItbXMtdXNlci1zZWxlY3QlM0ElMjBub25lJTNCdXNlci1zZWxlY3QlM0ElMjBub25lJTNCJTdEJTBBJTIwJTIwJTIwJTIwLm1hdXRpY2Zvcm0tYnV0dG9uLXdyYXBwZXIlMjAubWF1dGljZm9ybS1idXR0b24uYnRuLWRlZmF1bHQlNUJkaXNhYmxlZCU1RCUyMCU3QiUyMGJhY2tncm91bmQtY29sb3IlM0ElMjAlMjNmZmZmZmYlM0IlMjBib3JkZXItY29sb3IlM0ElMjAlMjNkZGRkZGQlM0IlN0QlMEElM0MlMkZzdHlsZSUzRSUwQSUzQ2RpdiUyMGlkJTNEJTIybWF1dGljZm9ybV93cmFwcGVyX2Zvcm11bGFyaW9kZXNjYXJnYWNhc3RlbGxhbm8lMjIlMjBjbGFzcyUzRCUyMm1hdXRpY2Zvcm1fd3JhcHBlciUyMiUzRSUwQSUyMCUyMCUyMCUyMCUzQ2Zvcm0lMjBhdXRvY29tcGxldGUlM0QlMjJmYWxzZSUyMiUyMHJvbGUlM0QlMjJmb3JtJTIyJTIwbWV0aG9kJTNEJTIycG9zdCUyMiUyMGFjdGlvbiUzRCUyMmh0dHAlM0ElMkYlMkZtYXV0aWMubmV2ZXJzaWthc3RldHhlYS5jb20lMkZmb3JtJTJGc3VibWl0JTNGZm9ybUlkJTNEOSUyMiUyMGlkJTNEJTIybWF1dGljZm9ybV9mb3JtdWxhcmlvZGVzY2FyZ2FjYXN0ZWxsYW5vJTIyJTIwZGF0YS1tYXV0aWMtZm9ybSUzRCUyMmZvcm11bGFyaW9kZXNjYXJnYWNhc3RlbGxhbm8lMjIlMjBlbmN0eXBlJTNEJTIybXVsdGlwYXJ0JTJGZm9ybS1kYXRhJTIyJTNFJTBBJTIwJTIwJTIwJTIwJTIwJTIwJTIwJTIwJTNDZGl2JTIwY2xhc3MlM0QlMjJtYXV0aWNmb3JtLWVycm9yJTIyJTIwaWQlM0QlMjJtYXV0aWNmb3JtX2Zvcm11bGFyaW9kZXNjYXJnYWNhc3RlbGxhbm9fZXJyb3IlMjIlM0UlM0MlMkZkaXYlM0UlMEElMjAlMjAlMjAlMjAlMjAlMjAlMjAlMjAlM0NkaXYlMjBjbGFzcyUzRCUyMm1hdXRpY2Zvcm0tbWVzc2FnZSUyMiUyMGlkJTNEJTIybWF1dGljZm9ybV9mb3JtdWxhcmlvZGVzY2FyZ2FjYXN0ZWxsYW5vX21lc3NhZ2UlMjIlM0UlM0MlMkZkaXYlM0UlMEElMjAlMjAlMjAlMjAlMjAlMjAlMjAlMjAlM0NkaXYlMjBjbGFzcyUzRCUyMm1hdXRpY2Zvcm0taW5uZXJmb3JtJTIyJTNFJTBBJTBBJTIwJTIwJTIwJTIwJTIwJTIwJTIwJTIwJTIwJTIwJTIwJTIwJTBBJTIwJTIwJTIwJTIwJTIwJTIwJTIwJTIwJTIwJTIwJTNDZGl2JTIwY2xhc3MlM0QlMjJtYXV0aWNmb3JtLXBhZ2Utd3JhcHBlciUyMG1hdXRpY2Zvcm0tcGFnZS0xJTIyJTIwZGF0YS1tYXV0aWMtZm9ybS1wYWdlJTNEJTIyMSUyMiUzRSUwQSUwQSUyMCUyMCUyMCUyMCUyMCUyMCUyMCUyMCUyMCUyMCUyMCUyMCUzQ2RpdiUyMGlkJTNEJTIybWF1dGljZm9ybV9mb3JtdWxhcmlvZGVzY2FyZ2FjYXN0ZWxsYW5vX25vbWJyZSUyMiUyMGRhdGEtdmFsaWRhdGUlM0QlMjJub21icmUlMjIlMjBkYXRhLXZhbGlkYXRpb24tdHlwZSUzRCUyMnRleHQlMjIlMjBjbGFzcyUzRCUyMm1hdXRpY2Zvcm0tcm93JTIwbWF1dGljZm9ybS10ZXh0JTIwbWF1dGljZm9ybS1maWVsZC0xJTIwbWF1dGljZm9ybS1yZXF1aXJlZCUyMiUzRSUwQSUyMCUyMCUyMCUyMCUyMCUyMCUyMCUyMCUyMCUyMCUyMCUyMCUyMCUyMCUyMCUyMCUzQ2xhYmVsJTIwaWQlM0QlMjJtYXV0aWNmb3JtX2xhYmVsX2Zvcm11bGFyaW9kZXNjYXJnYWNhc3RlbGxhbm9fbm9tYnJlJTIyJTIwZm9yJTNEJTIybWF1dGljZm9ybV9pbnB1dF9mb3JtdWxhcmlvZGVzY2FyZ2FjYXN0ZWxsYW5vX25vbWJyZSUyMiUyMGNsYXNzJTNEJTIybWF1dGljZm9ybS1sYWJlbCUyMiUzRU5vbWJyZSUzQyUyRmxhYmVsJTNFJTBBJTIwJTIwJTIwJTIwJTIwJTIwJTIwJTIwJTIwJTIwJTIwJTIwJTIwJTIwJTIwJTIwJTNDaW5wdXQlMjBpZCUzRCUyMm1hdXRpY2Zvcm1faW5wdXRfZm9ybXVsYXJpb2Rlc2NhcmdhY2FzdGVsbGFub19ub21icmUlMjIlMjBuYW1lJTNEJTIybWF1dGljZm9ybSU1Qm5vbWJyZSU1RCUyMiUyMHZhbHVlJTNEJTIyJTIyJTIwY2xhc3MlM0QlMjJtYXV0aWNmb3JtLWlucHV0JTIyJTIwdHlwZSUzRCUyMnRleHQlMjIlM0UlM0NzcGFuJTIwY2xhc3MlM0QlMjJtYXV0aWNmb3JtLWVycm9ybXNnJTIyJTIwc3R5bGUlM0QlMjJkaXNwbGF5JTNBJTIwbm9uZSUzQiUyMiUzRUNhbXBvJTIwb2JsaWdhdG9yaW8lM0MlMkZzcGFuJTNFJTBBJTIwJTIwJTIwJTIwJTIwJTIwJTIwJTIwJTIwJTIwJTIwJTIwJTNDJTJGZGl2JTNFJTBBJTBBJTIwJTIwJTIwJTIwJTIwJTIwJTIwJTIwJTIwJTIwJTIwJTIwJTNDZGl2JTIwaWQlM0QlMjJtYXV0aWNmb3JtX2Zvcm11bGFyaW9kZXNjYXJnYWNhc3RlbGxhbm9fYXBlbGxpZG9zMSUyMiUyMGRhdGEtdmFsaWRhdGUlM0QlMjJhcGVsbGlkb3MxJTIyJTIwZGF0YS12YWxpZGF0aW9uLXR5cGUlM0QlMjJ0ZXh0JTIyJTIwY2xhc3MlM0QlMjJtYXV0aWNmb3JtLXJvdyUyMG1hdXRpY2Zvcm0tdGV4dCUyMG1hdXRpY2Zvcm0tZmllbGQtMiUyMG1hdXRpY2Zvcm0tcmVxdWlyZWQlMjIlM0UlMEElMjAlMjAlMjAlMjAlMjAlMjAlMjAlMjAlMjAlMjAlMjAlMjAlMjAlMjAlMjAlMjAlM0NsYWJlbCUyMGlkJTNEJTIybWF1dGljZm9ybV9sYWJlbF9mb3JtdWxhcmlvZGVzY2FyZ2FjYXN0ZWxsYW5vX2FwZWxsaWRvczElMjIlMjBmb3IlM0QlMjJtYXV0aWNmb3JtX2lucHV0X2Zvcm11bGFyaW9kZXNjYXJnYWNhc3RlbGxhbm9fYXBlbGxpZG9zMSUyMiUyMGNsYXNzJTNEJTIybWF1dGljZm9ybS1sYWJlbCUyMiUzRUFwZWxsaWRvcyUzQyUyRmxhYmVsJTNFJTBBJTIwJTIwJTIwJTIwJTIwJTIwJTIwJTIwJTIwJTIwJTIwJTIwJTIwJTIwJTIwJTIwJTNDaW5wdXQlMjBpZCUzRCUyMm1hdXRpY2Zvcm1faW5wdXRfZm9ybXVsYXJpb2Rlc2NhcmdhY2FzdGVsbGFub19hcGVsbGlkb3MxJTIyJTIwbmFtZSUzRCUyMm1hdXRpY2Zvcm0lNUJhcGVsbGlkb3MxJTVEJTIyJTIwdmFsdWUlM0QlMjIlMjIlMjBjbGFzcyUzRCUyMm1hdXRpY2Zvcm0taW5wdXQlMjIlMjB0eXBlJTNEJTIydGV4dCUyMiUzRSUzQ3NwYW4lMjBjbGFzcyUzRCUyMm1hdXRpY2Zvcm0tZXJyb3Jtc2clMjIlMjBzdHlsZSUzRCUyMmRpc3BsYXklM0ElMjBub25lJTNCJTIyJTNFQ2FtcG8lMjBvYmxpZ2F0b3JpbyUzQyUyRnNwYW4lM0UlMEElMjAlMjAlMjAlMjAlMjAlMjAlMjAlMjAlMjAlMjAlMjAlMjAlM0MlMkZkaXYlM0UlMEElMEElMjAlMjAlMjAlMjAlMjAlMjAlMjAlMjAlMjAlMjAlMjAlMjAlM0NkaXYlMjBpZCUzRCUyMm1hdXRpY2Zvcm1fZm9ybXVsYXJpb2Rlc2NhcmdhY2FzdGVsbGFub19lbWFpbDElMjIlMjBkYXRhLXZhbGlkYXRlJTNEJTIyZW1haWwxJTIyJTIwZGF0YS12YWxpZGF0aW9uLXR5cGUlM0QlMjJlbWFpbCUyMiUyMGNsYXNzJTNEJTIybWF1dGljZm9ybS1yb3clMjBtYXV0aWNmb3JtLWVtYWlsJTIwbWF1dGljZm9ybS1maWVsZC0zJTIwbWF1dGljZm9ybS1yZXF1aXJlZCUyMiUzRSUwQSUyMCUyMCUyMCUyMCUyMCUyMCUyMCUyMCUyMCUyMCUyMCUyMCUyMCUyMCUyMCUyMCUzQ2xhYmVsJTIwaWQlM0QlMjJtYXV0aWNmb3JtX2xhYmVsX2Zvcm11bGFyaW9kZXNjYXJnYWNhc3RlbGxhbm9fZW1haWwxJTIyJTIwZm9yJTNEJTIybWF1dGljZm9ybV9pbnB1dF9mb3JtdWxhcmlvZGVzY2FyZ2FjYXN0ZWxsYW5vX2VtYWlsMSUyMiUyMGNsYXNzJTNEJTIybWF1dGljZm9ybS1sYWJlbCUyMiUzRUUtbWFpbCUzQyUyRmxhYmVsJTNFJTBBJTIwJTIwJTIwJTIwJTIwJTIwJTIwJTIwJTIwJTIwJTIwJTIwJTIwJTIwJTIwJTIwJTNDaW5wdXQlMjBpZCUzRCUyMm1hdXRpY2Zvcm1faW5wdXRfZm9ybXVsYXJpb2Rlc2NhcmdhY2FzdGVsbGFub19lbWFpbDElMjIlMjBuYW1lJTNEJTIybWF1dGljZm9ybSU1QmVtYWlsMSU1RCUyMiUyMHZhbHVlJTNEJTIyJTIyJTIwY2xhc3MlM0QlMjJtYXV0aWNmb3JtLWlucHV0JTIyJTIwdHlwZSUzRCUyMmVtYWlsJTIyJTNFJTNDc3BhbiUyMGNsYXNzJTNEJTIybWF1dGljZm9ybS1lcnJvcm1zZyUyMiUyMHN0eWxlJTNEJTIyZGlzcGxheSUzQSUyMG5vbmUlM0IlMjIlM0VDYW1wbyUyMG9ibGlnYXRvcmlvJTNDJTJGc3BhbiUzRSUwQSUyMCUyMCUyMCUyMCUyMCUyMCUyMCUyMCUyMCUyMCUyMCUyMCUzQyUyRmRpdiUzRSUwQSUwQSUyMCUyMCUyMCUyMCUyMCUyMCUyMCUyMCUyMCUyMCUyMCUyMCUyMCUyMCUyMCUyMCUzQ2lucHV0JTIwdmFsdWUlM0QlMjJBY2VwdG8lMjBsYSUyMHBvbCVDMyVBRHRpY2ElMjBkZSUyMHByaXZhY2lkYWQuJTIyJTIwaWQlM0QlMjJtYXV0aWNmb3JtX2lucHV0X2Zvcm11bGFyaW9kZXNjYXJnYWNhc3RlbGxhbm9fcHJpdmFjaWRhZCUyMiUyMG5hbWUlM0QlMjJtYXV0aWNmb3JtJTVCcHJpdmFjaWRhZCU1RCUyMiUyMGNsYXNzJTNEJTIybWF1dGljZm9ybS1oaWRkZW4lMjIlMjB0eXBlJTNEJTIyaGlkZGVuJTIyJTNFJTNDZGl2JTIwaWQlM0QlMjJtYXV0aWNmb3JtX2Zvcm11bGFyaW9kZXNjYXJnYWNhc3RlbGxhbm9fcHJpdmFjaWRhZCUyMiUyMGRhdGEtdmFsaWRhdGUlM0QlMjJwcml2YWNpZGFkJTIyJTIwZGF0YS12YWxpZGF0aW9uLXR5cGUlM0QlMjJjaGVja2JveGdycCUyMiUyMGNsYXNzJTNEJTIybWF1dGljZm9ybS1yb3clMjBtYXV0aWNmb3JtLWNoZWNrYm94Z3JwJTIwbWF1dGljZm9ybS1maWVsZC00JTIwbWF1dGljZm9ybS1yZXF1aXJlZCUyMiUzRSUwQSUyMCUyMCUyMCUyMCUyMCUyMCUyMCUyMCUyMCUyMCUyMCUyMCUyMCUyMCUyMCUyMCUzQ2RpdiUyMGNsYXNzJTNEJTIybWF1dGljZm9ybS1jaGVja2JveGdycC1yb3clMjIlM0UlMEElMjAlMjAlMjAlMjAlMjAlMjAlMjAlMjAlMjAlMjAlMjAlMjAlMjAlMjAlMjAlMjAlMjAlMjAlMjAlMjAlM0NsYWJlbCUyMGlkJTNEJTIybWF1dGljZm9ybV9jaGVja2JveGdycF9sYWJlbF9wcml2YWNpZGFkX3RydWUwJTIyJTIwZm9yJTNEJTIybWF1dGljZm9ybV9jaGVja2JveGdycF9jaGVja2JveF9wcml2YWNpZGFkX3RydWUwJTIyJTIwY2xhc3MlM0QlMjJtYXV0aWNmb3JtLWNoZWNrYm94Z3JwLWxhYmVsJTIyJTNFJTBBJTIwJTIwJTIwJTIwJTIwJTIwJTIwJTIwJTIwJTIwJTIwJTIwJTIwJTIwJTIwJTIwJTIwJTIwJTIwJTIwJTIwJTIwJTIwJTIwJTNDaW5wdXQlMjBjbGFzcyUzRCUyMm1hdXRpY2Zvcm0tY2hlY2tib3hncnAtY2hlY2tib3glMjIlMjBuYW1lJTNEJTIybWF1dGljZm9ybSU1QnByaXZhY2lkYWQlNUQlNUIlNUQlMjIlMjBpZCUzRCUyMm1hdXRpY2Zvcm1fY2hlY2tib3hncnBfY2hlY2tib3hfcHJpdmFjaWRhZF90cnVlMCUyMiUyMHR5cGUlM0QlMjJjaGVja2JveCUyMiUyMHZhbHVlJTNEJTIydHJ1ZSUyMiUzRSUwQSUyMCUyMCUyMCUyMCUyMCUyMCUyMCUyMCUyMCUyMCUyMCUyMCUyMCUyMCUyMCUyMCUyMCUyMCUyMCUyMCUyMCUyMCUyMCUyMEFjZXB0byUyMGxhJTIwJTNDYSUyMGhyZWYlM0QlMjIlMjMlMjIlM0Vwb2wlQzMlQUR0aWNhJTIwZGUlMjBwcml2YWNpZGFkJTNDJTJGYSUzRSUzQ3NwYW4lMjBjbGFzcyUzRCUyMnJlcXVlcmlkbyUyMiUzRSUyMCUyQSUzQyUyRnNwYW4lM0UuJTBBJTIwJTIwJTIwJTIwJTIwJTIwJTIwJTIwJTIwJTIwJTIwJTIwJTIwJTIwJTIwJTIwJTIwJTIwJTIwJTIwJTNDJTJGbGFiZWwlM0UlMEElMjAlMjAlMjAlMjAlMjAlMjAlMjAlMjAlMjAlMjAlMjAlMjAlMjAlMjAlMjAlMjAlM0MlMkZkaXYlM0UlMEElMjAlMjAlMjAlMjAlMjAlMjAlMjAlMjAlMjAlMjAlMjAlMjAlMjAlMjAlMjAlMjAlM0NzcGFuJTIwY2xhc3MlM0QlMjJtYXV0aWNmb3JtLWVycm9ybXNnJTIyJTIwc3R5bGUlM0QlMjJkaXNwbGF5JTNBJTIwbm9uZSUzQiUyMiUzRUNhbXBvJTIwcmVxdWVyaWRvJTNDJTJGc3BhbiUzRSUwQSUyMCUyMCUyMCUyMCUyMCUyMCUyMCUyMCUyMCUyMCUyMCUyMCUzQyUyRmRpdiUzRSUwQSUwQSUyMCUyMCUyMCUyMCUyMCUyMCUyMCUyMCUyMCUyMCUyMCUyMCUzQ2RpdiUyMGlkJTNEJTIybWF1dGljZm9ybV9mb3JtdWxhcmlvZGVzY2FyZ2FjYXN0ZWxsYW5vX2VudmlhciUyMiUyMGNsYXNzJTNEJTIybWF1dGljZm9ybS1yb3clMjBtYXV0aWNmb3JtLWJ1dHRvbi13cmFwcGVyJTIwbWF1dGljZm9ybS1maWVsZC01JTIyJTNFJTBBJTIwJTIwJTIwJTIwJTIwJTIwJTIwJTIwJTIwJTIwJTIwJTIwJTIwJTIwJTIwJTIwJTNDYnV0dG9uJTIwdHlwZSUzRCUyMnN1Ym1pdCUyMiUyMG5hbWUlM0QlMjJtYXV0aWNmb3JtJTVCZW52aWFyJTVEJTIyJTIwaWQlM0QlMjJtYXV0aWNmb3JtX2lucHV0X2Zvcm11bGFyaW9kZXNjYXJnYWNhc3RlbGxhbm9fZW52aWFyJTIyJTIwdmFsdWUlM0QlMjIlMjIlMjBjbGFzcyUzRCUyMm1hdXRpY2Zvcm0tYnV0dG9uJTIwYnRuJTIwYnRuLWRlZmF1bHQlMjIlM0VFbnZpYXIlM0MlMkZidXR0b24lM0UlMEElMjAlMjAlMjAlMjAlMjAlMjAlMjAlMjAlMjAlMjAlMjAlMjAlM0MlMkZkaXYlM0UlMEElMjAlMjAlMjAlMjAlMjAlMjAlMjAlMjAlMjAlMjAlMjAlMjAlM0MlMkZkaXYlM0UlMEElMjAlMjAlMjAlMjAlMjAlMjAlMjAlMjAlM0MlMkZkaXYlM0UlMEElMEElMjAlMjAlMjAlMjAlMjAlMjAlMjAlMjAlM0NpbnB1dCUyMHR5cGUlM0QlMjJoaWRkZW4lMjIlMjBuYW1lJTNEJTIybWF1dGljZm9ybSU1QmZvcm1JZCU1RCUyMiUyMGlkJTNEJTIybWF1dGljZm9ybV9mb3JtdWxhcmlvZGVzY2FyZ2FjYXN0ZWxsYW5vX2lkJTIyJTIwdmFsdWUlM0QlMjI5JTIyJTNFJTNDaW5wdXQlMjB0eXBlJTNEJTIyaGlkZGVuJTIyJTIwbmFtZSUzRCUyMm1hdXRpY2Zvcm0lNUJyZXR1cm4lNUQlMjIlMjBpZCUzRCUyMm1hdXRpY2Zvcm1fZm9ybXVsYXJpb2Rlc2NhcmdhY2FzdGVsbGFub19yZXR1cm4lMjIlMjB2YWx1ZSUzRCUyMiUyMiUzRSUzQ2lucHV0JTIwdHlwZSUzRCUyMmhpZGRlbiUyMiUyMG5hbWUlM0QlMjJtYXV0aWNmb3JtJTVCZm9ybU5hbWUlNUQlMjIlMjBpZCUzRCUyMm1hdXRpY2Zvcm1fZm9ybXVsYXJpb2Rlc2NhcmdhY2FzdGVsbGFub19uYW1lJTIyJTIwdmFsdWUlM0QlMjJmb3JtdWxhcmlvZGVzY2FyZ2FjYXN0ZWxsYW5vJTIyJTNFJTBBJTNDJTJGZm9ybSUzRSUwQSUzQyUyRmRpdiUzRSUwQSUzQyUyRmRpdiUzRQ==[\/vc_raw_html][\/vc_column_inner][\/vc_row_inner][vc_row_inner css=\u00bb.vc_custom_1577709890541{padding-left: 100px !important;}\u00bb][vc_column_inner width=\u00bb1\/2&#8243; css=\u00bb.vc_custom_1577709912569{padding-right: 100px !important;}\u00bb][vc_column_text]<\/p>\n<h4><em>Descarga el ebook<\/em><\/h4>\n<p>[\/vc_column_text][vc_column_text]<\/p>\n<h2><strong>Descubre nuestras metodolog\u00edas pedag\u00f3gicas en educaci\u00f3n infantil<\/strong><\/h2>\n<p>[\/vc_column_text][vc_empty_space][vc_column_text]Un colegio actual y adaptado a las demandas sociales y laborales del siglo XXI. Nos caracterizamos por formar personas creativas, colaborativas, cr\u00edticas, competentes, tecnol\u00f3gicas, pluriling\u00fces y aut\u00f3nomas.<\/p>\n<p><strong>Este documento incluye:<\/strong><\/p>\n<ul>\n<li><strong>Carta presentaci\u00f3n\u00a0<\/strong><\/li>\n<li><strong>Metodolog\u00eda educativa. <\/strong>Os explicamos la metodolog\u00eda de ense\u00f1anza-aprendizaje basada en proyectos y los diferentes proyectos educativos; estimulaci\u00f3n temprana, triling\u00fcismo, programa lectoescritor, coeducaci\u00f3n y tecnolog\u00eda educativa.<\/li>\n<li><strong>Comedor<\/strong>. Le damos gran importancia a la nutrici\u00f3n con un men\u00fa casero y variado cocinado en el colegio y una educaci\u00f3n alimentaria y nutricional en el aula.<\/li>\n<li><strong>Actividades extraescolares<\/strong>. Conoce las actividades espec\u00edficas para el alumnado de educaci\u00f3n infantil.<\/li>\n<li><strong>Matriculaci\u00f3n.<\/strong>Toda la informaci\u00f3n y documentaci\u00f3n necesaria para la realizaci\u00f3n de la matr\u00edcula.<\/li>\n<\/ul>\n<p>[\/vc_column_text][\/vc_column_inner][vc_column_inner width=\u00bb1\/2&#8243;][vc_single_image image=\u00bb1723&#8243; img_size=\u00bblarge\u00bb alignment=\u00bbcenter\u00bb style=\u00bbvc_box_shadow\u00bb css=\u00bb.vc_custom_1577708934669{padding-right: 100px !important;padding-bottom: 20px !important;padding-left: 100px !important;}\u00bb][vc_column_text]<\/p>\n<h4>\u00bfQuieres conocer todos los detalles?<br \/>\n\u00a1Rellena el formulario y descarga toda la informaci\u00f3n!<\/h4>\n<p>[\/vc_column_text][vc_column_text]\n<div class=\"wpcf7 no-js\" id=\"wpcf7-f3819-o1\" lang=\"eu\" dir=\"ltr\" data-wpcf7-id=\"3819\">\n<div class=\"screen-reader-response\"><p role=\"status\" aria-live=\"polite\" aria-atomic=\"true\"><\/p> <ul><\/ul><\/div>\n<form action=\"\/es\/wp-json\/wp\/v2\/pages\/2095#wpcf7-f3819-o1\" method=\"post\" class=\"wpcf7-form init\" aria-label=\"Contact form\" novalidate=\"novalidate\" data-status=\"init\">\n<fieldset class=\"hidden-fields-container\"><input type=\"hidden\" name=\"_wpcf7\" value=\"3819\" \/><input type=\"hidden\" name=\"_wpcf7_version\" value=\"6.1.5\" \/><input type=\"hidden\" name=\"_wpcf7_locale\" value=\"eu\" \/><input type=\"hidden\" name=\"_wpcf7_unit_tag\" value=\"wpcf7-f3819-o1\" \/><input type=\"hidden\" name=\"_wpcf7_container_post\" value=\"0\" \/><input type=\"hidden\" name=\"_wpcf7_posted_data_hash\" value=\"\" \/>\n<\/fieldset>\n<p><span id=\"wpcf7-6a060a2d52589-wrapper\" class=\"wpcf7-form-control-wrap potipoti-554-wrap\" style=\"display:none !important; visibility:hidden !important;\"><label for=\"wpcf7-6a060a2d52589-field\" class=\"hp-message\">Please leave this field empty.<\/label><input id=\"wpcf7-6a060a2d52589-field\"  class=\"wpcf7-form-control wpcf7-text\" type=\"text\" name=\"potipoti-554\" value=\"\" size=\"40\" tabindex=\"-1\" autocomplete=\"new-password\" \/><\/span>\n<\/p>\n<p>Nombre(requerido)\n<\/p>\n<p><span class=\"wpcf7-form-control-wrap\" data-name=\"nombre\"><input size=\"40\" maxlength=\"400\" class=\"wpcf7-form-control wpcf7-text wpcf7-validates-as-required\" aria-required=\"true\" aria-invalid=\"false\" value=\"\" type=\"text\" name=\"nombre\" \/><\/span>\n<\/p>\n<p>Su e-mail (requerido)\n<\/p>\n<p><span class=\"wpcf7-form-control-wrap\" data-name=\"email1\"><input size=\"40\" maxlength=\"400\" class=\"wpcf7-form-control wpcf7-email wpcf7-validates-as-required wpcf7-text wpcf7-validates-as-email\" aria-required=\"true\" aria-invalid=\"false\" value=\"\" type=\"email\" name=\"email1\" \/><\/span>\n<\/p>\n<p><span class=\"wpcf7-form-control-wrap\" data-name=\"Legal\"><span class=\"wpcf7-form-control wpcf7-checkbox wpcf7-validates-as-required\" id=\"condicionesContactForm\"><span class=\"wpcf7-list-item first last\"><input type=\"checkbox\" name=\"Legal[]\" value=\"He le\u00eddo y acepto las condiciones.\" \/><span class=\"wpcf7-list-item-label\">He le\u00eddo y acepto las condiciones.<\/span><\/span><\/span><\/span><br \/>\n<!-- Mailchimp for WordPress v4.12.2 - https:\/\/www.mc4wp.com\/ --><input type=\"hidden\" name=\"_mc4wp_subscribe_contact-form-7\" value=\"0\" \/><span class=\"mc4wp-checkbox mc4wp-checkbox-contact-form-7 \"><label><input type=\"checkbox\" name=\"_mc4wp_subscribe_contact-form-7\" value=\"1\" checked=\"checked\"><span>Quiero suscribirme a la lista de correo<\/span><\/label><\/span><!-- \/ Mailchimp for WordPress -->\n<\/p>\n<p><input class=\"wpcf7-form-control wpcf7-submit has-spinner\" type=\"submit\" value=\"Enviar\" \/>\n<\/p><div class=\"wpcf7-response-output\" aria-hidden=\"true\"><\/div>\n<\/form>\n<\/div>\n[\/vc_column_text][\/vc_column_inner][\/vc_row_inner][\/vc_column][\/vc_row]<\/p>\n<\/div>","protected":false},"excerpt":{"rendered":"<p>[vc_row css=\u00bb.vc_custom_1577709875238{padding-top: 5% !important;padding-bottom: 2% !important;}\u00bb][vc_column][vc_row_inner disable_element=\u00bbyes\u00bb css=\u00bb.vc_custom_1585579728102{padding-left: 100px !important;}\u00bb][vc_column_inner width=\u00bb1\/2&#8243; css=\u00bb.vc_custom_1577709912569{padding-right: 100px !important;}\u00bb][vc_column_text] Descarga el ebook [\/vc_column_text][vc_column_text] Descubre nuestras metodolog\u00edas pedag\u00f3gicas en educaci\u00f3n infantil [\/vc_column_text][vc_empty_space][vc_column_text]Un colegio actual y adaptado a las demandas sociales y laborales del siglo XXI. Nos caracterizamos por formar personas creativas, colaborativas, cr\u00edticas, competentes, tecnol\u00f3gicas, pluriling\u00fces y aut\u00f3nomas. Este documento incluye: &hellip; <\/p>\n<p class=\"link-more\"><a href=\"https:\/\/neversikastetxea.com\/es\/ebook-educacion-infantil\/\" class=\"more-link\">Seguir leyendo<span class=\"screen-reader-text\"> \u00abEbook Educaci\u00f3n infantil\u00bb<\/span><\/a><\/p>\n","protected":false},"author":1,"featured_media":0,"parent":0,"menu_order":0,"comment_status":"closed","ping_status":"closed","template":"","meta":{"footnotes":""},"class_list":["post-2095","page","type-page","status-publish","hentry","entry"],"_links":{"self":[{"href":"https:\/\/neversikastetxea.com\/es\/wp-json\/wp\/v2\/pages\/2095","targetHints":{"allow":["GET"]}}],"collection":[{"href":"https:\/\/neversikastetxea.com\/es\/wp-json\/wp\/v2\/pages"}],"about":[{"href":"https:\/\/neversikastetxea.com\/es\/wp-json\/wp\/v2\/types\/page"}],"author":[{"embeddable":true,"href":"https:\/\/neversikastetxea.com\/es\/wp-json\/wp\/v2\/users\/1"}],"replies":[{"embeddable":true,"href":"https:\/\/neversikastetxea.com\/es\/wp-json\/wp\/v2\/comments?post=2095"}],"version-history":[{"count":0,"href":"https:\/\/neversikastetxea.com\/es\/wp-json\/wp\/v2\/pages\/2095\/revisions"}],"wp:attachment":[{"href":"https:\/\/neversikastetxea.com\/es\/wp-json\/wp\/v2\/media?parent=2095"}],"curies":[{"name":"wp","href":"https:\/\/api.w.org\/{rel}","templated":true}]}}