{"id":24,"date":"2019-05-06T08:49:42","date_gmt":"2019-05-06T06:49:42","guid":{"rendered":"https:\/\/neversikastetxea.com\/?page_id=24"},"modified":"2026-02-05T11:04:28","modified_gmt":"2026-02-05T10:04:28","slug":"aprendizaje-basado-en-proyectos","status":"publish","type":"page","link":"https:\/\/neversikastetxea.com\/es\/aprendizaje-basado-en-proyectos\/","title":{"rendered":"Aprendizaje Basado en Proyectos"},"content":{"rendered":"<div class=\"wpb-content-wrapper\"><p>[vc_row css=\u00bb.vc_custom_1578580165591{margin-top: 2% !important;padding-bottom: 2% !important;}\u00bb][vc_column][vc_row_inner content_placement=\u00bbmiddle\u00bb][vc_column_inner el_class=\u00bbpad-right\u00bb width=\u00bb1\/2&#8243;][vc_column_text css=\u00bb\u00bb]<\/p>\n<h1>Aprendizaje basado en proyectos<\/h1>\n<p>El Aprendizaje Basado en Proyectos\u00a0 es una metodolog\u00eda educativa en la que el alumnado <strong>aprende investigando, reflexionando y trabajando de forma activa<\/strong> a partir de situaciones reales y significativas. A trav\u00e9s de proyectos, las\/os ni\u00f1as\/os conectan distintos conocimientos, desarrollan competencias y aplican lo aprendido con sentido.[\/vc_column_text][\/vc_column_inner][vc_column_inner width=\u00bb1\/2&#8243;][vc_single_image image=\u00bb9301&#8243; img_size=\u00bblarge\u00bb alignment=\u00bbcenter\u00bb css=\u00bb\u00bb][\/vc_column_inner][\/vc_row_inner][\/vc_column][\/vc_row][vc_row css=\u00bb.vc_custom_1577963192021{padding-top: 5% !important;padding-bottom: 5% !important;}\u00bb][vc_column][vc_row_inner][vc_column_inner][vc_column_text css=\u00bb\u00bb el_class=\u00bbcolumna-texto\u00bb]Este enfoque <strong>fomenta la curiosidad, el pensamiento cr\u00edtico, la creatividad y el trabajo en equipo<\/strong>, al tiempo que potencia la autonom\u00eda y la capacidad de comunicaci\u00f3n. El profesorado gu\u00eda y acompa\u00f1a el proceso, asegurando que los contenidos curriculares se integren de manera estructurada y progresiva.<\/p>\n<p>En Nevers Ikastetxea, el Aprendizaje Basado en Proyectos permite al alumnado <strong>comprender mejor el mundo que le rodea<\/strong>, implicarse en su propio aprendizaje y desarrollar habilidades clave para su futuro personal y acad\u00e9mico.[\/vc_column_text][\/vc_column_inner][\/vc_row_inner][\/vc_column][\/vc_row]<\/p>\n<\/div>","protected":false},"excerpt":{"rendered":"<p>[vc_row css=\u00bb.vc_custom_1578580165591{margin-top: 2% !important;padding-bottom: 2% !important;}\u00bb][vc_column][vc_row_inner content_placement=\u00bbmiddle\u00bb][vc_column_inner el_class=\u00bbpad-right\u00bb width=\u00bb1\/2&#8243;][vc_column_text css=\u00bb\u00bb] Aprendizaje basado en proyectos El Aprendizaje Basado en Proyectos\u00a0 es una metodolog\u00eda educativa en la que el alumnado aprende investigando, reflexionando y trabajando de forma activa a partir de situaciones reales y significativas. A trav\u00e9s de proyectos, las\/os ni\u00f1as\/os conectan distintos conocimientos, desarrollan competencias y &hellip; <\/p>\n<p class=\"link-more\"><a href=\"https:\/\/neversikastetxea.com\/es\/aprendizaje-basado-en-proyectos\/\" class=\"more-link\">Seguir leyendo<span class=\"screen-reader-text\"> \u00abAprendizaje Basado en Proyectos\u00bb<\/span><\/a><\/p>\n","protected":false},"author":1,"featured_media":1178,"parent":0,"menu_order":0,"comment_status":"closed","ping_status":"closed","template":"","meta":{"footnotes":""},"class_list":["post-24","page","type-page","status-publish","has-post-thumbnail","hentry","entry"],"_links":{"self":[{"href":"https:\/\/neversikastetxea.com\/es\/wp-json\/wp\/v2\/pages\/24","targetHints":{"allow":["GET"]}}],"collection":[{"href":"https:\/\/neversikastetxea.com\/es\/wp-json\/wp\/v2\/pages"}],"about":[{"href":"https:\/\/neversikastetxea.com\/es\/wp-json\/wp\/v2\/types\/page"}],"author":[{"embeddable":true,"href":"https:\/\/neversikastetxea.com\/es\/wp-json\/wp\/v2\/users\/1"}],"replies":[{"embeddable":true,"href":"https:\/\/neversikastetxea.com\/es\/wp-json\/wp\/v2\/comments?post=24"}],"version-history":[{"count":2,"href":"https:\/\/neversikastetxea.com\/es\/wp-json\/wp\/v2\/pages\/24\/revisions"}],"predecessor-version":[{"id":9302,"href":"https:\/\/neversikastetxea.com\/es\/wp-json\/wp\/v2\/pages\/24\/revisions\/9302"}],"wp:featuredmedia":[{"embeddable":true,"href":"https:\/\/neversikastetxea.com\/es\/wp-json\/wp\/v2\/media\/1178"}],"wp:attachment":[{"href":"https:\/\/neversikastetxea.com\/es\/wp-json\/wp\/v2\/media?parent=24"}],"curies":[{"name":"wp","href":"https:\/\/api.w.org\/{rel}","templated":true}]}}