{"id":26,"date":"2019-05-06T08:49:50","date_gmt":"2019-05-06T06:49:50","guid":{"rendered":"https:\/\/neversikastetxea.com\/?page_id=26"},"modified":"2026-02-06T11:19:41","modified_gmt":"2026-02-06T10:19:41","slug":"coeducacion","status":"publish","type":"page","link":"https:\/\/neversikastetxea.com\/es\/coeducacion\/","title":{"rendered":"Coeducaci\u00f3n"},"content":{"rendered":"<div class=\"wpb-content-wrapper\"><p>[vc_row css=\u00bb.vc_custom_1568361577019{padding-top: 5% !important;padding-bottom: 2% !important;}\u00bb][vc_column][vc_row_inner][vc_column_inner width=\u00bb1\/2&#8243;][vc_column_text css=\u00bb\u00bb]<\/p>\n<h1>Coeducaci\u00f3n<\/h1>\n<p>En Nevers Ikastetxea entendemos que educar es formar personas en igualdad de condiciones. Partimos de la idea de que todas las personas tienen el mismo valor: la igualdad reconoce las diferencias, pero no admite desigualdades.<\/p>\n<p>Nuestro entorno escolar ofrece un contexto privilegiado para detectar y reflexionar sobre los factores sociales que influyen en el desarrollo del alumnado. Por ello, <strong>trabajamos de manera transversal y sistem\u00e1tica<\/strong> en todas las etapas y \u00e1reas aquellos aspectos socioeducativos que fomentan el <strong>respeto, la convivencia y la coeducaci\u00f3n<\/strong>.<\/p>\n<p>El centro participa activamente en <strong>diferentes planes del Gobierno Vasco orientados a la coeducaci\u00f3n y la prevenci\u00f3n de la violencia de g\u00e9nero<\/strong>, lo que nos permite abordar estos contenidos de forma global e integrada en el proyecto educativo.<\/p>\n<p>Nuestro objetivo es <strong>educar en igualdad, eliminar cualquier forma de discriminaci\u00f3n por raz\u00f3n de sexo y normalizar una convivencia basada en el respeto mutuo.<\/strong> A lo largo del curso desarrollamos diversas actividades que promueven una sociedad m\u00e1s justa, equitativa y con mayor bienestar social.[\/vc_column_text][\/vc_column_inner][vc_column_inner width=\u00bb1\/2&#8243;][vc_single_image image=\u00bb9312&#8243; img_size=\u00bblarge\u00bb alignment=\u00bbcenter\u00bb css=\u00bb\u00bb][\/vc_column_inner][\/vc_row_inner][\/vc_column][\/vc_row][vc_row css=\u00bb.vc_custom_1558002805754{margin-top: 5% !important;margin-bottom: 5% !important;}\u00bb][vc_column][\/vc_column][\/vc_row]<\/p>\n<\/div>","protected":false},"excerpt":{"rendered":"<p>[vc_row css=\u00bb.vc_custom_1568361577019{padding-top: 5% !important;padding-bottom: 2% !important;}\u00bb][vc_column][vc_row_inner][vc_column_inner width=\u00bb1\/2&#8243;][vc_column_text css=\u00bb\u00bb] Coeducaci\u00f3n En Nevers Ikastetxea entendemos que educar es formar personas en igualdad de condiciones. Partimos de la idea de que todas las personas tienen el mismo valor: la igualdad reconoce las diferencias, pero no admite desigualdades. Nuestro entorno escolar ofrece un contexto privilegiado para detectar y reflexionar &hellip; <\/p>\n<p class=\"link-more\"><a href=\"https:\/\/neversikastetxea.com\/es\/coeducacion\/\" class=\"more-link\">Seguir leyendo<span class=\"screen-reader-text\"> \u00abCoeducaci\u00f3n\u00bb<\/span><\/a><\/p>\n","protected":false},"author":1,"featured_media":1178,"parent":0,"menu_order":0,"comment_status":"closed","ping_status":"closed","template":"","meta":{"footnotes":""},"class_list":["post-26","page","type-page","status-publish","has-post-thumbnail","hentry","entry"],"_links":{"self":[{"href":"https:\/\/neversikastetxea.com\/es\/wp-json\/wp\/v2\/pages\/26","targetHints":{"allow":["GET"]}}],"collection":[{"href":"https:\/\/neversikastetxea.com\/es\/wp-json\/wp\/v2\/pages"}],"about":[{"href":"https:\/\/neversikastetxea.com\/es\/wp-json\/wp\/v2\/types\/page"}],"author":[{"embeddable":true,"href":"https:\/\/neversikastetxea.com\/es\/wp-json\/wp\/v2\/users\/1"}],"replies":[{"embeddable":true,"href":"https:\/\/neversikastetxea.com\/es\/wp-json\/wp\/v2\/comments?post=26"}],"version-history":[{"count":4,"href":"https:\/\/neversikastetxea.com\/es\/wp-json\/wp\/v2\/pages\/26\/revisions"}],"predecessor-version":[{"id":9318,"href":"https:\/\/neversikastetxea.com\/es\/wp-json\/wp\/v2\/pages\/26\/revisions\/9318"}],"wp:featuredmedia":[{"embeddable":true,"href":"https:\/\/neversikastetxea.com\/es\/wp-json\/wp\/v2\/media\/1178"}],"wp:attachment":[{"href":"https:\/\/neversikastetxea.com\/es\/wp-json\/wp\/v2\/media?parent=26"}],"curies":[{"name":"wp","href":"https:\/\/api.w.org\/{rel}","templated":true}]}}