{"id":2701,"date":"2020-01-09T11:55:02","date_gmt":"2020-01-09T10:55:02","guid":{"rendered":"https:\/\/neversikastetxea.com\/?page_id=2701"},"modified":"2020-06-12T08:34:10","modified_gmt":"2020-06-12T06:34:10","slug":"matricula-abierta","status":"publish","type":"page","link":"https:\/\/neversikastetxea.com\/es\/matricula-abierta\/","title":{"rendered":"Matricula abierta"},"content":{"rendered":"<div class=\"wpb-content-wrapper\"><p>[vc_row css=\u00bb.vc_custom_1579274001318{background-image: url(https:\/\/neversikastetxea.com\/wp-content\/uploads\/2019\/05\/EducacionProyectos-e1578564248738.jpg?id=168) !important;background-position: center !important;background-repeat: no-repeat !important;background-size: cover !important;}\u00bb][vc_column width=\u00bb1\/2&#8243; css=\u00bb.vc_custom_1578563983219{padding-left: 300px !important;}\u00bb][vc_row_inner][vc_column_inner][vc_column_text css_animation=\u00bbleft-to-right\u00bb css=\u00bb.vc_custom_1591863889449{background-color: rgba(10,10,10,0.43) !important;*background-color: rgb(10,10,10) !important;}\u00bb]<\/p>\n<h2><strong><span style=\"color: #ffffff;\">\u00a1MATRICULACI\u00d3N ABIERTA!<\/span><\/strong><\/h2>\n<p>[\/vc_column_text][vc_column_text css_animation=\u00bbleft-to-right\u00bb css=\u00bb.vc_custom_1591865982521{background-color: rgba(10,10,10,0.43) !important;*background-color: rgb(10,10,10) !important;}\u00bb]<\/p>\n<h3>NEVERS IKASTETXEA, DONDE LOS ALUMNOS CONSTRUYEN SU IDENTIDAD<\/h3>\n<p>[\/vc_column_text][\/vc_column_inner][\/vc_row_inner][vc_row_inner content_placement=\u00bbmiddle\u00bb css=\u00bb.vc_custom_1578564180761{padding-bottom: 100px !important;}\u00bb][vc_column_inner width=\u00bb1\/2&#8243;]<div class=\"vckit-btn-container vckit-btn-inline\"><a class=\"vckit-btn button--winona button--size-m button--text-thin button--border-medium button--round-s vckit_custom_class_85e16f8e05e538\" href=\"https:\/\/tourmkr.com\/t588iS0JJA\/5583169p,212140m,144.52h,90.00t\" title=\"\" data-text=\"Tour virtual\" rel=\"nofollow noopener\" target=\"_blank\"><span>Tour virtual<\/span><\/a><\/div>\n<style type=\"text\/css\" data-type=\"vckit-shortcode-css\" data-shortcode=\"vckit_button\">.vckit-btn.vckit_custom_class_85e16f8e05e538 { color: #ffffff}.vckit-btn.vckit_custom_class_85e16f8e05e538 { border-color: #119692}.vckit-btn.vckit_custom_class_85e16f8e05e538 { background-color: #119692}<\/style>[\/vc_column_inner][\/vc_row_inner][\/vc_column][\/vc_row][vc_row][vc_column][vc_row_inner el_id=\u00bb#form\u00bb][vc_column_inner el_class=\u00bbpad-right\u00bb width=\u00bb1\/2&#8243;][vc_column_text css=\u00bb.vc_custom_1591864034475{padding-bottom: 10px !important;}\u00bb]<\/p>\n<h3>Ac\u00e9rcate a conocer el colegio<\/h3>\n<p>[\/vc_column_text][vc_column_text]Nuestras alumnas y alumnos son nuestro presente, pero tambi\u00e9n ser\u00e1n los profesionales del ma\u00f1ana y por eso confiamos en las <strong>metodolog\u00edas educativas m\u00e1s innovadoras<\/strong> para prepararles para un futuro lleno de retos y oportunidades.[\/vc_column_text][vc_empty_space][vc_column_text css=\u00bb.vc_custom_1580134432283{padding-bottom: 10px !important;}\u00bb]<\/p>\n<h3>Nueva guarder\u00eda<\/h3>\n<p>Nos hemos puesto manos a la obra para inaugurar nuestra <strong>nueva guarder\u00eda en Durango el curso 2020-21<\/strong>.[\/vc_column_text][vc_gallery interval=\u00bb3&#8243; images=\u00bb3665,3655,3657,3659,3661&#8243; img_size=\u00bbmedium\u00bb][\/vc_column_inner][vc_column_inner width=\u00bb1\/2&#8243;][vc_column_text]<\/p>\n<h3><strong>Ven a visitar el centro para ver las instalaciones, conocer al profesorado y empezar a vivir la experiencia Nevers<\/strong><\/h3>\n<p>[\/vc_column_text]\n<div class=\"wpcf7 no-js\" id=\"wpcf7-f3606-o1\" lang=\"eu\" dir=\"ltr\" data-wpcf7-id=\"3606\">\n<div class=\"screen-reader-response\"><p role=\"status\" aria-live=\"polite\" aria-atomic=\"true\"><\/p> <ul><\/ul><\/div>\n<form action=\"\/es\/wp-json\/wp\/v2\/pages\/2701#wpcf7-f3606-o1\" method=\"post\" class=\"wpcf7-form init\" aria-label=\"Contact form\" novalidate=\"novalidate\" data-status=\"init\">\n<fieldset class=\"hidden-fields-container\"><input type=\"hidden\" name=\"_wpcf7\" value=\"3606\" \/><input type=\"hidden\" name=\"_wpcf7_version\" value=\"6.1.5\" \/><input type=\"hidden\" name=\"_wpcf7_locale\" value=\"eu\" \/><input type=\"hidden\" name=\"_wpcf7_unit_tag\" value=\"wpcf7-f3606-o1\" \/><input type=\"hidden\" name=\"_wpcf7_container_post\" value=\"0\" \/><input type=\"hidden\" name=\"_wpcf7_posted_data_hash\" value=\"\" \/>\n<\/fieldset>\n<p><span id=\"wpcf7-69d28acedb257-wrapper\" class=\"wpcf7-form-control-wrap potipoti-554-wrap\" style=\"display:none !important; visibility:hidden !important;\"><label for=\"wpcf7-69d28acedb257-field\" class=\"hp-message\">Please leave this field empty.<\/label><input id=\"wpcf7-69d28acedb257-field\"  class=\"wpcf7-form-control wpcf7-text\" type=\"text\" name=\"potipoti-554\" value=\"\" size=\"40\" tabindex=\"-1\" autocomplete=\"new-password\" \/><\/span>\n<\/p>\n<p>Nombre (requerido)\n<\/p>\n<p><span class=\"wpcf7-form-control-wrap\" data-name=\"nombre\"><input size=\"40\" maxlength=\"400\" class=\"wpcf7-form-control wpcf7-text wpcf7-validates-as-required\" aria-required=\"true\" aria-invalid=\"false\" value=\"\" type=\"text\" name=\"nombre\" \/><\/span>\n<\/p>\n<p>Tel\u00e9fono (requerido)\n<\/p>\n<p><span class=\"wpcf7-form-control-wrap\" data-name=\"Telfono\"><input size=\"40\" maxlength=\"400\" class=\"wpcf7-form-control wpcf7-tel wpcf7-validates-as-required wpcf7-text wpcf7-validates-as-tel\" aria-required=\"true\" aria-invalid=\"false\" value=\"\" type=\"tel\" name=\"Telfono\" \/><\/span>\n<\/p>\n<p>E-mail (requerido)\n<\/p>\n<p><span class=\"wpcf7-form-control-wrap\" data-name=\"email\"><input size=\"40\" maxlength=\"400\" class=\"wpcf7-form-control wpcf7-email wpcf7-validates-as-required wpcf7-text wpcf7-validates-as-email\" aria-required=\"true\" aria-invalid=\"false\" value=\"\" type=\"email\" name=\"email\" \/><\/span>\n<\/p>\n<p>\u00bfC\u00faando nos quieres visitar?<br \/>\nCu\u00e9ntanos qu\u00e9 d\u00edas te vienen bien y nos pondremos en contacto contigo.\n<\/p>\n<p><span class=\"wpcf7-form-control-wrap\" data-name=\"mensaje\"><textarea cols=\"40\" rows=\"10\" maxlength=\"2000\" class=\"wpcf7-form-control wpcf7-textarea\" aria-invalid=\"false\" name=\"mensaje\"><\/textarea><\/span>\n<\/p>\n<p><span class=\"wpcf7-form-control-wrap\" data-name=\"Legal\"><span class=\"wpcf7-form-control wpcf7-checkbox wpcf7-validates-as-required\" id=\"condicionesContactForm\"><span class=\"wpcf7-list-item first last\"><input type=\"checkbox\" name=\"Legal[]\" value=\"He le\u00eddo y acepto las condiciones.\" \/><span class=\"wpcf7-list-item-label\">He le\u00eddo y acepto las condiciones.<\/span><\/span><\/span><\/span><br \/>\n<!-- Mailchimp for WordPress v4.11.1 - https:\/\/www.mc4wp.com\/ --><input type=\"hidden\" name=\"_mc4wp_subscribe_contact-form-7\" value=\"0\" \/><span class=\"mc4wp-checkbox mc4wp-checkbox-contact-form-7 \"><label><input type=\"checkbox\" name=\"_mc4wp_subscribe_contact-form-7\" value=\"1\" checked=\"checked\"><span>Quiero suscribirme a la lista de correo<\/span><\/label><\/span><!-- \/ Mailchimp for WordPress -->\n<\/p>\n<p><input class=\"wpcf7-form-control wpcf7-submit has-spinner\" type=\"submit\" value=\"Enviar\" \/>\n<\/p><div class=\"wpcf7-response-output\" aria-hidden=\"true\"><\/div>\n<\/form>\n<\/div>\n[\/vc_column_inner][\/vc_row_inner][\/vc_column][\/vc_row][vc_row][vc_column][vc_empty_space height=\u00bb80px\u00bb][\/vc_column][\/vc_row][vc_row][vc_column][vc_row_inner][vc_column_inner][vc_column_text]<\/p>\n<h2 style=\"text-align: center;\">\u00bfPor qu\u00e9 NEVERS?<\/h2>\n<p>[\/vc_column_text][vc_separator color=\u00bbblack\u00bb el_width=\u00bb50&#8243;][\/vc_column_inner][\/vc_row_inner][vc_empty_space height=\u00bb60px\u00bb][\/vc_column][\/vc_row][vc_row][vc_column][vc_row_inner][vc_column_inner width=\u00bb1\/2&#8243;][vc_single_image image=\u00bb160&#8243; img_size=\u00bblarge\u00bb alignment=\u00bbcenter\u00bb][\/vc_column_inner][vc_column_inner el_class=\u00bbpad-left\u00bb width=\u00bb1\/2&#8243;][vc_column_text]<\/p>\n<h3>Modelo \u00fanico en Durango<\/h3>\n<p>[\/vc_column_text][vc_column_text]<\/p>\n<p>En <strong>NEVERS IKASTETXEA<\/strong> contamos con un <strong>modelo claramente diferenciado<\/strong>, que apuesta por una educaci\u00f3n individualizada, moderna y transversal, por proyectos, orientada a formar personas <strong>creativas, colaborativas y pluriling\u00fces<\/strong>.<\/p>\n<p>Nuestra oferta educativa comprende <strong>todas las etapas, desde los 0 a los 16 a\u00f1os<\/strong>.<\/p>\n<p>[\/vc_column_text][\/vc_column_inner][\/vc_row_inner][\/vc_column][\/vc_row][vc_row][vc_column][vc_row_inner][vc_column_inner el_class=\u00bbpad-right\u00bb width=\u00bb1\/2&#8243;][vc_column_text]<\/p>\n<h3>Una apuesta de futuro<\/h3>\n<p>[\/vc_column_text][vc_column_text css=\u00bb.vc_custom_1578565436389{padding-right: 40px !important;}\u00bb]<strong>Formamos personas<\/strong> capaces de enfrentarse a los retos que presenta el futuro, como la constante evoluci\u00f3n tecnol\u00f3gica y la creciente demanda del dominio de las lenguas en el mercado laboral.[\/vc_column_text][vc_column_text]Todo ello mediante procesos innovadores en l\u00ednea con los <strong>modelos europeos m\u00e1s avanzados<\/strong>, con un profesorado implicado y en un <strong>ambiente familiar y cercan<\/strong>o tanto para madres y padres, como para los alumnos.[\/vc_column_text][\/vc_column_inner][vc_column_inner width=\u00bb1\/2&#8243;][vc_single_image image=\u00bb2714&#8243; img_size=\u00bblarge\u00bb alignment=\u00bbcenter\u00bb][\/vc_column_inner][\/vc_row_inner][\/vc_column][\/vc_row][vc_row][vc_column][vc_empty_space height=\u00bb80px\u00bb][\/vc_column][\/vc_row][vc_row][vc_column][vc_row_inner][vc_column_inner][vc_single_image image=\u00bb147&#8243; alignment=\u00bbcenter\u00bb][vc_column_text]<\/p>\n<h2 style=\"text-align: center;\">Testimonios<\/h2>\n<p>[\/vc_column_text][vc_empty_space][vc_posts_slider type=\u00bbflexslider_slide\u00bb count=\u00bb3&#8243; interval=\u00bb5&#8243; slides_content=\u00bbteaser\u00bb slides_title=\u00bb1&#8243; link=\u00bblink_no\u00bb posttypes=\u00bbtestimony\u00bb el_class=\u00bbtestimoniesSlider\u00bb][\/vc_column_inner][\/vc_row_inner][\/vc_column][\/vc_row]<\/p>\n<\/div>","protected":false},"excerpt":{"rendered":"<p>[vc_row css=\u00bb.vc_custom_1579274001318{background-image: url(https:\/\/neversikastetxea.com\/wp-content\/uploads\/2019\/05\/EducacionProyectos-e1578564248738.jpg?id=168) !important;background-position: center !important;background-repeat: no-repeat !important;background-size: cover !important;}\u00bb][vc_column width=\u00bb1\/2&#8243; css=\u00bb.vc_custom_1578563983219{padding-left: 300px !important;}\u00bb][vc_row_inner][vc_column_inner][vc_column_text css_animation=\u00bbleft-to-right\u00bb css=\u00bb.vc_custom_1591863889449{background-color: rgba(10,10,10,0.43) !important;*background-color: rgb(10,10,10) !important;}\u00bb] \u00a1MATRICULACI\u00d3N ABIERTA! [\/vc_column_text][vc_column_text css_animation=\u00bbleft-to-right\u00bb css=\u00bb.vc_custom_1591865982521{background-color: rgba(10,10,10,0.43) !important;*background-color: rgb(10,10,10) !important;}\u00bb] NEVERS IKASTETXEA, DONDE LOS ALUMNOS CONSTRUYEN SU IDENTIDAD [\/vc_column_text][\/vc_column_inner][\/vc_row_inner][vc_row_inner content_placement=\u00bbmiddle\u00bb css=\u00bb.vc_custom_1578564180761{padding-bottom: 100px !important;}\u00bb][vc_column_inner width=\u00bb1\/2&#8243;][\/vc_column_inner][\/vc_row_inner][\/vc_column][\/vc_row][vc_row][vc_column][vc_row_inner el_id=\u00bb#form\u00bb][vc_column_inner el_class=\u00bbpad-right\u00bb width=\u00bb1\/2&#8243;][vc_column_text css=\u00bb.vc_custom_1591864034475{padding-bottom: 10px !important;}\u00bb] Ac\u00e9rcate a conocer el colegio [\/vc_column_text][vc_column_text]Nuestras &hellip; <\/p>\n<p class=\"link-more\"><a href=\"https:\/\/neversikastetxea.com\/es\/matricula-abierta\/\" class=\"more-link\">Seguir leyendo<span class=\"screen-reader-text\"> \u00abMatricula abierta\u00bb<\/span><\/a><\/p>\n","protected":false},"author":1,"featured_media":0,"parent":0,"menu_order":0,"comment_status":"closed","ping_status":"closed","template":"","meta":{"footnotes":""},"class_list":["post-2701","page","type-page","status-publish","hentry","entry"],"_links":{"self":[{"href":"https:\/\/neversikastetxea.com\/es\/wp-json\/wp\/v2\/pages\/2701","targetHints":{"allow":["GET"]}}],"collection":[{"href":"https:\/\/neversikastetxea.com\/es\/wp-json\/wp\/v2\/pages"}],"about":[{"href":"https:\/\/neversikastetxea.com\/es\/wp-json\/wp\/v2\/types\/page"}],"author":[{"embeddable":true,"href":"https:\/\/neversikastetxea.com\/es\/wp-json\/wp\/v2\/users\/1"}],"replies":[{"embeddable":true,"href":"https:\/\/neversikastetxea.com\/es\/wp-json\/wp\/v2\/comments?post=2701"}],"version-history":[{"count":0,"href":"https:\/\/neversikastetxea.com\/es\/wp-json\/wp\/v2\/pages\/2701\/revisions"}],"wp:attachment":[{"href":"https:\/\/neversikastetxea.com\/es\/wp-json\/wp\/v2\/media?parent=2701"}],"curies":[{"name":"wp","href":"https:\/\/api.w.org\/{rel}","templated":true}]}}