{"id":30,"date":"2019-05-06T08:50:07","date_gmt":"2019-05-06T06:50:07","guid":{"rendered":"https:\/\/neversikastetxea.com\/?page_id=30"},"modified":"2025-03-13T14:39:19","modified_gmt":"2025-03-13T13:39:19","slug":"great-little-people","status":"publish","type":"page","link":"https:\/\/neversikastetxea.com\/es\/great-little-people\/","title":{"rendered":"Great Little People"},"content":{"rendered":"<div class=\"wpb-content-wrapper\"><p>[vc_row css=\u00bb.vc_custom_1578581400133{margin-top: 2% !important;padding-bottom: 2% !important;}\u00bb][vc_column][vc_row_inner content_placement=\u00bbmiddle\u00bb][vc_column_inner el_class=\u00bbpad-right\u00bb width=\u00bb1\/2&#8243;][vc_column_text css=\u00bb\u00bb]<\/p>\n<h1>Great Little People<\/h1>\n<p>En Nevers Ikastetxea incorporamos el m\u00e9todo Great Little People, una metodolog\u00eda innovadora de ingl\u00e9s para ni\u00f1as y ni\u00f1os desde los 3 a los 6 a\u00f1os.[\/vc_column_text][\/vc_column_inner][vc_column_inner width=\u00bb1\/2&#8243;][vc_empty_space height=\u00bb70px\u00bb][vc_video link=\u00bbhttps:\/\/www.youtube.com\/watch?v=5GbZEQg1jAE\u00bb css=\u00bb\u00bb][\/vc_column_inner][\/vc_row_inner][\/vc_column][\/vc_row][vc_row css=\u00bb.vc_custom_1577963982790{padding-top: 5% !important;padding-bottom: 5% !important;}\u00bb][vc_column][vc_row_inner equal_height=\u00bbyes\u00bb gap=\u00bb35&#8243;][vc_column_inner width=\u00bb1\/2&#8243;][vc_column_text css=\u00bb\u00bb]El m\u00e9todo Great Little People cuenta con materiales educativos propios completamente novedosos para el alumnado. Adem\u00e1s, trabaja sobre las principales destrezas de la lengua inglesa, poniendo especial \u00e9nfasis en las habilidades orales -speaking y listening &#8211; permitiendo la adquisici\u00f3n del ingl\u00e9s de manera activa con situaciones cotidianas similares a la vida real.[\/vc_column_text][\/vc_column_inner][vc_column_inner width=\u00bb1\/2&#8243;][vc_column_text css=\u00bb\u00bb]Los materiales GLP son principalmente de car\u00e1cter l\u00fadico; juegos experimentales y manipulativos, ejercicios de socializaci\u00f3n y sensibilizaci\u00f3n, as\u00ed como todo tipo de actividades sensoriales que logran desinhibir a los\/as ni\u00f1os\/as frente al uso de la lengua inglesa. \u00a1Todo ello en un escenario dise\u00f1ado por zonas o \u00abcorners\u00bb para dar rienda suelta a su participaci\u00f3n y creatividad![\/vc_column_text][\/vc_column_inner][\/vc_row_inner][\/vc_column][\/vc_row][vc_row][vc_column][vc_gallery type=\u00bbflexslider_slide\u00bb interval=\u00bb3&#8243; images=\u00bb7411,7409,7407&#8243; img_size=\u00bb1350&#215;1080&#8243; css=\u00bb\u00bb][\/vc_column][\/vc_row]<\/p>\n<\/div>","protected":false},"excerpt":{"rendered":"<p>[vc_row css=\u00bb.vc_custom_1578581400133{margin-top: 2% !important;padding-bottom: 2% !important;}\u00bb][vc_column][vc_row_inner content_placement=\u00bbmiddle\u00bb][vc_column_inner el_class=\u00bbpad-right\u00bb width=\u00bb1\/2&#8243;][vc_column_text css=\u00bb\u00bb] Great Little People En Nevers Ikastetxea incorporamos el m\u00e9todo Great Little People, una metodolog\u00eda innovadora de ingl\u00e9s para ni\u00f1as y ni\u00f1os desde los 3 a los 6 a\u00f1os.[\/vc_column_text][\/vc_column_inner][vc_column_inner width=\u00bb1\/2&#8243;][vc_empty_space height=\u00bb70px\u00bb][vc_video link=\u00bbhttps:\/\/www.youtube.com\/watch?v=5GbZEQg1jAE\u00bb css=\u00bb\u00bb][\/vc_column_inner][\/vc_row_inner][\/vc_column][\/vc_row][vc_row css=\u00bb.vc_custom_1577963982790{padding-top: 5% !important;padding-bottom: 5% !important;}\u00bb][vc_column][vc_row_inner equal_height=\u00bbyes\u00bb gap=\u00bb35&#8243;][vc_column_inner width=\u00bb1\/2&#8243;][vc_column_text css=\u00bb\u00bb]El m\u00e9todo Great Little People &hellip; <\/p>\n<p class=\"link-more\"><a href=\"https:\/\/neversikastetxea.com\/es\/great-little-people\/\" class=\"more-link\">Seguir leyendo<span class=\"screen-reader-text\"> \u00abGreat Little People\u00bb<\/span><\/a><\/p>\n","protected":false},"author":1,"featured_media":0,"parent":0,"menu_order":0,"comment_status":"closed","ping_status":"closed","template":"","meta":{"footnotes":""},"class_list":["post-30","page","type-page","status-publish","hentry","entry"],"_links":{"self":[{"href":"https:\/\/neversikastetxea.com\/es\/wp-json\/wp\/v2\/pages\/30","targetHints":{"allow":["GET"]}}],"collection":[{"href":"https:\/\/neversikastetxea.com\/es\/wp-json\/wp\/v2\/pages"}],"about":[{"href":"https:\/\/neversikastetxea.com\/es\/wp-json\/wp\/v2\/types\/page"}],"author":[{"embeddable":true,"href":"https:\/\/neversikastetxea.com\/es\/wp-json\/wp\/v2\/users\/1"}],"replies":[{"embeddable":true,"href":"https:\/\/neversikastetxea.com\/es\/wp-json\/wp\/v2\/comments?post=30"}],"version-history":[{"count":3,"href":"https:\/\/neversikastetxea.com\/es\/wp-json\/wp\/v2\/pages\/30\/revisions"}],"predecessor-version":[{"id":7417,"href":"https:\/\/neversikastetxea.com\/es\/wp-json\/wp\/v2\/pages\/30\/revisions\/7417"}],"wp:attachment":[{"href":"https:\/\/neversikastetxea.com\/es\/wp-json\/wp\/v2\/media?parent=30"}],"curies":[{"name":"wp","href":"https:\/\/api.w.org\/{rel}","templated":true}]}}