{"id":34,"date":"2019-05-06T08:50:27","date_gmt":"2019-05-06T06:50:27","guid":{"rendered":"https:\/\/neversikastetxea.com\/?page_id=34"},"modified":"2026-01-23T11:04:41","modified_gmt":"2026-01-23T10:04:41","slug":"nevers-berdea","status":"publish","type":"page","link":"https:\/\/neversikastetxea.com\/es\/nevers-berdea\/","title":{"rendered":"Nevers Berdea"},"content":{"rendered":"<div class=\"wpb-content-wrapper\"><p>[vc_row css=\u00bb.vc_custom_1568361577019{padding-top: 5% !important;padding-bottom: 2% !important;}\u00bb][vc_column][vc_row_inner][vc_column_inner width=\u00bb1\/2&#8243;][vc_column_text css=\u00bb\u00bb]<\/p>\n<h1>Nevers Berdea<\/h1>\n<p><strong>En el programa Agenda Escolar 2030<\/strong> trabajamos diariamente el bienestar escolar. El alumnado aprende a cuidarse, construimos una escuela m\u00e1s amable y damos pasos hacia un mundo m\u00e1s justo y sostenible. Las familias, el alumnado y el personal escolar vamos en la misma direcci\u00f3n.<\/p>\n<p>\u00a1Las acciones de hoy mejoran el mundo del ma\u00f1ana![\/vc_column_text][\/vc_column_inner][vc_column_inner width=\u00bb1\/2&#8243;][vc_single_image image=\u00bb1650&#8243; img_size=\u00bblarge\u00bb][\/vc_column_inner][\/vc_row_inner][\/vc_column][\/vc_row][vc_row css=\u00bb.vc_custom_1577965318141{padding-top: 5% !important;padding-bottom: 3% !important;}\u00bb][vc_column][vc_row_inner][vc_column_inner][vc_column_text css=\u00bb\u00bb el_class=\u00bbcolumna-texto\u00bb]Los <strong>objetivos<\/strong> que persigue Nevers Ikastetxea mediante la Agenda 30 son los siguientes:<\/p>\n<ul>\n<li>La <strong>concienciaci\u00f3n<\/strong> del alumnado sobre la sostenibilidad ambiental del centro educativo as\u00ed como de su entorno.<\/li>\n<li>La <strong>introducci\u00f3n transversal<\/strong> de los contenidos propios de la Agenda 30 en el curr\u00edculum educativo de las diferentes materias en todas las etapas.<\/li>\n<li>La <strong>participaci\u00f3n activa<\/strong> de toda la comunidad educativa en colaboraci\u00f3n <strong>con el ayuntamiento de Durango<\/strong>, <strong>la Mancomunidad del Duranguesado y el Gobierno Vasco.<\/strong><\/li>\n<\/ul>\n<p>Para alcanzar estos objetivos, cada curso escolar se trabaja en torno a un tema espec\u00edfico, para el cual se programan diversas actividades, tales como la <strong>participaci\u00f3n en el foro municipal,<\/strong> <strong>presentaci\u00f3n de mejoras medioambientales en el centro y en el municipio,<\/strong> <strong>salidas<\/strong> pedag\u00f3gicas, <strong>campa\u00f1as<\/strong> de concienciaci\u00f3n sobre el cuidado del medioambiente y <strong>charlas<\/strong> formativas.[\/vc_column_text][\/vc_column_inner][\/vc_row_inner][\/vc_column][\/vc_row]<\/p>\n<\/div>","protected":false},"excerpt":{"rendered":"<p>[vc_row css=\u00bb.vc_custom_1568361577019{padding-top: 5% !important;padding-bottom: 2% !important;}\u00bb][vc_column][vc_row_inner][vc_column_inner width=\u00bb1\/2&#8243;][vc_column_text css=\u00bb\u00bb] Nevers Berdea En el programa Agenda Escolar 2030 trabajamos diariamente el bienestar escolar. El alumnado aprende a cuidarse, construimos una escuela m\u00e1s amable y damos pasos hacia un mundo m\u00e1s justo y sostenible. Las familias, el alumnado y el personal escolar vamos en la misma direcci\u00f3n. \u00a1Las &hellip; <\/p>\n<p class=\"link-more\"><a href=\"https:\/\/neversikastetxea.com\/es\/nevers-berdea\/\" class=\"more-link\">Seguir leyendo<span class=\"screen-reader-text\"> \u00abNevers Berdea\u00bb<\/span><\/a><\/p>\n","protected":false},"author":1,"featured_media":0,"parent":0,"menu_order":0,"comment_status":"closed","ping_status":"closed","template":"","meta":{"footnotes":""},"class_list":["post-34","page","type-page","status-publish","hentry","entry"],"_links":{"self":[{"href":"https:\/\/neversikastetxea.com\/es\/wp-json\/wp\/v2\/pages\/34","targetHints":{"allow":["GET"]}}],"collection":[{"href":"https:\/\/neversikastetxea.com\/es\/wp-json\/wp\/v2\/pages"}],"about":[{"href":"https:\/\/neversikastetxea.com\/es\/wp-json\/wp\/v2\/types\/page"}],"author":[{"embeddable":true,"href":"https:\/\/neversikastetxea.com\/es\/wp-json\/wp\/v2\/users\/1"}],"replies":[{"embeddable":true,"href":"https:\/\/neversikastetxea.com\/es\/wp-json\/wp\/v2\/comments?post=34"}],"version-history":[{"count":2,"href":"https:\/\/neversikastetxea.com\/es\/wp-json\/wp\/v2\/pages\/34\/revisions"}],"predecessor-version":[{"id":9042,"href":"https:\/\/neversikastetxea.com\/es\/wp-json\/wp\/v2\/pages\/34\/revisions\/9042"}],"wp:attachment":[{"href":"https:\/\/neversikastetxea.com\/es\/wp-json\/wp\/v2\/media?parent=34"}],"curies":[{"name":"wp","href":"https:\/\/api.w.org\/{rel}","templated":true}]}}