{"id":38,"date":"2019-05-06T08:50:46","date_gmt":"2019-05-06T06:50:46","guid":{"rendered":"https:\/\/neversikastetxea.com\/?page_id=38"},"modified":"2025-12-03T10:36:43","modified_gmt":"2025-12-03T09:36:43","slug":"programa-lectoescritor","status":"publish","type":"page","link":"https:\/\/neversikastetxea.com\/es\/programa-lectoescritor\/","title":{"rendered":"Programa Lectoescritor"},"content":{"rendered":"<div class=\"wpb-content-wrapper\"><p>[vc_row css=\u00bb.vc_custom_1568361577019{padding-top: 5% !important;padding-bottom: 2% !important;}\u00bb][vc_column][vc_row_inner equal_height=\u00bbyes\u00bb content_placement=\u00bbmiddle\u00bb][vc_column_inner width=\u00bb1\/2&#8243; css=\u00bb.vc_custom_1578586213714{padding-right: 2% !important;padding-left: 2% !important;}\u00bb][vc_column_text]<\/p>\n<h1>Programa Lectoescritor<\/h1>\n<p>En\u00a0<strong>Nevers Ikastetxea<\/strong>\u00a0entendemos el aula ordinaria como un contexto natural que debe ofrecer un modelo ling\u00fc\u00edstico claro y estructurado, donde se lleven pr\u00e1cticas que mejoren los recursos de los ni\u00f1os y ni\u00f1as.[\/vc_column_text][\/vc_column_inner][vc_column_inner width=\u00bb1\/2&#8243; css=\u00bb.vc_custom_1578586220114{padding-right: 4% !important;padding-left: 4% !important;}\u00bb][vc_single_image image=\u00bb8662&#8243; img_size=\u00bblarge\u00bb alignment=\u00bbcenter\u00bb css=\u00bb\u00bb][\/vc_column_inner][\/vc_row_inner][\/vc_column][\/vc_row][vc_row css=\u00bb.vc_custom_1577965190336{padding-top: 5% !important;padding-bottom: 3% !important;}\u00bb][vc_column][vc_row_inner][vc_column_inner][vc_column_text el_class=\u00bbcolumna-texto\u00bb]Dada la importancia de la <strong>competencia ling\u00fc\u00edstica, tanto oral como escrita<\/strong> en todos los \u00e1mbitos de la vida, y las numerosas dificultades que detectamos a lo largo de los primeros a\u00f1os de escolarizaci\u00f3n, surge la idea de crear este <strong>programa dirigido a alumnos y alumnas con edades<\/strong> comprendidas <strong>entre los 2 y los 8 a\u00f1os<\/strong>, con el fin de proporcionar un <strong>abordaje preventivo<\/strong>, as\u00ed como un plan espec\u00edfico <strong>dirigido a solventar dichas dificultades.<\/strong><\/p>\n<p>Es por ello que nuestro profesorado, asesorado y formado por los especialistas del programa Lectoescritor, <strong>prioriza la detecci\u00f3n temprana de las dificultades en el lenguaje oral <\/strong>(3-6 a\u00f1os, durante el <a href=\"https:\/\/neversikastetxea.com\/es\/educacion-infantil\/\">ciclo de infantil<\/a>), en los aprendizajes instrumentales de la <strong>lectura y la escritura<\/strong> (5-8 a\u00f1os, <a href=\"https:\/\/neversikastetxea.com\/es\/educacion-primaria\/\">ciclo de primaria<\/a>) y de los posibles d\u00e9ficit atencionales (6-8 a\u00f1os, <a href=\"https:\/\/neversikastetxea.com\/es\/educacion-primaria\/\">ciclo de primaria<\/a>). Cuando se estima necesario se llevan a cabo valoraciones psicopedag\u00f3gicas y\/o logop\u00e9dicas que nos ayudan a personalizar los programas de intervenci\u00f3n ajustados a cada problem\u00e1tica, teniendo en cuenta la colaboraci\u00f3n inestimable de las familias.<\/p>\n<p>Consideramos que el trabajo y el apoyo que se pueda facilitar desde casa es fundamental a la hora de adquirir las destrezas vinculadas a la lectoescritura. Con este fin desde el colegio ofrecemos <strong>jornadas de formaci\u00f3n dirigidas a las familias<\/strong>, en las que se abordan diferentes temas (buenas pr\u00e1cticas, detecci\u00f3n precoz de dificultades, dislexia, lectura comprensiva\u2026).<\/p>\n<p>Si fuese necesario, tambi\u00e9n contamos con un <strong><a href=\"https:\/\/neversikastetxea.com\/servicio-psicopedagogico-y-logopedico\/\">servicio especial de Logopedia<\/a><\/strong>, dedicado expresamente a tratar las dificultades logopedag\u00f3gicas del alumno o alumna. Se refuerzan las acciones tomadas en este plan adicionalmente, fuera del aula con el profesorado especializado.[\/vc_column_text][\/vc_column_inner][\/vc_row_inner][\/vc_column][\/vc_row][vc_row full_width=\u00bbstretch_row_content_no_spaces\u00bb equal_height=\u00bbyes\u00bb el_id=\u00bbvideoEntrance\u00bb css=\u00bb.vc_custom_1577966227544{padding-bottom: 5% !important;}\u00bb][vc_column css=\u00bb.vc_custom_1557731171868{margin-top: 0px !important;margin-right: 0px !important;margin-bottom: 0px !important;margin-left: 0px !important;padding-top: 0px !important;padding-right: 0px !important;padding-bottom: 0px !important;padding-left: 0px !important;}\u00bb offset=\u00bbvc_hidden-sm vc_hidden-xs\u00bb][vc_row_inner][vc_column_inner width=\u00bb1\/2&#8243;][vc_single_image image=\u00bb8657&#8243; img_size=\u00bb600&#215;800&#8243; alignment=\u00bbcenter\u00bb css=\u00bb\u00bb][\/vc_column_inner][vc_column_inner width=\u00bb1\/2&#8243;][vc_single_image image=\u00bb8658&#8243; img_size=\u00bb600&#215;800&#8243; alignment=\u00bbcenter\u00bb css=\u00bb\u00bb][\/vc_column_inner][\/vc_row_inner][\/vc_column][\/vc_row]<\/p>\n<\/div>","protected":false},"excerpt":{"rendered":"<p>[vc_row css=\u00bb.vc_custom_1568361577019{padding-top: 5% !important;padding-bottom: 2% !important;}\u00bb][vc_column][vc_row_inner equal_height=\u00bbyes\u00bb content_placement=\u00bbmiddle\u00bb][vc_column_inner width=\u00bb1\/2&#8243; css=\u00bb.vc_custom_1578586213714{padding-right: 2% !important;padding-left: 2% !important;}\u00bb][vc_column_text] Programa Lectoescritor En\u00a0Nevers Ikastetxea\u00a0entendemos el aula ordinaria como un contexto natural que debe ofrecer un modelo ling\u00fc\u00edstico claro y estructurado, donde se lleven pr\u00e1cticas que mejoren los recursos de los ni\u00f1os y ni\u00f1as.[\/vc_column_text][\/vc_column_inner][vc_column_inner width=\u00bb1\/2&#8243; css=\u00bb.vc_custom_1578586220114{padding-right: 4% !important;padding-left: 4% !important;}\u00bb][vc_single_image image=\u00bb8662&#8243; img_size=\u00bblarge\u00bb &hellip; <\/p>\n<p class=\"link-more\"><a href=\"https:\/\/neversikastetxea.com\/es\/programa-lectoescritor\/\" class=\"more-link\">Seguir leyendo<span class=\"screen-reader-text\"> \u00abPrograma Lectoescritor\u00bb<\/span><\/a><\/p>\n","protected":false},"author":1,"featured_media":0,"parent":0,"menu_order":0,"comment_status":"closed","ping_status":"closed","template":"","meta":{"footnotes":""},"class_list":["post-38","page","type-page","status-publish","hentry","entry"],"_links":{"self":[{"href":"https:\/\/neversikastetxea.com\/es\/wp-json\/wp\/v2\/pages\/38","targetHints":{"allow":["GET"]}}],"collection":[{"href":"https:\/\/neversikastetxea.com\/es\/wp-json\/wp\/v2\/pages"}],"about":[{"href":"https:\/\/neversikastetxea.com\/es\/wp-json\/wp\/v2\/types\/page"}],"author":[{"embeddable":true,"href":"https:\/\/neversikastetxea.com\/es\/wp-json\/wp\/v2\/users\/1"}],"replies":[{"embeddable":true,"href":"https:\/\/neversikastetxea.com\/es\/wp-json\/wp\/v2\/comments?post=38"}],"version-history":[{"count":11,"href":"https:\/\/neversikastetxea.com\/es\/wp-json\/wp\/v2\/pages\/38\/revisions"}],"predecessor-version":[{"id":8683,"href":"https:\/\/neversikastetxea.com\/es\/wp-json\/wp\/v2\/pages\/38\/revisions\/8683"}],"wp:attachment":[{"href":"https:\/\/neversikastetxea.com\/es\/wp-json\/wp\/v2\/media?parent=38"}],"curies":[{"name":"wp","href":"https:\/\/api.w.org\/{rel}","templated":true}]}}