{"id":48,"date":"2019-05-06T08:51:36","date_gmt":"2019-05-06T06:51:36","guid":{"rendered":"https:\/\/neversikastetxea.com\/?page_id=48"},"modified":"2020-10-29T16:10:22","modified_gmt":"2020-10-29T15:10:22","slug":"servicio-psicopedagogico-y-logopedico","status":"publish","type":"page","link":"https:\/\/neversikastetxea.com\/es\/servicio-psicopedagogico-y-logopedico\/","title":{"rendered":"Servicio Psicopedag\u00f3gico y Logop\u00e9dico"},"content":{"rendered":"<div class=\"wpb-content-wrapper\"><p>[vc_row css=\u00bb.vc_custom_1568361577019{padding-top: 5% !important;padding-bottom: 2% !important;}\u00bb][vc_column][vc_row_inner][vc_column_inner width=\u00bb1\/2&#8243;][vc_column_text]<\/p>\n<h1>Servicio Psicopedag\u00f3gico<br \/>\ny Logop\u00e9dico<\/h1>\n<p>[\/vc_column_text][\/vc_column_inner][vc_column_inner width=\u00bb1\/2&#8243;][vc_single_image image=\u00bb1680&#8243; img_size=\u00bblarge\u00bb alignment=\u00bbcenter\u00bb][\/vc_column_inner][\/vc_row_inner][\/vc_column][\/vc_row][vc_row css=\u00bb.vc_custom_1577966557444{padding-top: 5% !important;padding-bottom: 2% !important;}\u00bb][vc_column][vc_row_inner][vc_column_inner][vc_column_text el_class=\u00bbcolumna-texto\u00bb]<\/p>\n<h2>Psicopedagog\u00eda y Logopedia<\/h2>\n<p>Dada la importancia del lenguaje en todos los \u00e1mbitos de la vida, en <strong>Nevers Ikastetxea<\/strong> trabajamos para:\u00a0<b>prevenir, detectar, orientar, valorar e intervenir<\/b>.<\/p>\n<p>El objetivo general que nos planteamos es proporcionar un plan, que <strong>mejore los recursos<\/strong> de las ni\u00f1as y ni\u00f1os en los primeros a\u00f1os de aprendizaje pero adem\u00e1s, <strong>detectar las posibles dificultades<\/strong> que obstaculizan la comunicaci\u00f3n <strong>verbal<\/strong> (3\u20135 a\u00f1os), los aprendizajes instrumentales b\u00e1sicos, <strong>lectura<\/strong> y <strong>escritura<\/strong> (5-8 a\u00f1os) y el <strong>posible d\u00e9ficit atencional<\/strong> (6\u20138 a\u00f1os).<\/p>\n<p>Durante todos los ciclos, aunque a mayor nivel en el <a href=\"https:\/\/neversikastetxea.com\/es\/educacion-infantil\/\"><strong>infantil<\/strong><\/a>, el profesorado pone en pr\u00e1ctica una metodolog\u00eda basada en el <strong><a href=\"https:\/\/neversikastetxea.com\/programa-lectoescritor\/\">proyecto lectoescritor<\/a> <\/strong>para guiar a los alumnos hacia un mejor conocimiento y uso del lenguaje. Durante esta etapa se <strong>observa personalmente a cada alumno para detectar posibles dificultades.\u00a0<\/strong><\/p>\n<p>En el propio centro, a trav\u00e9s de especialistas, realizamos <strong>valoraciones psicopedag\u00f3gicas y logop\u00e9dicas,<\/strong> que nos ayudan a poder adecuar programas de intervenci\u00f3n individuales a cada problem\u00e1tica para todos los alumnos y alumnas del centro, independientemente de la etapa que est\u00e9n cursando durante el a\u00f1o acad\u00e9mico en vigor.[\/vc_column_text][\/vc_column_inner][\/vc_row_inner][\/vc_column][\/vc_row][vc_row][vc_column][vc_row_inner][vc_column_inner][vc_column_text el_class=\u00bbcolumna-texto\u00bb]<\/p>\n<h2>Los Servicios<\/h2>\n<p>Nuestros servicios logopedas y psicol\u00f3gicos trabajan con el alumno o alumna de manera <strong>individual y personalmente<\/strong>. Se <strong>estudiar\u00e1 y valorar\u00e1 cada caso<\/strong> junto a los padres y madres, el profesorado y el personal experto en estos servicios. Estos servicios adicionales se llevar\u00e1n a cabo en horario escolar como apoyo y refuerzo, informando a los padres y las madres del progreso de sus hijos e hijas. Entre otras muchas t\u00e9cnicas, se trabaja con <strong>materiales did\u00e1cticos<\/strong>,<strong> tecnolog\u00eda adaptada<\/strong> u otros materiales personalizados para hacer que el alumnado progrese y se encuentre apoyado en todo momento.[\/vc_column_text][\/vc_column_inner][\/vc_row_inner][vc_row_inner][vc_column_inner][vc_column_text]<\/p>\n<h3 style=\"text-align: center;\">Ayudamos a tu hijo e hija ante las siguientes dificultades:<\/h3>\n<p>[\/vc_column_text][\/vc_column_inner][\/vc_row_inner][vc_row_inner gap=\u00bb35&#8243;][vc_column_inner width=\u00bb1\/2&#8243;][vc_column_text]<\/p>\n<h4>Psicopedag\u00f3gicos:<\/h4>\n<ul>\n<li>Evaluaci\u00f3n y diagn\u00f3stico de aptitudes cognitivas, caracter\u00edsticas personales y de conducta, <strong>relaciones<\/strong> con los compa\u00f1eros y las compa\u00f1eras de grupo, <strong>dificultades en el aprendizaje<\/strong>, problemas de <strong>comportamiento<\/strong> y m\u00e9todo de <strong>estudio<\/strong> que emplean.<\/li>\n<li>Asesoramiento y <strong>orientaci\u00f3n vocacional<\/strong>. Dirigido en especial a los alumnos y alumnas de <strong><a href=\"https:\/\/neversikastetxea.com\/es\/educacion-secundaria-obligatoria\/\">ESO<\/a><\/strong>.<\/li>\n<li><strong>Intervenci\u00f3n terap\u00e9utica<\/strong>, si procede, en contacto con los <strong>padres, las madres y el profesorado<\/strong>, sobre aquellos alumnos y alumnas que presentan problemas personales o de comportamiento.<\/li>\n<\/ul>\n<p>[\/vc_column_text][\/vc_column_inner][vc_column_inner width=\u00bb1\/2&#8243;][vc_column_text]<\/p>\n<h4>Logopedag\u00f3gicos:<\/h4>\n<ul>\n<li>\u00a0Lenguaje oral (retraso del lenguaje, trastornos de articulaci\u00f3n del habla, tartamudez\u2026)<\/li>\n<li>Lenguaje escrito (dislexia y disgraf\u00eda)<\/li>\n<li>C\u00e1lculo (discalculia)<\/li>\n<li>Funciones orales no verbales<\/li>\n<li>Respiraci\u00f3n (respiraci\u00f3n bucal)<\/li>\n<li>Degluci\u00f3n (degluci\u00f3n at\u00edpica)<\/li>\n<li>Masticaci\u00f3n<\/li>\n<li>Trastornos de la voz (disfon\u00eda)<\/li>\n<\/ul>\n<p>[\/vc_column_text][vc_empty_space][\/vc_column_inner][\/vc_row_inner][\/vc_column][\/vc_row]<\/p>\n<\/div>","protected":false},"excerpt":{"rendered":"<p>[vc_row css=\u00bb.vc_custom_1568361577019{padding-top: 5% !important;padding-bottom: 2% !important;}\u00bb][vc_column][vc_row_inner][vc_column_inner width=\u00bb1\/2&#8243;][vc_column_text] Servicio Psicopedag\u00f3gico y Logop\u00e9dico [\/vc_column_text][\/vc_column_inner][vc_column_inner width=\u00bb1\/2&#8243;][vc_single_image image=\u00bb1680&#8243; img_size=\u00bblarge\u00bb alignment=\u00bbcenter\u00bb][\/vc_column_inner][\/vc_row_inner][\/vc_column][\/vc_row][vc_row css=\u00bb.vc_custom_1577966557444{padding-top: 5% !important;padding-bottom: 2% !important;}\u00bb][vc_column][vc_row_inner][vc_column_inner][vc_column_text el_class=\u00bbcolumna-texto\u00bb] Psicopedagog\u00eda y Logopedia Dada la importancia del lenguaje en todos los \u00e1mbitos de la vida, en Nevers Ikastetxea trabajamos para:\u00a0prevenir, detectar, orientar, valorar e intervenir. El objetivo general que nos planteamos es proporcionar &hellip; <\/p>\n<p class=\"link-more\"><a href=\"https:\/\/neversikastetxea.com\/es\/servicio-psicopedagogico-y-logopedico\/\" class=\"more-link\">Seguir leyendo<span class=\"screen-reader-text\"> \u00abServicio Psicopedag\u00f3gico y Logop\u00e9dico\u00bb<\/span><\/a><\/p>\n","protected":false},"author":1,"featured_media":0,"parent":0,"menu_order":0,"comment_status":"closed","ping_status":"closed","template":"","meta":{"footnotes":""},"class_list":["post-48","page","type-page","status-publish","hentry","entry"],"_links":{"self":[{"href":"https:\/\/neversikastetxea.com\/es\/wp-json\/wp\/v2\/pages\/48","targetHints":{"allow":["GET"]}}],"collection":[{"href":"https:\/\/neversikastetxea.com\/es\/wp-json\/wp\/v2\/pages"}],"about":[{"href":"https:\/\/neversikastetxea.com\/es\/wp-json\/wp\/v2\/types\/page"}],"author":[{"embeddable":true,"href":"https:\/\/neversikastetxea.com\/es\/wp-json\/wp\/v2\/users\/1"}],"replies":[{"embeddable":true,"href":"https:\/\/neversikastetxea.com\/es\/wp-json\/wp\/v2\/comments?post=48"}],"version-history":[{"count":0,"href":"https:\/\/neversikastetxea.com\/es\/wp-json\/wp\/v2\/pages\/48\/revisions"}],"wp:attachment":[{"href":"https:\/\/neversikastetxea.com\/es\/wp-json\/wp\/v2\/media?parent=48"}],"curies":[{"name":"wp","href":"https:\/\/api.w.org\/{rel}","templated":true}]}}