{"id":552,"date":"2019-05-16T13:15:16","date_gmt":"2019-05-16T11:15:16","guid":{"rendered":"https:\/\/neversikastetxea.com\/?page_id=552"},"modified":"2025-09-02T11:00:42","modified_gmt":"2025-09-02T09:00:42","slug":"culturales","status":"publish","type":"page","link":"https:\/\/neversikastetxea.com\/es\/culturales\/","title":{"rendered":"Actividades extraescolares &#8211; mediod\u00eda"},"content":{"rendered":"<div class=\"wpb-content-wrapper\"><p>[vc_row css=\u00bb.vc_custom_1577439870624{padding-top: 2% !important;padding-bottom: 2% !important;}\u00bb][vc_column css=\u00bb.vc_custom_1664188661968{margin-bottom: 50px !important;}\u00bb][vc_row_inner content_placement=\u00bbmiddle\u00bb][vc_column_inner][vc_column_text css=\u00bb\u00bb el_class=\u00bbpad-right\u00bb]<\/p>\n<h1>Actividades extraescolares y deporte escolar 2025\/2026<\/h1>\n<p>[\/vc_column_text][\/vc_column_inner][\/vc_row_inner][vc_row_inner content_placement=\u00bbmiddle\u00bb][vc_column_inner][vc_column_text css=\u00bb\u00bb el_class=\u00bbpad-right\u00bb]Os presentamos el programa <strong>de extraescolares y de deporte escolar de Nevers Ikastetxea para el pr\u00f3ximo curso acad\u00e9mico 2025\/2026.<\/strong><\/p>\n<p>Es un compromiso del Proyecto Educativo ofrecer al alumnado y sus familias un conjunto de actividades que, m\u00e1s all\u00e1 de la educaci\u00f3n formal, <strong>complementen y enriquezcan la formaci\u00f3n, estimulen y canalicen la creatividad y promuevan h\u00e1bitos de vida saludable.<\/strong><\/p>\n<p>El alumnado, fuera de los espacios y tiempos habituales de su grupo de clase, encuentra un cauce de <strong>aprendizaje distinto<\/strong>, un conjunto de compa\u00f1eros y amigos de clases y niveles distintos que le enriquece y le hace crecer, percibe una vertiente del colegio distinta de la habitual que le har\u00e1 sentirse m\u00e1s vinculado a \u00e9l.<\/p>\n<p>Un ni\u00f1o o ni\u00f1a que participa en una actividad extraescolar es una persona que est\u00e1 en el <strong>camino de la autorrealizaci\u00f3n y la satisfacci\u00f3n personal<\/strong>.<\/p>\n<p>A continuaci\u00f3n se encuentra un <strong>listado de actividades<\/strong> que ofrecemos para este curso acad\u00e9mico. Los <strong>precios son mensuales<\/strong> y podr\u00edan variar.<\/p>\n<p>La <strong>inscripci\u00f3n<\/strong> a las actividades extraescolares se realizar\u00e1 mediante los enlaces que aparecen debajo.[\/vc_column_text][\/vc_column_inner][\/vc_row_inner][vc_empty_space height=\u00bb45&#8243;][vc_row_inner content_placement=\u00bbmiddle\u00bb][vc_column_inner width=\u00bb1\/2&#8243;][vc_single_image image=\u00bb7543&#8243; img_size=\u00bb1080&#215;1350&#8243; alignment=\u00bbcenter\u00bb css=\u00bb\u00bb][vc_empty_space]<div class=\"vckit-btn-container vckit-btn-center\"><a class=\"vckit-btn button--winona button--size-m button--text-thin button--border-thin button--round-none vckit_custom_class_968779042a372c  seeMoreButton\" href=\"https:\/\/neversikastetxea.com\/wp-content\/uploads\/2025\/07\/Eskola-Kirola.pdf\" title=\"\" target=\"_blank\" rel=\"nofollow\" data-text=\"DEPORTE ESCOLAR 2025\/2026\"><span>DEPORTE ESCOLAR 2025\/2026<\/span><\/a><\/div>\n<style type=\"text\/css\" data-type=\"vckit-shortcode-css\" data-shortcode=\"vckit_button\">.vckit-btn.vckit_custom_class_968779042a372c { color: #ffffff}.vckit-btn.vckit_custom_class_968779042a372c { border-color: #1e73be}<\/style>[\/vc_column_inner][vc_column_inner width=\u00bb1\/2&#8243;][vc_single_image image=\u00bb7541&#8243; img_size=\u00bb1080&#215;1350&#8243; alignment=\u00bbcenter\u00bb css=\u00bb\u00bb][vc_empty_space]<div class=\"vckit-btn-container vckit-btn-center\"><a class=\"vckit-btn button--winona button--size-m button--text-thin button--border-thin button--round-none vckit_custom_class_86877902751ed1  seeMoreButton button--text-upper\" href=\"https:\/\/neversikastetxea.com\/wp-content\/uploads\/2025\/07\/Eguerdietako-extraeskolarrak-3.pdf\" title=\"\" target=\"_blank\" rel=\"nofollow\" data-text=\"ACTIVIDADES EXTRAESCOLARES\"><span>ACTIVIDADES EXTRAESCOLARES<\/span><\/a><\/div>\n<style type=\"text\/css\" data-type=\"vckit-shortcode-css\" data-shortcode=\"vckit_button\">.vckit-btn.vckit_custom_class_86877902751ed1 { color: #ffffff}.vckit-btn.vckit_custom_class_86877902751ed1 { border-color: #1e73be}<\/style>[\/vc_column_inner][\/vc_row_inner][\/vc_column][\/vc_row][vc_row full_width=\u00bbstretch_row\u00bb gap=\u00bb20&#8243; el_class=\u00bbCTA\u00bb css=\u00bb.vc_custom_1568360971890{margin-top: 0px !important;padding-top: 2% !important;padding-bottom: 2% !important;background-color: #e2e2e2 !important;}\u00bb][vc_column][vc_row_inner equal_height=\u00bbyes\u00bb content_placement=\u00bbmiddle\u00bb gap=\u00bb20&#8243;][vc_column_inner el_class=\u00bbleftColCTA\u00bb width=\u00bb2\/3&#8243; offset=\u00bbvc_hidden-sm vc_hidden-xs\u00bb][vc_column_text css=\u00bb\u00bb]<\/p>\n<h2 style=\"margin: 0; font-size: 3em;\"><span style=\"color: #ffffff;\">Inscr\u00edbete<\/span><\/h2>\n<div id=\"message-list_1752663888.407369\" class=\"c-virtual_list__item\" tabindex=\"0\" role=\"listitem\" aria-setsize=\"-1\" data-qa=\"virtual-list-item\" data-item-key=\"1752663888.407369\">\n<div class=\"c-message_kit__background c-message_kit__background--highlight p-message_pane_message__message c-message_kit__message\" role=\"presentation\" data-qa=\"message_container\" data-qa-unprocessed=\"false\" data-qa-placeholder=\"false\">\n<div class=\"c-message_kit__hover\" role=\"document\" aria-roledescription=\"mensaje\" data-qa-hover=\"true\">\n<div class=\"c-message_kit__actions c-message_kit__actions--default\">\n<div class=\"c-message_kit__gutter\">\n<div class=\"c-message_kit__gutter__right\" role=\"presentation\" data-qa=\"message_content\">\n<div class=\"c-message_kit__blocks c-message_kit__blocks--rich_text\">\n<div class=\"c-message__message_blocks c-message__message_blocks--rich_text\" data-qa=\"message-text\">\n<div class=\"p-block_kit_renderer\" data-qa=\"block-kit-renderer\">\n<div class=\"p-block_kit_renderer__block_wrapper p-block_kit_renderer__block_wrapper--first\">\n<div class=\"p-rich_text_block\" dir=\"auto\">\n<p class=\"p-rich_text_section\"><span style=\"color: #ffffff;\">La matr\u00edcula de las actividades extraescolares del mediod\u00eda, se realizar\u00e1 mediante la circular subida a Educamos.<\/span><\/p>\n<p><span style=\"color: #ffffff;\">Para las actividades de deporte escolar, las inscripciones tienen que hacerse mediante este link.<\/span><\/p>\n<\/div>\n<\/div>\n<\/div>\n<\/div>\n<\/div>\n<\/div>\n<\/div>\n<\/div>\n<\/div>\n<\/div>\n<\/div>\n<p>[\/vc_column_text][\/vc_column_inner][vc_column_inner width=\u00bb1\/3&#8243; el_id=\u00bbhttps:\/\/docs.google.com\/forms\/d\/1qG7gsTQ_OEqJPlSrd5PaJ7R4j_hLcx4Bwpa28beSmus\/viewform?edit_requested=true\u00bb]<div class=\"vckit-btn-container vckit-btn-inline\"><a class=\"vckit-btn button--winona button--size-m button--text-thin button--border-medium button--round-s vckit_custom_class_10687789f6802ff\" href=\"https:\/\/docs.google.com\/forms\/d\/1qG7gsTQ_OEqJPlSrd5PaJ7R4j_hLcx4Bwpa28beSmus\/viewform?edit_requested=true\" title=\"\" target=\"_blank\" rel=\"nofollow noopener\" data-text=\"Eskola Kirola 2025 \/ 2026\"><span>Eskola Kirola 2025 \/ 2026<\/span><\/a><\/div>\n<style type=\"text\/css\" data-type=\"vckit-shortcode-css\" data-shortcode=\"vckit_button\">.vckit-btn.vckit_custom_class_10687789f6802ff { color: #ffffff}.vckit-btn.vckit_custom_class_10687789f6802ff { border-color: #ffffff}<\/style>[\/vc_column_inner][\/vc_row_inner][\/vc_column][\/vc_row]<\/p>\n<\/div>","protected":false},"excerpt":{"rendered":"<p>[vc_row css=\u00bb.vc_custom_1577439870624{padding-top: 2% !important;padding-bottom: 2% !important;}\u00bb][vc_column css=\u00bb.vc_custom_1664188661968{margin-bottom: 50px !important;}\u00bb][vc_row_inner content_placement=\u00bbmiddle\u00bb][vc_column_inner][vc_column_text css=\u00bb\u00bb el_class=\u00bbpad-right\u00bb] Actividades extraescolares y deporte escolar 2025\/2026 [\/vc_column_text][\/vc_column_inner][\/vc_row_inner][vc_row_inner content_placement=\u00bbmiddle\u00bb][vc_column_inner][vc_column_text css=\u00bb\u00bb el_class=\u00bbpad-right\u00bb]Os presentamos el programa de extraescolares y de deporte escolar de Nevers Ikastetxea para el pr\u00f3ximo curso acad\u00e9mico 2025\/2026. Es un compromiso del Proyecto Educativo ofrecer al alumnado y sus familias un conjunto de &hellip; <\/p>\n<p class=\"link-more\"><a href=\"https:\/\/neversikastetxea.com\/es\/culturales\/\" class=\"more-link\">Seguir leyendo<span class=\"screen-reader-text\"> \u00abActividades extraescolares &#8211; mediod\u00eda\u00bb<\/span><\/a><\/p>\n","protected":false},"author":1,"featured_media":0,"parent":0,"menu_order":0,"comment_status":"closed","ping_status":"closed","template":"","meta":{"footnotes":""},"class_list":["post-552","page","type-page","status-publish","hentry","entry"],"_links":{"self":[{"href":"https:\/\/neversikastetxea.com\/es\/wp-json\/wp\/v2\/pages\/552","targetHints":{"allow":["GET"]}}],"collection":[{"href":"https:\/\/neversikastetxea.com\/es\/wp-json\/wp\/v2\/pages"}],"about":[{"href":"https:\/\/neversikastetxea.com\/es\/wp-json\/wp\/v2\/types\/page"}],"author":[{"embeddable":true,"href":"https:\/\/neversikastetxea.com\/es\/wp-json\/wp\/v2\/users\/1"}],"replies":[{"embeddable":true,"href":"https:\/\/neversikastetxea.com\/es\/wp-json\/wp\/v2\/comments?post=552"}],"version-history":[{"count":13,"href":"https:\/\/neversikastetxea.com\/es\/wp-json\/wp\/v2\/pages\/552\/revisions"}],"predecessor-version":[{"id":7566,"href":"https:\/\/neversikastetxea.com\/es\/wp-json\/wp\/v2\/pages\/552\/revisions\/7566"}],"wp:attachment":[{"href":"https:\/\/neversikastetxea.com\/es\/wp-json\/wp\/v2\/media?parent=552"}],"curies":[{"name":"wp","href":"https:\/\/api.w.org\/{rel}","templated":true}]}}