{"id":5655,"date":"2022-03-31T13:19:19","date_gmt":"2022-03-31T11:19:19","guid":{"rendered":"https:\/\/neversikastetxea.com\/profesorado\/"},"modified":"2026-02-20T11:47:52","modified_gmt":"2026-02-20T10:47:52","slug":"trabajadores-centro","status":"publish","type":"page","link":"https:\/\/neversikastetxea.com\/es\/trabajadores-centro\/","title":{"rendered":"Trabajadores del centro"},"content":{"rendered":"<section class=\"profesorado\"><div class=\"contenedor-profesorado\"><h2>Haurtzaindegia<\/h2><div class=\"contenedor-cartas\"><div class=\"carta-profe\"><img decoding=\"async\" src=\"https:\/\/neversikastetxea.com\/wp-content\/uploads\/2025\/09\/08-AINHOA-LARRUSKAIN-1.jpg\" alt=\"Ainhoa Larruskain\"><div class=\"datos-profe \"><span class=\"nombre-profe\">Ainhoa Larruskain<\/span><span class=\"cargo\">Haurtzaindegia<\/span><span class=\"aficiones\">Crossfit \/ Ir a la monta\u00f1a<\/span><\/div><\/div><div class=\"carta-profe\"><img decoding=\"async\" src=\"https:\/\/neversikastetxea.com\/wp-content\/uploads\/2025\/09\/01-ALBA-VIDE-1.jpg\" alt=\"Alba Vide\"><div class=\"datos-profe verde1\"><span class=\"nombre-profe\">Alba Vide<\/span><span class=\"cargo\">Haurtzaindegia<\/span><span class=\"aficiones\">F\u00fatbol \/ M\u00fasica<\/span><\/div><\/div><div class=\"carta-profe\"><img decoding=\"async\" src=\"https:\/\/neversikastetxea.com\/wp-content\/uploads\/2025\/09\/07-ANA-GAMINDE-1.jpg\" alt=\"Ana Gaminde\"><div class=\"datos-profe verde2\"><span class=\"nombre-profe\">Ana Gaminde<\/span><span class=\"cargo\">Haurtzaindegia<\/span><span class=\"aficiones\">M\u00fasica \/ Animales<\/span><\/div><\/div><div class=\"carta-profe\"><img decoding=\"async\" src=\"https:\/\/neversikastetxea.com\/wp-content\/uploads\/2025\/09\/05-ARGI-ARANBERRI-1.jpg\" alt=\"Argi Aranberri\"><div class=\"datos-profe amarillo\"><span class=\"nombre-profe\">Argi Aranberri<\/span><span class=\"cargo\">Haurtzaindegia<\/span><span class=\"aficiones\">Tai Chi \/ Lectura<\/span><\/div><\/div><div class=\"carta-profe\"><img decoding=\"async\" src=\"https:\/\/neversikastetxea.com\/wp-content\/uploads\/2025\/09\/haur-hezkuntza-Erika.jpg\" alt=\"Erika Lera\"><div class=\"datos-profe \"><span class=\"nombre-profe\">Erika Lera<\/span><span class=\"cargo\">Haurtzaindegia<\/span><span class=\"aficiones\">Senderismo \/ Rally<\/span><\/div><\/div><div class=\"carta-profe\"><img decoding=\"async\" src=\"https:\/\/neversikastetxea.com\/wp-content\/uploads\/2025\/09\/irati_Nevers-1.jpg\" alt=\"Irati Fernandez\"><div class=\"datos-profe verde1\"><span class=\"nombre-profe\">Irati Fernandez<\/span><span class=\"cargo\">Haurtzaindegia<\/span><span class=\"aficiones\">Ir a la playa \/ Gastronom\u00eda<\/span><\/div><\/div><div class=\"carta-profe\"><img decoding=\"async\" src=\"https:\/\/neversikastetxea.com\/wp-content\/uploads\/2025\/09\/04-IRENE-MARTINEZ-1.jpg\" alt=\"Irene Mart\u00ednez\"><div class=\"datos-profe verde2\"><span class=\"nombre-profe\">Irene Mart\u00ednez<\/span><span class=\"cargo\">Haurtzaindegia<\/span><span class=\"aficiones\">F\u00fatbol \/ Viajar<\/span><\/div><\/div><div class=\"carta-profe\"><img decoding=\"async\" src=\"https:\/\/neversikastetxea.com\/wp-content\/uploads\/2025\/09\/03-LIBE-AGIRRE-1.jpg\" alt=\"Libe Agirre\"><div class=\"datos-profe amarillo\"><span class=\"nombre-profe\">Libe Agirre<\/span><span class=\"cargo\">Haurtzaindegia<\/span><span class=\"aficiones\">Fotograf\u00eda \/ Pintura<\/span><\/div><\/div><div class=\"carta-profe\"><img decoding=\"async\" src=\"https:\/\/neversikastetxea.com\/wp-content\/uploads\/2025\/10\/09-MARIA-MARTINEZ.png\" alt=\"Maria Mart\u00ednez\"><div class=\"datos-profe \"><span class=\"nombre-profe\">Maria Mart\u00ednez<\/span><span class=\"cargo\">Haurtzaindegia<\/span><span class=\"aficiones\">Monta\u00f1a \/ Pintar<\/span><\/div><\/div><div class=\"carta-profe\"><img decoding=\"async\" src=\"https:\/\/neversikastetxea.com\/wp-content\/uploads\/2025\/09\/haur-hezkuntza-Tamara.jpg\" alt=\"Tamara Lleida\"><div class=\"datos-profe verde1\"><span class=\"nombre-profe\">Tamara Lleida<\/span><span class=\"cargo\">Haurtzaindegia<\/span><span class=\"aficiones\">Deporte \/ Viajar<\/span><\/div><\/div><div class=\"carta-profe\"><img decoding=\"async\" src=\"https:\/\/neversikastetxea.com\/wp-content\/uploads\/2025\/09\/02-TERESA-ELORZA-1.jpg\" alt=\"Teresa Elorza\"><div class=\"datos-profe verde2\"><span class=\"nombre-profe\">Teresa Elorza<\/span><span class=\"cargo\">Haurtzaindegia<\/span><span class=\"aficiones\">Playa \/ M\u00fasica<\/span><\/div><\/div><\/div><\/div><\/section>\n\n<section class=\"profesorado\"><div class=\"contenedor-profesorado\"><h2>Educaci\u00f3n Infantil<\/h2><div class=\"contenedor-cartas\"><div class=\"carta-profe\"><img decoding=\"async\" src=\"https:\/\/neversikastetxea.com\/wp-content\/uploads\/2025\/09\/ANA-NUNEZ-1.jpg\" alt=\"Ana N\u00fa\u00f1ez\"><div class=\"datos-profe verde1\"><span class=\"nombre-profe\">Ana N\u00fa\u00f1ez<\/span><span class=\"cargo\">Educaci\u00f3n Infantil<\/span><span class=\"aficiones\">Conciertos de m\u00fasica \/ Manualidades<\/span><\/div><\/div><div class=\"carta-profe\"><img decoding=\"async\" src=\"https:\/\/neversikastetxea.com\/wp-content\/uploads\/2025\/09\/EIHARNE-CARRERA-1.jpg\" alt=\"Eiharne Carrera\"><div class=\"datos-profe verde2\"><span class=\"nombre-profe\">Eiharne Carrera<\/span><span class=\"cargo\">Educaci\u00f3n Infantil<\/span><span class=\"aficiones\">Viajar \/ Lectura<\/span><\/div><\/div><div class=\"carta-profe\"><img decoding=\"async\" src=\"https:\/\/neversikastetxea.com\/wp-content\/uploads\/2025\/09\/IRATI-MARTINEZ_-1.jpg\" alt=\"Irati Mart\u00ednez\"><div class=\"datos-profe amarillo\"><span class=\"nombre-profe\">Irati Mart\u00ednez<\/span><span class=\"cargo\">Educaci\u00f3n Infantil<\/span><span class=\"aficiones\">Escalada \/ M\u00fasica<\/span><\/div><\/div><div class=\"carta-profe\"><img decoding=\"async\" src=\"https:\/\/neversikastetxea.com\/wp-content\/uploads\/2025\/09\/NAIARA-PEREZ-1.jpg\" alt=\"Naiara P\u00e9rez\"><div class=\"datos-profe \"><span class=\"nombre-profe\">Naiara P\u00e9rez<\/span><span class=\"cargo\">Educaci\u00f3n Infantil<\/span><span class=\"aficiones\">M\u00fasica \/ Cine<\/span><\/div><\/div><div class=\"carta-profe\"><img decoding=\"async\" src=\"https:\/\/neversikastetxea.com\/wp-content\/uploads\/2025\/09\/NURIA-ALVAREZ-1.jpg\" alt=\"Nuria \u00c1lvarez\"><div class=\"datos-profe verde1\"><span class=\"nombre-profe\">Nuria \u00c1lvarez<\/span><span class=\"cargo\">Educaci\u00f3n Infantil<\/span><span class=\"aficiones\">Baloncesto \/ Lectura<\/span><\/div><\/div><div class=\"carta-profe\"><img decoding=\"async\" src=\"https:\/\/neversikastetxea.com\/wp-content\/uploads\/2025\/09\/ZURINE-IRULEGI-1.jpg\" alt=\"Zuri\u00f1e Irulegi\"><div class=\"datos-profe verde2\"><span class=\"nombre-profe\">Zuri\u00f1e Irulegi<\/span><span class=\"cargo\">Educaci\u00f3n Infantil<\/span><span class=\"aficiones\">Costa \/ M\u00fasica<\/span><\/div><\/div><div class=\"carta-profe img-final\"><img decoding=\"async\" src=\"https:\/\/neversikastetxea.com\/wp-content\/uploads\/2025\/09\/Nevers-Profesorado-Anonimo-1.jpg\" alt=\"Ana Cubillo\"><div class=\"datos-profe \"><span class=\"nombre-profe\">Ana Cubillo<\/span><span class=\"cargo\">Educaci\u00f3n Infantil<\/span><\/div><\/div><\/div><\/div><\/section>\n\n<section class=\"profesorado\"><div class=\"contenedor-profesorado\"><h2>Educaci\u00f3n Primaria<\/h2><div class=\"contenedor-cartas\"><div class=\"carta-profe\"><img decoding=\"async\" src=\"https:\/\/neversikastetxea.com\/wp-content\/uploads\/2025\/09\/AITOR-MARTINEZ-1.jpg\" alt=\"Aitor Mart\u00ednez\"><div class=\"datos-profe \"><span class=\"nombre-profe\">Aitor Mart\u00ednez<\/span><span class=\"cargo\">Educaci\u00f3n Primaria<\/span><span class=\"aficiones\">F\u00fatbol \/ Pirag\u00fcismo<\/span><\/div><\/div><div class=\"carta-profe\"><img decoding=\"async\" src=\"https:\/\/neversikastetxea.com\/wp-content\/uploads\/2025\/09\/ANE-MARTINEZ-1.jpg\" alt=\"Ane Martinez\"><div class=\"datos-profe verde1\"><span class=\"nombre-profe\">Ane Martinez<\/span><span class=\"cargo\">Educaci\u00f3n Primaria<\/span><span class=\"aficiones\">Lectura \/ Viajar<\/span><\/div><\/div><div class=\"carta-profe\"><img decoding=\"async\" src=\"https:\/\/neversikastetxea.com\/wp-content\/uploads\/2025\/09\/DAVID-QUERO-1.jpg\" alt=\"David Quero\"><div class=\"datos-profe verde2\"><span class=\"nombre-profe\">David Quero<\/span><span class=\"cargo\">Educaci\u00f3n Primaria<\/span><span class=\"aficiones\">Baloncesto \/ Viajar<\/span><\/div><\/div><div class=\"carta-profe\"><img decoding=\"async\" src=\"https:\/\/neversikastetxea.com\/wp-content\/uploads\/2025\/09\/IMANOL-ERDOIZA-1.jpg\" alt=\"Imanol Erdoiza\"><div class=\"datos-profe amarillo\"><span class=\"nombre-profe\">Imanol Erdoiza<\/span><span class=\"cargo\">Educaci\u00f3n Primaria<\/span><span class=\"aficiones\">M\u00fasica \/ Deporte<\/span><\/div><\/div><div class=\"carta-profe\"><img decoding=\"async\" src=\"https:\/\/neversikastetxea.com\/wp-content\/uploads\/2025\/09\/JOANA-GARMENDIA-1.jpg\" alt=\"Joana Garmendia\"><div class=\"datos-profe \"><span class=\"nombre-profe\">Joana Garmendia<\/span><span class=\"cargo\">Educaci\u00f3n Primaria<\/span><span class=\"aficiones\">Lectura \/ Viajar<\/span><\/div><\/div><div class=\"carta-profe\"><img decoding=\"async\" src=\"https:\/\/neversikastetxea.com\/wp-content\/uploads\/2025\/09\/JOSU-DE-PEDRO-3.jpg\" alt=\"Jon Carracedo\"><div class=\"datos-profe verde1\"><span class=\"nombre-profe\">Jon Carracedo<\/span><span class=\"cargo\">Educaci\u00f3n Primaria<\/span><span class=\"aficiones\">F\u00fatbol \/ Viajar<\/span><\/div><\/div><div class=\"carta-profe\"><img decoding=\"async\" src=\"https:\/\/neversikastetxea.com\/wp-content\/uploads\/2025\/09\/JOSU-DE-PEDRO-2-scaled-e1758698136160-1.jpg\" alt=\"Josu de Pedro\"><div class=\"datos-profe verde2\"><span class=\"nombre-profe\">Josu de Pedro<\/span><span class=\"cargo\">Educaci\u00f3n Primaria<\/span><span class=\"aficiones\">Deporte \/ Familia<\/span><\/div><\/div><div class=\"carta-profe\"><img decoding=\"async\" src=\"https:\/\/neversikastetxea.com\/wp-content\/uploads\/2025\/09\/KENEN-BERGANZA-1.jpg\" alt=\"Kenen Berganza\"><div class=\"datos-profe amarillo\"><span class=\"nombre-profe\">Kenen Berganza<\/span><span class=\"cargo\">Educaci\u00f3n Primaria<\/span><span class=\"aficiones\">Crossfit \/ M\u00fasica cl\u00e1sica<\/span><\/div><\/div><div class=\"carta-profe\"><img decoding=\"async\" src=\"https:\/\/neversikastetxea.com\/wp-content\/uploads\/2025\/09\/LEIRE-HERNANDEZ-1.jpg\" alt=\"Leire Hern\u00e1ndez\"><div class=\"datos-profe \"><span class=\"nombre-profe\">Leire Hern\u00e1ndez<\/span><span class=\"cargo\">Educaci\u00f3n Primaria<\/span><span class=\"aficiones\">Playa \/ Snowboard<\/span><\/div><\/div><div class=\"carta-profe\"><img decoding=\"async\" src=\"https:\/\/neversikastetxea.com\/wp-content\/uploads\/2025\/09\/LUCIA-BALANZATEGUI-1.jpg\" alt=\"Luc\u00eda Balanzategui\"><div class=\"datos-profe verde1\"><span class=\"nombre-profe\">Luc\u00eda Balanzategui<\/span><span class=\"cargo\">Educaci\u00f3n Primaria<\/span><span class=\"aficiones\">P\u00e1del \/ Viajar<\/span><\/div><\/div><div class=\"carta-profe\"><img decoding=\"async\" src=\"https:\/\/neversikastetxea.com\/wp-content\/uploads\/2025\/09\/MAIALEN-SANCHEZ-1.jpg\" alt=\"Maialen Sanchez\"><div class=\"datos-profe verde2\"><span class=\"nombre-profe\">Maialen Sanchez<\/span><span class=\"cargo\">Educaci\u00f3n Primaria<\/span><span class=\"aficiones\">Viajar \/ Montar a caballo<\/span><\/div><\/div><div class=\"carta-profe\"><img decoding=\"async\" src=\"https:\/\/neversikastetxea.com\/wp-content\/uploads\/2025\/09\/MIREN-LAMARAIN-1.jpg\" alt=\"Miren Lamarain\"><div class=\"datos-profe amarillo\"><span class=\"nombre-profe\">Miren Lamarain<\/span><span class=\"cargo\">Educaci\u00f3n Primaria<\/span><span class=\"aficiones\">Gastronom\u00eda \/ Viajar<\/span><\/div><\/div><div class=\"carta-profe\"><img decoding=\"async\" src=\"https:\/\/neversikastetxea.com\/wp-content\/uploads\/2025\/09\/PATRIZIA-GONZALEZ-1.jpg\" alt=\"Patrizia Gonz\u00e1lez\"><div class=\"datos-profe \"><span class=\"nombre-profe\">Patrizia Gonz\u00e1lez<\/span><span class=\"cargo\">Educaci\u00f3n Primaria<\/span><span class=\"aficiones\">Percusi\u00f3n \/ Esqu\u00ed<\/span><\/div><\/div><div class=\"carta-profe\"><img decoding=\"async\" src=\"https:\/\/neversikastetxea.com\/wp-content\/uploads\/2025\/09\/PEIO-CARRO-1.jpg\" alt=\"Peio Carro\"><div class=\"datos-profe verde1\"><span class=\"nombre-profe\">Peio Carro<\/span><span class=\"cargo\">Educaci\u00f3n Primaria<\/span><span class=\"aficiones\">Lectura \/ Viajar<\/span><\/div><\/div><div class=\"carta-profe\"><img decoding=\"async\" src=\"https:\/\/neversikastetxea.com\/wp-content\/uploads\/2025\/09\/SARA-MATILLA-1.jpg\" alt=\"Sara Matilla\"><div class=\"datos-profe verde2\"><span class=\"nombre-profe\">Sara Matilla<\/span><span class=\"cargo\">Educaci\u00f3n Primaria<\/span><span class=\"aficiones\">P\u00e1del \/ Cine<\/span><\/div><\/div><div class=\"carta-profe\"><img decoding=\"async\" src=\"https:\/\/neversikastetxea.com\/wp-content\/uploads\/2025\/09\/UNAI-ARIZMENDIARRIETA-1.jpg\" alt=\"Unai Arizmendiarrieta\"><div class=\"datos-profe amarillo\"><span class=\"nombre-profe\">Unai Arizmendiarrieta<\/span><span class=\"cargo\">Educaci\u00f3n Primaria<\/span><span class=\"aficiones\">F\u00fatbol \/ M\u00fasica<\/span><\/div><\/div><\/div><\/div><\/section>\n\n<section class=\"profesorado\"><div class=\"contenedor-profesorado\"><h2>Educaci\u00f3n Secundaria Obligatoria<\/h2><div class=\"contenedor-cartas\"><div class=\"carta-profe\"><img decoding=\"async\" src=\"https:\/\/neversikastetxea.com\/wp-content\/uploads\/2025\/09\/AINARA-IZA-1-1.jpg\" alt=\"Ainara Iza\"><div class=\"datos-profe \"><span class=\"nombre-profe\">Ainara Iza<\/span><span class=\"cargo\">ESO<\/span><span class=\"aficiones\">Viajar \/ Gastronom\u00eda<\/span><\/div><\/div><div class=\"carta-profe\"><img decoding=\"async\" src=\"https:\/\/neversikastetxea.com\/wp-content\/uploads\/2025\/10\/ALAITZ-IZAGIRRE.png\" alt=\"Alaitz Izagirre\"><div class=\"datos-profe verde1\"><span class=\"nombre-profe\">Alaitz Izagirre<\/span><span class=\"cargo\">ESO<\/span><span class=\"aficiones\">Viajar \/ Salir con amigxs<\/span><\/div><\/div><div class=\"carta-profe\"><img decoding=\"async\" src=\"https:\/\/neversikastetxea.com\/wp-content\/uploads\/2025\/09\/bigarren-hezkuntza-Alberto.jpg\" alt=\"Alberto Okariz\"><div class=\"datos-profe verde2\"><span class=\"nombre-profe\">Alberto Okariz<\/span><span class=\"cargo\">ESO<\/span><span class=\"aficiones\">Apicultura \/ Monta\u00f1a<\/span><\/div><\/div><div class=\"carta-profe\"><img decoding=\"async\" src=\"https:\/\/neversikastetxea.com\/wp-content\/uploads\/2025\/09\/ANDER-MUGICA-2.jpg\" alt=\"Ander M\u00fagica\"><div class=\"datos-profe amarillo\"><span class=\"nombre-profe\">Ander M\u00fagica<\/span><span class=\"cargo\">ESO<\/span><span class=\"aficiones\">Harry Potter \/ Crossfit<\/span><\/div><\/div><div class=\"carta-profe\"><img decoding=\"async\" src=\"https:\/\/neversikastetxea.com\/wp-content\/uploads\/2025\/09\/bigarren-hezkuntza-Ane.jpg\" alt=\"Ane Etxabe\"><div class=\"datos-profe \"><span class=\"nombre-profe\">Ane Etxabe<\/span><span class=\"cargo\">ESO<\/span><span class=\"aficiones\">Viajar \/ Cocina<\/span><\/div><\/div><div class=\"carta-profe\"><img decoding=\"async\" src=\"https:\/\/neversikastetxea.com\/wp-content\/uploads\/2025\/09\/CARLA-BANALES-2.jpg\" alt=\"Carla Ba\u00f1ales\"><div class=\"datos-profe verde1\"><span class=\"nombre-profe\">Carla Ba\u00f1ales<\/span><span class=\"cargo\">ESO<\/span><span class=\"aficiones\">Monta\u00f1a \/ Saxof\u00f3n<\/span><\/div><\/div><div class=\"carta-profe\"><img decoding=\"async\" src=\"https:\/\/neversikastetxea.com\/wp-content\/uploads\/2025\/09\/CELESTE-GALINDO-2.jpg\" alt=\"Celeste Galindo\"><div class=\"datos-profe verde2\"><span class=\"nombre-profe\">Celeste Galindo<\/span><span class=\"cargo\">ESO<\/span><span class=\"aficiones\">Lectura \/ Viajar<\/span><\/div><\/div><div class=\"carta-profe\"><img decoding=\"async\" src=\"https:\/\/neversikastetxea.com\/wp-content\/uploads\/2025\/09\/EKAITZ-KORTAZAR-1-1.jpg\" alt=\"Ekaitz Kortazar\"><div class=\"datos-profe amarillo\"><span class=\"nombre-profe\">Ekaitz Kortazar<\/span><span class=\"cargo\">ESO<\/span><span class=\"aficiones\">Deporte \/ Lectura<\/span><\/div><\/div><div class=\"carta-profe\"><img decoding=\"async\" src=\"https:\/\/neversikastetxea.com\/wp-content\/uploads\/2025\/09\/ELENA-ARCAS.jpg\" alt=\"Elena Arcas\"><div class=\"datos-profe \"><span class=\"nombre-profe\">Elena Arcas<\/span><span class=\"cargo\">ESO<\/span><span class=\"aficiones\">Ni\u00f1os<\/span><\/div><\/div><div class=\"carta-profe\"><img decoding=\"async\" src=\"https:\/\/neversikastetxea.com\/wp-content\/uploads\/2025\/09\/GORKA-ASENJO-2.jpg\" alt=\"Gorka Asenjo\"><div class=\"datos-profe verde1\"><span class=\"nombre-profe\">Gorka Asenjo<\/span><span class=\"cargo\">ESO<\/span><span class=\"aficiones\">Deporte \/ M\u00fasica<\/span><\/div><\/div><div class=\"carta-profe\"><img decoding=\"async\" src=\"https:\/\/neversikastetxea.com\/wp-content\/uploads\/2025\/09\/IRANZU-TABERA-2.jpg\" alt=\"Iranzu Tabera\"><div class=\"datos-profe verde2\"><span class=\"nombre-profe\">Iranzu Tabera<\/span><span class=\"cargo\">ESO<\/span><span class=\"aficiones\">Viajar \/ Familia<\/span><\/div><\/div><div class=\"carta-profe\"><img decoding=\"async\" src=\"https:\/\/neversikastetxea.com\/wp-content\/uploads\/2025\/09\/KALARE-AGRASAR-1-1.jpg\" alt=\"Kalare Agrasar\"><div class=\"datos-profe amarillo\"><span class=\"nombre-profe\">Kalare Agrasar<\/span><span class=\"cargo\">ESO<\/span><span class=\"aficiones\">Playa \/ Costura<\/span><\/div><\/div><div class=\"carta-profe\"><img decoding=\"async\" src=\"https:\/\/neversikastetxea.com\/wp-content\/uploads\/2025\/09\/LEIRE-MARTIN-1-1.jpg\" alt=\"Leire Mart\u00edn\"><div class=\"datos-profe \"><span class=\"nombre-profe\">Leire Mart\u00edn<\/span><span class=\"cargo\">ESO<\/span><span class=\"aficiones\">Abuela y amigos \/ Viajar<\/span><\/div><\/div><div class=\"carta-profe\"><img decoding=\"async\" src=\"https:\/\/neversikastetxea.com\/wp-content\/uploads\/2025\/09\/MAITANE-URGOITI-2.jpg\" alt=\"Maitane Urgoiti\"><div class=\"datos-profe verde1\"><span class=\"nombre-profe\">Maitane Urgoiti<\/span><span class=\"cargo\">ESO<\/span><span class=\"aficiones\">Playa \/ Amigos<\/span><\/div><\/div><div class=\"carta-profe\"><img decoding=\"async\" src=\"https:\/\/neversikastetxea.com\/wp-content\/uploads\/2025\/09\/MARA-DOYLE-1-1.jpg\" alt=\"Mara Doyle\"><div class=\"datos-profe verde2\"><span class=\"nombre-profe\">Mara Doyle<\/span><span class=\"cargo\">ESO<\/span><span class=\"aficiones\">Lectura \/ Playa<\/span><\/div><\/div><div class=\"carta-profe img-final\"><img decoding=\"async\" src=\"https:\/\/neversikastetxea.com\/wp-content\/uploads\/2025\/09\/Nevers-Profesorado-Anonimo-1-3.jpg\" alt=\"Oiber Fr\u00edas\"><div class=\"datos-profe amarillo\"><span class=\"nombre-profe\">Oiber Fr\u00edas<\/span><span class=\"cargo\">ESO<\/span><span class=\"aficiones\">Viajar<\/span><\/div><\/div><div class=\"carta-profe img-final\"><img decoding=\"async\" src=\"https:\/\/neversikastetxea.com\/wp-content\/uploads\/2025\/09\/Nevers-Profesorado-Anonimo-1-2.jpg\" alt=\"Oskar Barre\u00f1a\"><div class=\"datos-profe \"><span class=\"nombre-profe\">Oskar Barre\u00f1a<\/span><span class=\"cargo\">ESO<\/span><span class=\"aficiones\">Monta\u00f1ero<\/span><\/div><\/div><\/div><\/div><\/section>\n\n<section class=\"profesorado\"><div class=\"contenedor-profesorado\"><h2>Pedagogos\/as Terap\u00e9uticos\/as y Especialistas en Apoyo Educativo<\/h2><div class=\"contenedor-cartas\"><div class=\"carta-profe\"><img decoding=\"async\" src=\"https:\/\/neversikastetxea.com\/wp-content\/uploads\/2025\/09\/AIORA-SILLERO-1.jpg\" alt=\"Aiora Sillero\"><div class=\"datos-profe \"><span class=\"nombre-profe\">Aiora Sillero<\/span><span class=\"cargo\">Especialista de Apoyo Educativo<\/span><span class=\"aficiones\">Costa \/ Lectura<\/span><\/div><\/div><div class=\"carta-profe\"><img decoding=\"async\" src=\"https:\/\/neversikastetxea.com\/wp-content\/uploads\/2025\/09\/lehen-hezkuntza-Esti.jpg\" alt=\"Esti Miguel\"><div class=\"datos-profe verde1\"><span class=\"nombre-profe\">Esti Miguel<\/span><span class=\"cargo\">Especialista de Apoyo Educativo<\/span><span class=\"aficiones\">Pasear \/ Lectura<\/span><\/div><\/div><div class=\"carta-profe\"><img decoding=\"async\" src=\"https:\/\/neversikastetxea.com\/wp-content\/uploads\/2025\/09\/IXONE-CALVO-1.jpg\" alt=\"Ixone Calvo\"><div class=\"datos-profe verde2\"><span class=\"nombre-profe\">Ixone Calvo<\/span><span class=\"cargo\">Especialista de Apoyo Educativo<\/span><span class=\"aficiones\">Manualidades \/ Viajar<\/span><\/div><\/div><div class=\"carta-profe\"><img decoding=\"async\" src=\"https:\/\/neversikastetxea.com\/wp-content\/uploads\/2025\/09\/JUDITH-GARRAMIOLA-1.jpg\" alt=\"Judith Garramiola\"><div class=\"datos-profe amarillo\"><span class=\"nombre-profe\">Judith Garramiola<\/span><span class=\"cargo\">PT<\/span><span class=\"aficiones\">Lectura \/ Pel\u00edculas y series<\/span><\/div><\/div><div class=\"carta-profe\"><img decoding=\"async\" src=\"https:\/\/neversikastetxea.com\/wp-content\/uploads\/2025\/09\/JULEN-ROJO-1.jpg\" alt=\"Julen Rojo\"><div class=\"datos-profe \"><span class=\"nombre-profe\">Julen Rojo<\/span><span class=\"cargo\">PT<\/span><span class=\"aficiones\">F\u00fatbol \/ Viajar<\/span><\/div><\/div><div class=\"carta-profe\"><img decoding=\"async\" src=\"https:\/\/neversikastetxea.com\/wp-content\/uploads\/2025\/09\/JULENE-EGUILUZ-1.jpg\" alt=\"Julene Eguiluz\"><div class=\"datos-profe verde1\"><span class=\"nombre-profe\">Julene Eguiluz<\/span><span class=\"cargo\">PT<\/span><span class=\"aficiones\">M\u00fasica \/ Viajar<\/span><\/div><\/div><div class=\"carta-profe\"><img decoding=\"async\" src=\"https:\/\/neversikastetxea.com\/wp-content\/uploads\/2025\/09\/LAURA-ARENAL-1.jpg\" alt=\"Laura Arenal\"><div class=\"datos-profe verde2\"><span class=\"nombre-profe\">Laura Arenal<\/span><span class=\"cargo\">PT<\/span><span class=\"aficiones\">Deporte \/ Viajar<\/span><\/div><\/div><div class=\"carta-profe\"><img decoding=\"async\" src=\"https:\/\/neversikastetxea.com\/wp-content\/uploads\/2025\/09\/LEIRE-AGIRREBAITIA-1.jpg\" alt=\"Leire Agirrebaitia\"><div class=\"datos-profe amarillo\"><span class=\"nombre-profe\">Leire Agirrebaitia<\/span><span class=\"cargo\">Especialista de Apoyo Educativo<\/span><span class=\"aficiones\">Cocina \/ Viajar en furgoneta<\/span><\/div><\/div><div class=\"carta-profe\"><img decoding=\"async\" src=\"https:\/\/neversikastetxea.com\/wp-content\/uploads\/2025\/09\/LEIRE-DAVILA-1.jpg\" alt=\"Leire D\u00e1vila\"><div class=\"datos-profe \"><span class=\"nombre-profe\">Leire D\u00e1vila<\/span><span class=\"cargo\">PT<\/span><span class=\"aficiones\">Conciertos de m\u00fasica \/ Deporte entre amigos<\/span><\/div><\/div><div class=\"carta-profe\"><img decoding=\"async\" src=\"https:\/\/neversikastetxea.com\/wp-content\/uploads\/2025\/09\/MARTA-BLANCO-1.jpg\" alt=\"Marta Blanco\"><div class=\"datos-profe verde1\"><span class=\"nombre-profe\">Marta Blanco<\/span><span class=\"cargo\">Especialista de Apoyo Educativo<\/span><span class=\"aficiones\">Viajar \/ Conversar<\/span><\/div><\/div><\/div><\/div><\/section>\n\n<section class=\"profesorado\"><div class=\"contenedor-profesorado\"><h2>Otros Servicios<\/h2><div class=\"contenedor-cartas\"><div class=\"carta-profe\"><img decoding=\"async\" src=\"https:\/\/neversikastetxea.com\/wp-content\/uploads\/2025\/09\/beste-zerbitzuak-Cristina-eta-Marijo.jpg\" alt=\"Cristina eta Marijo\"><div class=\"datos-profe \"><span class=\"nombre-profe\">Cristina eta Marijo<\/span><span class=\"cargo\">Cocinera y Ayudante de coc\u00edna<\/span><\/div><\/div><div class=\"carta-profe\"><img decoding=\"async\" src=\"https:\/\/neversikastetxea.com\/wp-content\/uploads\/2025\/09\/PROFE04-1.jpg\" alt=\"Ibon\"><div class=\"datos-profe verde1\"><span class=\"nombre-profe\">Ibon<\/span><span class=\"cargo\">Mantenimiento<\/span><span class=\"aficiones\">Naturaleza \/ Bricolaje<\/span><\/div><\/div><div class=\"carta-profe\"><img decoding=\"async\" src=\"https:\/\/neversikastetxea.com\/wp-content\/uploads\/2025\/09\/beste-zerbitzuak-Izaro.jpg\" alt=\"Izaro Zarrabeitia\"><div class=\"datos-profe verde2\"><span class=\"nombre-profe\">Izaro Zarrabeitia<\/span><span class=\"cargo\">Secretaria<\/span><span class=\"aficiones\">Monta\u00f1a \/ Familia<\/span><\/div><\/div><div class=\"carta-profe\"><img decoding=\"async\" src=\"https:\/\/neversikastetxea.com\/wp-content\/uploads\/2025\/09\/SORAYA-DEL-OLMO-1.jpg\" alt=\"Soraya Del Olmo\"><div class=\"datos-profe amarillo\"><span class=\"nombre-profe\">Soraya Del Olmo<\/span><span class=\"cargo\">Secretaria<\/span><span class=\"aficiones\">Athletic \/ M\u00fasica y series<\/span><\/div><\/div><\/div><\/div><\/section>","protected":false},"excerpt":{"rendered":"HaurtzaindegiaMaria Mart\u00ednezHaurtzaindegiaMonta\u00f1a \/ PintarIrene Mart\u00ednezHaurtzaindegiaF\u00fatbol \/ ViajarTeresa ElorzaHaurtzaindegiaPlaya \/ M\u00fasicaLibe AgirreHaurtzaindegiaFotograf\u00eda \/ PinturaTamara LleidaHaurtzaindegiaDeporte \/ ViajarArgi AranberriHaurtzaindegiaTai Chi \/ LecturaAlba VideHaurtzaindegiaF\u00fatbol \/ M\u00fasicaIrati FernandezHaurtzaindegiaIr a la playa \/ Gastronom\u00edaAinhoa LarruskainHaurtzaindegiaCrossfit \/ Ir a la monta\u00f1aErika LeraHaurtzaindegiaSenderismo \/ RallyAna GamindeHaurtzaindegiaM\u00fasica \/ Animales Educaci\u00f3n InfantilZuri\u00f1e IrulegiEducaci\u00f3n InfantilCosta \/ M\u00fasicaEiharne CarreraEducaci\u00f3n InfantilViajar \/ LecturaAna CubilloEducaci\u00f3n InfantilNaiara P\u00e9rezEducaci\u00f3n InfantilM\u00fasica &hellip; <p class=\"link-more\"><a href=\"https:\/\/neversikastetxea.com\/es\/trabajadores-centro\/\" class=\"more-link\">Seguir leyendo<span class=\"screen-reader-text\"> \u00abTrabajadores del centro\u00bb<\/span><\/a><\/p>","protected":false},"author":1,"featured_media":1178,"parent":0,"menu_order":0,"comment_status":"closed","ping_status":"closed","template":"","meta":{"footnotes":""},"class_list":["post-5655","page","type-page","status-publish","has-post-thumbnail","hentry","entry"],"_links":{"self":[{"href":"https:\/\/neversikastetxea.com\/es\/wp-json\/wp\/v2\/pages\/5655","targetHints":{"allow":["GET"]}}],"collection":[{"href":"https:\/\/neversikastetxea.com\/es\/wp-json\/wp\/v2\/pages"}],"about":[{"href":"https:\/\/neversikastetxea.com\/es\/wp-json\/wp\/v2\/types\/page"}],"author":[{"embeddable":true,"href":"https:\/\/neversikastetxea.com\/es\/wp-json\/wp\/v2\/users\/1"}],"replies":[{"embeddable":true,"href":"https:\/\/neversikastetxea.com\/es\/wp-json\/wp\/v2\/comments?post=5655"}],"version-history":[{"count":183,"href":"https:\/\/neversikastetxea.com\/es\/wp-json\/wp\/v2\/pages\/5655\/revisions"}],"predecessor-version":[{"id":9505,"href":"https:\/\/neversikastetxea.com\/es\/wp-json\/wp\/v2\/pages\/5655\/revisions\/9505"}],"wp:featuredmedia":[{"embeddable":true,"href":"https:\/\/neversikastetxea.com\/es\/wp-json\/wp\/v2\/media\/1178"}],"wp:attachment":[{"href":"https:\/\/neversikastetxea.com\/es\/wp-json\/wp\/v2\/media?parent=5655"}],"curies":[{"name":"wp","href":"https:\/\/api.w.org\/{rel}","templated":true}]}}