{"id":6071,"date":"2019-04-30T17:05:37","date_gmt":"2019-04-30T15:05:37","guid":{"rendered":"https:\/\/neversikastetxea.com\/pribatutasun-politika\/"},"modified":"2022-12-16T14:50:12","modified_gmt":"2022-12-16T13:50:12","slug":"politica-de-privacidad","status":"publish","type":"page","link":"https:\/\/neversikastetxea.com\/es\/politica-de-privacidad\/","title":{"rendered":"Politica de privacidad"},"content":{"rendered":"<div class=\"wpb-content-wrapper\"><p>[vc_column][vc_column_text]<\/p>\n<h1 class=\"p1\" style=\"text-align: left;\">Pol\u00edtica de privacidad<\/h1>\n<p>[\/vc_column_text][\/vc_column][vc_row][vc_column][vc_column_text]<\/p>\n<h2 class=\"p1\"><span class=\"s1\">1. <\/span>Uso y tratamiento de datos de car\u00e1cter personal<\/h2>\n<p>[\/vc_column_text][\/vc_column][\/vc_row][vc_row][vc_column][vc_column_text]<\/p>\n<h3>\u00bfQui\u00e9n es el responsable del tratamiento de tus datos personales?<\/h3>\n<p><strong>SOCIEDAD COOPERATIVA DE ENSE\u00d1ANZA NEVERS<\/strong> en adelante el Centro, es el Responsable del tratamiento de los datos personales del Usuario y le informa de que estos datos ser\u00e1n tratados de conformidad con lo dispuesto en el Reglamento (UE) 2016\/679, de 27 de abril (GDPR), y la Ley Org\u00e1nica 3\/2018, de 5 de diciembre (LOPDGDD).[\/vc_column_text][\/vc_column][\/vc_row][vc_row][vc_column][vc_column_text]<\/p>\n<h3>\u00bfPara qu\u00e9 tratamos tus datos personales?<\/h3>\n<p>Para mantener una relaci\u00f3n con el usuario. Las operaciones previstas para realizar el tratamiento son:<\/p>\n<ul>\n<li>Gestionar el env\u00edo de la informaci\u00f3n o cualquier otra petici\u00f3n que nos soliciten, a trav\u00e9s de las diferentes formas de contacto que aparecen en el presente Sitio Web.<\/li>\n<li>La gesti\u00f3n de la plataforma SM Educamos a trav\u00e9s de la empresa Tecnolog\u00eda y Gesti\u00f3n Educativa S.L.U., con la que se tiene regulado el pertinente contrato de acceso a datos por cuenta de terceros de acuerdo a lo que exige la normativa. A esta plataforma \u00fanicamente se accede a trav\u00e9s de Usuario y contrase\u00f1a facilitada por Centro a los Usuarios.<\/li>\n<li>La gesti\u00f3n del area privada con la empresa IMT Lazarus. Estos enlaces disponen de condiciones particulares y de privacidad propias, no siendo responsable el Centro de lo regulado en las mismas tal y como se desprende en el Aviso legal del presente Sitio Web.<\/li>\n<li>La gesti\u00f3n de redes sociales: El Centro ha creado un perfil en las Redes Sociales: Facebook, Instagram, Twitter, LinkedIn, Youtube, etc&#8230;o cualquier otra, por lo que se pueden incluir la siguientes operaciones: Tramitar solicitudes y consultas planteadas al responsable Informar sobre actividades y eventos organizados por el Centro, as\u00ed como informar sobre actividades, servicios o cualquier informaci\u00f3n que se de int\u00e9res al Usuario. Interactuar a trav\u00e9s de los perfiles oficiales.<\/li>\n<li>La posible gesti\u00f3n de estad\u00edsticas de navegaci\u00f3n.<\/li>\n<\/ul>\n<p>[\/vc_column_text][\/vc_column][\/vc_row][vc_row][vc_column][vc_column_text]<\/p>\n<h3>\u00bfPor qu\u00e9 motivo podemos tratar tus datos personales?<\/h3>\n<p>Porque el tratamiento est\u00e1 legitimado por el art\u00edculo 6 del GDPR de la siguiente forma:<\/p>\n<ul>\n<li>Con el consentimiento del Usuario cuando solicita alg\u00fan servicio o consulta, as\u00ed como por inter\u00e9s leg\u00edtimo del Centro Realizar estudios de mercado, an\u00e1lisis estad\u00edsticos, etc. y tramitar encargos, solicitudes, etc. a petici\u00f3n del Usuario.<\/li>\n<li>Para las redes sociales: El interesado y\/o su representante legal, ha dado su consentimiento para el tratamiento de sus datos personales para uno o varios fines espec\u00edficos. El Usuario dispone de un perfil en la misma red social y ha decidido unirse a la red social del Centro mostrando as\u00ed inter\u00e9s en la informaci\u00f3n que se publique en la misma.<\/li>\n<\/ul>\n<p>[\/vc_column_text][\/vc_column][\/vc_row][vc_row][vc_column][vc_column_text]<\/p>\n<h3>\u00bfDurante cu\u00e1nto tiempo guardaremos tus datos personales?<\/h3>\n<p>Se conservar\u00e1n durante no m\u00e1s tiempo del necesario para mantener el fin del tratamiento o existan prescripciones legales que dictaminen su custodia y cuando ya no sea necesario para ello, se suprimir\u00e1n con medidas de seguridad adecuadas para garantizar la anonimizaci\u00f3n de los datos o la destrucci\u00f3n total de los mismos.[\/vc_column_text][\/vc_column][\/vc_row][vc_row][vc_column][vc_column_text]<\/p>\n<h3>\u00bfA qui\u00e9n facilitamos tus datos personales?<\/h3>\n<p>No est\u00e1 prevista ninguna comunicaci\u00f3n de datos personales a terceros salvo, si fuese necesario para el desarrollo y ejecuci\u00f3n de las finalidades del tratamiento, a nuestros proveedores de servicios relacionados con comunicaciones, con los cuales el Centro tiene suscritos los contratos de confidencialidad y de encargado de tratamiento exigidos por la normativa vigente de privacidad.<\/p>\n<p><em>Transferencias internacionales de datos<\/em><\/p>\n<p>En la actualidad no se producen Transferencias Internacionales de datos.[\/vc_column_text][\/vc_column][\/vc_row][vc_row][vc_column][vc_column_text]<\/p>\n<h3 class=\"p1\">\u00bfCu\u00e1les son tus derechos?<\/h3>\n<p class=\"p1\">Los derechos que asisten al Usuario son:<\/p>\n<ul>\n<li class=\"p1\">Derecho a retirar el consentimiento en cualquier momento.<\/li>\n<li class=\"p1\">Derecho de acceso, rectificaci\u00f3n, portabilidad y supresi\u00f3n de sus datos, y de limitaci\u00f3n u oposici\u00f3n a su tratamiento.<\/li>\n<li class=\"p1\">Derecho a presentar una reclamaci\u00f3n ante la autoridad de control (www.aepd.es) si considera que el tratamiento no se ajusta a la normativa vigente.<\/li>\n<\/ul>\n<p>[\/vc_column_text][\/vc_column][\/vc_row][vc_row][vc_column][vc_column_text]<\/p>\n<h3>Datos de contacto para ejercer sus derechos:<\/h3>\n<p>SOCIEDAD COOPERATIVA DE ENSE\u00d1ANZA NEVERS. Calle Bruno Mauricio Zabala, 6 &#8211; 48200 DURANGO (Bizkaia). Email: <a href=\"mailto:colegio@neverscooperativa.es\" target=\"_blank\" rel=\"noopener noreferrer\">colegio@neverscooperativa.es<\/a>[\/vc_column_text][\/vc_column][\/vc_row][vc_row][vc_column][vc_column_text]<\/p>\n<h3>Registro como Usuario en la Plataforma SM Educamos y Lazarus<\/h3>\n<p>A trav\u00e9s del presente Sitio Web se puede acceder a:<\/p>\n<p>1\u00ba) Plataforma Educamos: Esta plataforma tiene regulaci\u00f3n relativa a la Pol\u00edtica de privacidad, Cookies y Condiciones de uso de la misma. Recomendamos su lectura antes de realizar su registro. Asimismo, se informa al Usuario que para acceder a este apartado se requiere un Nombre de usuario y contrase\u00f1a, el cual ser\u00e1 remitido por el Centro previa solicitud.<\/p>\n<p>2\u00ba) \u00c1rea Lazarus: Desde este apartado enlazamos con el espacio web, responsabilidad de IMT Lazarus, donde como Usuario puede acceder a su contenido, previa solicitud al Centro de credenciales identificativas.<\/p>\n<p><em>Responsabilidad sobre tus datos personales<\/em><\/p>\n<p>El Usuario es responsable de que la informaci\u00f3n que proporcione a trav\u00e9s de esta web sea cierta. A estos efectos, responde de la veracidad de todos los datos que comunique y mantendr\u00e1 convenientemente actualizada la informaci\u00f3n facilitada, de tal forma que responda a su situaci\u00f3n real. El Usuario ser\u00e1 responsable de las informaciones falsas o inexactas que proporcione y de los perjuicios que ello cause al titular de esta web o a terceros.<\/p>\n<p><em>Medidas que se toman en el tratamiento de datos personales<\/em><\/p>\n<p>El Centro se compromete en la utilizaci\u00f3n de los datos personales facilitados conforme a las finalidades indicadas en esta Pol\u00edtica de privacidad, garantizando la seguridad y confidencialidad de los datos de car\u00e1cter personal que le sean facilitados. A tal fin, tiene implantadas las medidas de seguridad de \u00edndole t\u00e9cnica y organizativa que son necesarias para evitar su alteraci\u00f3n, p\u00e9rdida, tratamiento o acceso no autorizados, de acuerdo con lo establecido en la normativa aplicable.[\/vc_column_text][\/vc_column][\/vc_row]<\/p>\n<\/div>","protected":false},"excerpt":{"rendered":"<p>[vc_column][vc_column_text] Pol\u00edtica de privacidad [\/vc_column_text][\/vc_column][vc_row][vc_column][vc_column_text] 1. Uso y tratamiento de datos de car\u00e1cter personal [\/vc_column_text][\/vc_column][\/vc_row][vc_row][vc_column][vc_column_text] \u00bfQui\u00e9n es el responsable del tratamiento de tus datos personales? SOCIEDAD COOPERATIVA DE ENSE\u00d1ANZA NEVERS en adelante el Centro, es el Responsable del tratamiento de los datos personales del Usuario y le informa de que estos datos ser\u00e1n tratados de &hellip; <\/p>\n<p class=\"link-more\"><a href=\"https:\/\/neversikastetxea.com\/es\/politica-de-privacidad\/\" class=\"more-link\">Seguir leyendo<span class=\"screen-reader-text\"> \u00abPolitica de privacidad\u00bb<\/span><\/a><\/p>\n","protected":false},"author":1,"featured_media":0,"parent":0,"menu_order":0,"comment_status":"closed","ping_status":"closed","template":"","meta":{"footnotes":""},"class_list":["post-6071","page","type-page","status-publish","hentry","entry"],"_links":{"self":[{"href":"https:\/\/neversikastetxea.com\/es\/wp-json\/wp\/v2\/pages\/6071","targetHints":{"allow":["GET"]}}],"collection":[{"href":"https:\/\/neversikastetxea.com\/es\/wp-json\/wp\/v2\/pages"}],"about":[{"href":"https:\/\/neversikastetxea.com\/es\/wp-json\/wp\/v2\/types\/page"}],"author":[{"embeddable":true,"href":"https:\/\/neversikastetxea.com\/es\/wp-json\/wp\/v2\/users\/1"}],"replies":[{"embeddable":true,"href":"https:\/\/neversikastetxea.com\/es\/wp-json\/wp\/v2\/comments?post=6071"}],"version-history":[{"count":0,"href":"https:\/\/neversikastetxea.com\/es\/wp-json\/wp\/v2\/pages\/6071\/revisions"}],"wp:attachment":[{"href":"https:\/\/neversikastetxea.com\/es\/wp-json\/wp\/v2\/media?parent=6071"}],"curies":[{"name":"wp","href":"https:\/\/api.w.org\/{rel}","templated":true}]}}