{"id":6143,"date":"2023-02-01T12:10:26","date_gmt":"2023-02-01T11:10:26","guid":{"rendered":"https:\/\/neversikastetxea.com\/?page_id=6143"},"modified":"2026-02-11T10:13:54","modified_gmt":"2026-02-11T09:13:54","slug":"bizi-bizi","status":"publish","type":"page","link":"https:\/\/neversikastetxea.com\/es\/bizi-bizi\/","title":{"rendered":"Bizi-Bizi"},"content":{"rendered":"<div class=\"wpb-content-wrapper\"><p>[vc_row css=\u00bb.vc_custom_1578579974349{margin-top: 2% !important;padding-bottom: 2% !important;}\u00bb][vc_column][vc_row_inner content_placement=\u00bbmiddle\u00bb][vc_column_inner el_class=\u00bbpad-right\u00bb width=\u00bb1\/2&#8243;][vc_column_text css=\u00bb\u00bb el_class=\u00bbpad-right\u00bb]<\/p>\n<h1>Proyecto Bizi-Bizi<\/h1>\n<p style=\"text-align: justify;\">Bizi-Bizi es un proyecto de Nevers Ikastetxea orientado a <strong>promover el uso del euskera entre el alumnado y las familias<\/strong>. Su objetivo es favorecer una actitud positiva hacia la lengua, impulsar su uso cotidiano y mejorar progresivamente la competencia ling\u00fc\u00edstica del alumnado.<\/p>\n<p>A trav\u00e9s del taller Bizi-Bizi se crea un entorno din\u00e1mico y motivador en el que se desarrollan <strong>diversas actividades en euskera, reforzando de manera pr\u00e1ctica las competencias orales y escritas<\/strong>. Este trabajo se complementa con acciones de <strong>sensibilizaci\u00f3n dirigidas a las familias<\/strong>, conscientes del papel fundamental que desempe\u00f1an en el uso diario del idioma.<\/p>\n<p>El objetivo final del proyecto es <strong>lograr una mayor fluidez, seguridad y motivaci\u00f3n para comunicarse en euskera<\/strong>, integr\u00e1ndolo de forma natural tanto en el \u00e1mbito escolar como en la vida cotidiana.[\/vc_column_text][vc_column_text][\/vc_column_text][\/vc_column_inner][vc_column_inner width=\u00bb1\/2&#8243;][vc_single_image image=\u00bb9340&#8243; img_size=\u00bblarge\u00bb alignment=\u00bbcenter\u00bb css=\u00bb\u00bb][\/vc_column_inner][\/vc_row_inner][\/vc_column][\/vc_row][vc_row css=\u00bb.vc_custom_1578576434520{padding-top: 4% !important;padding-bottom: 2% !important;}\u00bb][vc_column][vc_column_text]<\/p>\n<h3>Noticias relacionadas<\/h3>\n<p>[\/vc_column_text][vc_basic_grid post_type=\u00bbpost\u00bb max_items=\u00bb3&#8243; grid_id=\u00bbvc_gid:1770801216222-f80b2d5c-3ce1-4&#8243;][\/vc_column][\/vc_row]<\/p>\n<\/div>","protected":false},"excerpt":{"rendered":"<p>[vc_row css=\u00bb.vc_custom_1578579974349{margin-top: 2% !important;padding-bottom: 2% !important;}\u00bb][vc_column][vc_row_inner content_placement=\u00bbmiddle\u00bb][vc_column_inner el_class=\u00bbpad-right\u00bb width=\u00bb1\/2&#8243;][vc_column_text css=\u00bb\u00bb el_class=\u00bbpad-right\u00bb] Proyecto Bizi-Bizi Bizi-Bizi es un proyecto de Nevers Ikastetxea orientado a promover el uso del euskera entre el alumnado y las familias. Su objetivo es favorecer una actitud positiva hacia la lengua, impulsar su uso cotidiano y mejorar progresivamente la competencia ling\u00fc\u00edstica del alumnado. &hellip; <\/p>\n<p class=\"link-more\"><a href=\"https:\/\/neversikastetxea.com\/es\/bizi-bizi\/\" class=\"more-link\">Seguir leyendo<span class=\"screen-reader-text\"> \u00abBizi-Bizi\u00bb<\/span><\/a><\/p>\n","protected":false},"author":1,"featured_media":1178,"parent":0,"menu_order":0,"comment_status":"closed","ping_status":"closed","template":"","meta":{"footnotes":""},"class_list":["post-6143","page","type-page","status-publish","has-post-thumbnail","hentry","entry"],"_links":{"self":[{"href":"https:\/\/neversikastetxea.com\/es\/wp-json\/wp\/v2\/pages\/6143","targetHints":{"allow":["GET"]}}],"collection":[{"href":"https:\/\/neversikastetxea.com\/es\/wp-json\/wp\/v2\/pages"}],"about":[{"href":"https:\/\/neversikastetxea.com\/es\/wp-json\/wp\/v2\/types\/page"}],"author":[{"embeddable":true,"href":"https:\/\/neversikastetxea.com\/es\/wp-json\/wp\/v2\/users\/1"}],"replies":[{"embeddable":true,"href":"https:\/\/neversikastetxea.com\/es\/wp-json\/wp\/v2\/comments?post=6143"}],"version-history":[{"count":3,"href":"https:\/\/neversikastetxea.com\/es\/wp-json\/wp\/v2\/pages\/6143\/revisions"}],"predecessor-version":[{"id":9341,"href":"https:\/\/neversikastetxea.com\/es\/wp-json\/wp\/v2\/pages\/6143\/revisions\/9341"}],"wp:featuredmedia":[{"embeddable":true,"href":"https:\/\/neversikastetxea.com\/es\/wp-json\/wp\/v2\/media\/1178"}],"wp:attachment":[{"href":"https:\/\/neversikastetxea.com\/es\/wp-json\/wp\/v2\/media?parent=6143"}],"curies":[{"name":"wp","href":"https:\/\/api.w.org\/{rel}","templated":true}]}}