{"id":62,"date":"2019-05-06T08:52:53","date_gmt":"2019-05-06T06:52:53","guid":{"rendered":"https:\/\/neversikastetxea.com\/?page_id=62"},"modified":"2026-02-20T10:40:43","modified_gmt":"2026-02-20T09:40:43","slug":"biblioteca-ludoteca","status":"publish","type":"page","link":"https:\/\/neversikastetxea.com\/es\/biblioteca-ludoteca\/","title":{"rendered":"Biblioteca &#038; Ludoteca"},"content":{"rendered":"<div class=\"wpb-content-wrapper\"><p>[vc_row css=\u00bb.vc_custom_1578592122726{padding-top: 4% !important;padding-bottom: 4% !important;}\u00bb][vc_column][vc_row_inner content_placement=\u00bbmiddle\u00bb][vc_column_inner el_class=\u00bbpad-right\u00bb width=\u00bb1\/2&#8243;][vc_column_text css=\u00bb\u00bb]<\/p>\n<h1>Biblioteca &amp; Ludoteca<\/h1>\n<p>En Nevers Ikastetxea creemos que los servicios complementarios a la educaci\u00f3n deben estar al servicio de la <strong>conciliaci\u00f3n de la vida familiar y laboral.\u00a0<\/strong>Por ello, tanto la ludoteca como la biblioteca est\u00e1n a disposici\u00f3n de todo el alumnado del centro, independientemente de la etapa educativa que curse durante el a\u00f1o acad\u00e9mico en vigor.<\/p>\n<p>Por un lado, la <strong>biblioteca<\/strong> de Nevers Ikastetxea es un espacio tecnol\u00f3gicamente equipado al servicio del alumnado, pensado para profundizar en sus creaciones, trabajos en equipo, investigaciones y estudios. Adem\u00e1s, la consulta de los libros de los que dispone el colegio se puede hacer desde <a href=\"https:\/\/opacabies.eus\/catalogos\/araba\/sagradocorazon\/\" rel=\"nofollow noopener\" target=\"_blank\">aqu\u00ed<\/a>. La biblioteca est\u00e1 abierta de lunes a viernes, tanto al mediod\u00eda como por la tarde.[\/vc_column_text][\/vc_column_inner][vc_column_inner width=\u00bb1\/2&#8243;][vc_single_image image=\u00bb9432&#8243; img_size=\u00bblarge\u00bb alignment=\u00bbcenter\u00bb css=\u00bb\u00bb][\/vc_column_inner][\/vc_row_inner][\/vc_column][\/vc_row][vc_row css=\u00bb.vc_custom_1577966497293{padding-top: 5% !important;padding-bottom: 3% !important;}\u00bb][vc_column][vc_row_inner][vc_column_inner][vc_column_text css=\u00bb\u00bb el_class=\u00bbcolumna-texto\u00bb]Por otro lado, la <strong>ludoteca<\/strong> tiene como objetivo dar valor a la actividad pedag\u00f3gica a trav\u00e9s de din\u00e1micas basadas en el juego y la diversi\u00f3n, fomentando la creatividad y el aprendizaje. En este espacio, interact\u00faan con sus compa\u00f1eras\/os mientras refuerzan habilidades afectivo-sociales. La ludoteca es un punto de encuentro especializado en el juego, donde divertirse y desarrollar la imaginaci\u00f3n y la creatividad van de la mano.<\/p>\n<p>&nbsp;<\/p>\n<p><strong>HORARIOS<\/strong><\/p>\n<p>Ludoteca (de lunes a viernes):<\/p>\n<ul>\n<li>Por la ma\u00f1ana: 7:30-9:00<\/li>\n<li>Por la tarde: 16:30-18:00 (EI \/ EP 1-2)<\/li>\n<\/ul>\n<p>Biblioteca (de lunes a viernes):<\/p>\n<ul>\n<li>Por la tarde: 15:30-18:00 (EP3-4-5-6 \/ ESO)<\/li>\n<\/ul>\n<p>[\/vc_column_text][\/vc_column_inner][\/vc_row_inner][\/vc_column][\/vc_row]<\/p>\n<\/div>","protected":false},"excerpt":{"rendered":"<p>[vc_row css=\u00bb.vc_custom_1578592122726{padding-top: 4% !important;padding-bottom: 4% !important;}\u00bb][vc_column][vc_row_inner content_placement=\u00bbmiddle\u00bb][vc_column_inner el_class=\u00bbpad-right\u00bb width=\u00bb1\/2&#8243;][vc_column_text css=\u00bb\u00bb] Biblioteca &amp; Ludoteca En Nevers Ikastetxea creemos que los servicios complementarios a la educaci\u00f3n deben estar al servicio de la conciliaci\u00f3n de la vida familiar y laboral.\u00a0Por ello, tanto la ludoteca como la biblioteca est\u00e1n a disposici\u00f3n de todo el alumnado del centro, independientemente de &hellip; <\/p>\n<p class=\"link-more\"><a href=\"https:\/\/neversikastetxea.com\/es\/biblioteca-ludoteca\/\" class=\"more-link\">Seguir leyendo<span class=\"screen-reader-text\"> \u00abBiblioteca &#038; Ludoteca\u00bb<\/span><\/a><\/p>\n","protected":false},"author":1,"featured_media":1178,"parent":0,"menu_order":0,"comment_status":"closed","ping_status":"closed","template":"","meta":{"footnotes":""},"class_list":["post-62","page","type-page","status-publish","has-post-thumbnail","hentry","entry"],"_links":{"self":[{"href":"https:\/\/neversikastetxea.com\/es\/wp-json\/wp\/v2\/pages\/62","targetHints":{"allow":["GET"]}}],"collection":[{"href":"https:\/\/neversikastetxea.com\/es\/wp-json\/wp\/v2\/pages"}],"about":[{"href":"https:\/\/neversikastetxea.com\/es\/wp-json\/wp\/v2\/types\/page"}],"author":[{"embeddable":true,"href":"https:\/\/neversikastetxea.com\/es\/wp-json\/wp\/v2\/users\/1"}],"replies":[{"embeddable":true,"href":"https:\/\/neversikastetxea.com\/es\/wp-json\/wp\/v2\/comments?post=62"}],"version-history":[{"count":4,"href":"https:\/\/neversikastetxea.com\/es\/wp-json\/wp\/v2\/pages\/62\/revisions"}],"predecessor-version":[{"id":9433,"href":"https:\/\/neversikastetxea.com\/es\/wp-json\/wp\/v2\/pages\/62\/revisions\/9433"}],"wp:featuredmedia":[{"embeddable":true,"href":"https:\/\/neversikastetxea.com\/es\/wp-json\/wp\/v2\/media\/1178"}],"wp:attachment":[{"href":"https:\/\/neversikastetxea.com\/es\/wp-json\/wp\/v2\/media?parent=62"}],"curies":[{"name":"wp","href":"https:\/\/api.w.org\/{rel}","templated":true}]}}