{"id":6565,"date":"2023-10-25T16:10:16","date_gmt":"2023-10-25T14:10:16","guid":{"rendered":"https:\/\/neversikastetxea.com\/?page_id=6565"},"modified":"2023-10-25T16:20:21","modified_gmt":"2023-10-25T14:20:21","slug":"plan-de-digitalizacion-2023","status":"publish","type":"page","link":"https:\/\/neversikastetxea.com\/es\/plan-de-digitalizacion-2023\/","title":{"rendered":"Plan de digitalizaci\u00f3n"},"content":{"rendered":"<div class=\"wpb-content-wrapper\"><p>[vc_row css=\u00bb.vc_custom_1578579974349{margin-top: 2% !important;padding-bottom: 2% !important;}\u00bb][vc_column][vc_row_inner content_placement=\u00bbmiddle\u00bb][vc_column_inner el_class=\u00bbpad-right\u00bb width=\u00bb1\/2&#8243;][vc_column_text el_class=\u00bbpad-right\u00bb]<\/p>\n<h1>Plan de digitalizaci\u00f3n<\/h1>\n<p style=\"text-align: justify;\"><span style=\"font-weight: 400;\">En Nevers Ikastetxea somos conscientes de que nos encontramos a las puertas de comenzar un nuevo ciclo que puede constituir un punto de inflexi\u00f3n en los proyectos de transformaci\u00f3n digital de los centros educativos.<\/span><\/p>\n<p style=\"text-align: justify;\"><span style=\"font-weight: 400;\">Estamos ante el gran reto de lograr convertirnos en una Organizaci\u00f3n Educativa Digitalmente Competente. Por ello, consideramos que el Colegio se sit\u00faa en una adecuada situaci\u00f3n de partida, fruto de la intensa labor que llevamos desarrollando en este terreno en la \u00faltima d\u00e9cada.<\/span><\/p>\n<p style=\"text-align: justify;\"><span style=\"font-weight: 400;\">Sin embargo, somos igualmente conocedores de la necesidad de seguir evolucionando con el objetivo de conseguir un aprendizaje digital de calidad, inclusivo, integrador y con la capacidad de poder responder y adaptarse a la situaci\u00f3n cambiante en la que nos encontramos.<\/span><\/p>\n<p style=\"text-align: justify;\"><span style=\"font-weight: 400;\">Asimismo, queremos seguir avanzando desde una perspectiva global de centro, donde contemos con un personal digitalmente competente y preparado para formar al alumnado con las competencias y destrezas digitales necesarias, evitando cualquier tipo de brecha digital y garantizando la igualdad de oportunidades.<\/span><\/p>\n<p style=\"text-align: justify;\"><span style=\"font-weight: 400;\">Por todo ello, Nevers Ikastetxea ha elaborado un Proyecto Digital de Centro que recoge nuestros pr\u00f3ximos objetivos a corto y medio plazo, no centrado \u00fanicamente en el alumnado, sino tambi\u00e9n en el profesorado y centro en general.<\/span><\/p>\n<p>[\/vc_column_text][\/vc_column_inner][vc_column_inner width=\u00bb1\/2&#8243;][vc_single_image image=\u00bb6552&#8243; img_size=\u00bbmedium\u00bb alignment=\u00bbcenter\u00bb][\/vc_column_inner][\/vc_row_inner][vc_row_inner content_placement=\u00bbmiddle\u00bb][vc_column_inner][vc_btn title=\u00bbDescarga aqu\u00ed\u00bb color=\u00bbblue\u00bb link=\u00bburl:https%3A%2F%2Fneversikastetxea.com%2Fwp-content%2Fuploads%2F2023%2F10%2FVersion-definitiva-PDC_Nevers_2023-2025_wb.pdf|target:_blank\u00bb][\/vc_column_inner][\/vc_row_inner][\/vc_column][\/vc_row][vc_row css=\u00bb.vc_custom_1578576027615{padding-top: 4% !important;padding-bottom: 4% !important;}\u00bb][vc_column][\/vc_column][\/vc_row]<\/p>\n<\/div>","protected":false},"excerpt":{"rendered":"<p>[vc_row css=\u00bb.vc_custom_1578579974349{margin-top: 2% !important;padding-bottom: 2% !important;}\u00bb][vc_column][vc_row_inner content_placement=\u00bbmiddle\u00bb][vc_column_inner el_class=\u00bbpad-right\u00bb width=\u00bb1\/2&#8243;][vc_column_text el_class=\u00bbpad-right\u00bb] Plan de digitalizaci\u00f3n En Nevers Ikastetxea somos conscientes de que nos encontramos a las puertas de comenzar un nuevo ciclo que puede constituir un punto de inflexi\u00f3n en los proyectos de transformaci\u00f3n digital de los centros educativos. Estamos ante el gran reto de lograr convertirnos &hellip; <\/p>\n<p class=\"link-more\"><a href=\"https:\/\/neversikastetxea.com\/es\/plan-de-digitalizacion-2023\/\" class=\"more-link\">Seguir leyendo<span class=\"screen-reader-text\"> \u00abPlan de digitalizaci\u00f3n\u00bb<\/span><\/a><\/p>\n","protected":false},"author":1,"featured_media":0,"parent":0,"menu_order":0,"comment_status":"closed","ping_status":"closed","template":"","meta":{"footnotes":""},"class_list":["post-6565","page","type-page","status-publish","hentry","entry"],"_links":{"self":[{"href":"https:\/\/neversikastetxea.com\/es\/wp-json\/wp\/v2\/pages\/6565","targetHints":{"allow":["GET"]}}],"collection":[{"href":"https:\/\/neversikastetxea.com\/es\/wp-json\/wp\/v2\/pages"}],"about":[{"href":"https:\/\/neversikastetxea.com\/es\/wp-json\/wp\/v2\/types\/page"}],"author":[{"embeddable":true,"href":"https:\/\/neversikastetxea.com\/es\/wp-json\/wp\/v2\/users\/1"}],"replies":[{"embeddable":true,"href":"https:\/\/neversikastetxea.com\/es\/wp-json\/wp\/v2\/comments?post=6565"}],"version-history":[{"count":0,"href":"https:\/\/neversikastetxea.com\/es\/wp-json\/wp\/v2\/pages\/6565\/revisions"}],"wp:attachment":[{"href":"https:\/\/neversikastetxea.com\/es\/wp-json\/wp\/v2\/media?parent=6565"}],"curies":[{"name":"wp","href":"https:\/\/api.w.org\/{rel}","templated":true}]}}