{"id":6614,"date":"2023-11-22T13:17:07","date_gmt":"2023-11-22T12:17:07","guid":{"rendered":"https:\/\/neversikastetxea.com\/?page_id=6614"},"modified":"2023-11-22T13:19:37","modified_gmt":"2023-11-22T12:19:37","slug":"bachillerato-dual2","status":"publish","type":"page","link":"https:\/\/neversikastetxea.com\/es\/bachillerato-dual2\/","title":{"rendered":"Bachillerato Dual"},"content":{"rendered":"<div class=\"wpb-content-wrapper\"><p>[vc_row el_class=\u00bbproyectosBlock\u00bb css=\u00bb.vc_custom_1578572110904{padding-top: 3% !important;padding-bottom: 3% !important;}\u00bb][vc_column offset=\u00bbvc_col-xs-12&#8243;][vc_column_text]<\/p>\n<h4 style=\"text-align: center;\">Creado y desarrollado por Academica Corporation, el Diploma Dual es un programa interdisciplinar que prepara a los estudiantes para adquirir los mejores niveles de competencia en base a tres objetivos: inmersi\u00f3n ling\u00fc\u00edstica, inmersi\u00f3n tecnol\u00f3gica e inmersi\u00f3n personal.<\/h4>\n<p>[\/vc_column_text][vc_row_inner content_placement=\u00bbmiddle\u00bb el_class=\u00bbreverse_order\u00bb][vc_column_inner el_class=\u00bbpad-right\u00bb width=\u00bb1\/2&#8243; css=\u00bb.vc_custom_1675244985641{padding-right: 20px !important;}\u00bb][vc_column_text]<\/p>\n<h2>Bachillerato Dual<\/h2>\n<p style=\"text-align: justify;\">Una vez finalizados los estudios de secundaria, llega el momento de escoger la modalidad de bachillerato, lo cual suele ser un dilema para todo estudiante. Adem\u00e1s de estudiar Humanidades, Sociales, Artes o Ciencias, existe la posibilidad de obtener m\u00e1s de una titulaci\u00f3n a la vez.<\/p>\n<p style=\"text-align: justify;\">El bachillerato dual permite a los alumnos obtener dos titulaciones simulta\u0301neas: la propia de su pai\u0301s y el americano, combinando las clases presenciales con las sesiones online desde centros estadounidenses.<\/p>\n<p style=\"text-align: justify;\">Creado y desarrollado por Academica Corporation, el Diploma Dual es un programa interdisciplinar que prepara a los estudiantes para adquirir los mejores niveles de competencia en base a tres objetivos: inmersi\u00f3n ling\u00fc\u00edstica, inmersi\u00f3n tecnol\u00f3gica e inmersi\u00f3n personal.<\/p>\n<p>[\/vc_column_text][\/vc_column_inner][vc_column_inner el_class=\u00bbmarkedImageContainer\u00bb width=\u00bb1\/2&#8243; css=\u00bb.vc_custom_1675245004774{padding-top: 20px !important;padding-right: 20px !important;padding-bottom: 20px !important;padding-left: 20px !important;}\u00bb][vc_single_image image=\u00bb6619&#8243; img_size=\u00bblarge\u00bb alignment=\u00bbcenter\u00bb el_class=\u00bbimageFrame2 imageBorderMovement\u00bb][\/vc_column_inner][\/vc_row_inner][\/vc_column][\/vc_row][vc_row css=\u00bb.vc_custom_1637590071851{background-color: #172e41 !important;}\u00bb][vc_column el_id=\u00bbreservarvisita\u00bb][vc_row_inner][vc_column_inner width=\u00bb2\/3&#8243;][vc_column_text]<\/p>\n<h2><span style=\"color: #ffffff;\">Reserva tu visita personalizada<\/span><\/h2>\n<p>[\/vc_column_text][vc_column_text]<\/p>\n<h3><span style=\"color: #ffffff;\">Ven a visitar el centro para ver las instalaciones de la nueva guarder\u00eda, conocer al profesorado y empezar a vivir la experiencia Nevers.<\/span><\/h3>\n<p>[\/vc_column_text][\/vc_column_inner][vc_column_inner width=\u00bb1\/3&#8243;]\n<div class=\"wpcf7 no-js\" id=\"wpcf7-f4171-o1\" lang=\"es-ES\" dir=\"ltr\" data-wpcf7-id=\"4171\">\n<div class=\"screen-reader-response\"><p role=\"status\" aria-live=\"polite\" aria-atomic=\"true\"><\/p> <ul><\/ul><\/div>\n<form action=\"\/es\/wp-json\/wp\/v2\/pages\/6614#wpcf7-f4171-o1\" method=\"post\" class=\"wpcf7-form init\" aria-label=\"Formulario de contacto\" novalidate=\"novalidate\" data-status=\"init\">\n<fieldset class=\"hidden-fields-container\"><input type=\"hidden\" name=\"_wpcf7\" value=\"4171\" \/><input type=\"hidden\" name=\"_wpcf7_version\" value=\"6.1.5\" \/><input type=\"hidden\" name=\"_wpcf7_locale\" value=\"es_ES\" \/><input type=\"hidden\" name=\"_wpcf7_unit_tag\" value=\"wpcf7-f4171-o1\" \/><input type=\"hidden\" name=\"_wpcf7_container_post\" value=\"0\" \/><input type=\"hidden\" name=\"_wpcf7_posted_data_hash\" value=\"\" \/>\n<\/fieldset>\n<p><span id=\"wpcf7-69e89c9eeebf6-wrapper\" class=\"wpcf7-form-control-wrap potipoti-554-wrap\" style=\"display:none !important; visibility:hidden !important;\"><label for=\"wpcf7-69e89c9eeebf6-field\" class=\"hp-message\">Por favor, deja este campo vac\u00edo.<\/label><input id=\"wpcf7-69e89c9eeebf6-field\"  class=\"wpcf7-form-control wpcf7-text\" type=\"text\" name=\"potipoti-554\" value=\"\" size=\"40\" tabindex=\"-1\" autocomplete=\"new-password\" \/><\/span>\n<\/p>\n<p><span style=\"color: #ffffff;\">Nombre (obligatorio)<\/span><\n<\/p>\n<p><span class=\"wpcf7-form-control-wrap\" data-name=\"nombre\"><input size=\"40\" maxlength=\"400\" class=\"wpcf7-form-control wpcf7-text wpcf7-validates-as-required\" aria-required=\"true\" aria-invalid=\"false\" value=\"\" type=\"text\" name=\"nombre\" \/><\/span>\n<\/p>\n<p><span style=\"color: #ffffff;\">Apellidos (obligatorio)<\/span><\n<\/p>\n<p><span class=\"wpcf7-form-control-wrap\" data-name=\"apellidos\"><input size=\"40\" maxlength=\"400\" class=\"wpcf7-form-control wpcf7-text wpcf7-validates-as-required\" aria-required=\"true\" aria-invalid=\"false\" value=\"\" type=\"text\" name=\"apellidos\" \/><\/span>\n<\/p>\n<p><span style=\"color: #ffffff;\">Tel\u00e9fono (obligatorio)<\/span><\n<\/p>\n<p><span class=\"wpcf7-form-control-wrap\" data-name=\"Telfono\"><input size=\"40\" maxlength=\"400\" class=\"wpcf7-form-control wpcf7-tel wpcf7-validates-as-required wpcf7-text wpcf7-validates-as-tel\" aria-required=\"true\" aria-invalid=\"false\" value=\"\" type=\"tel\" name=\"Telfono\" \/><\/span>\n<\/p>\n<p><span style=\"color: #ffffff;\">E-mail (requerido)<\/span><\n<\/p>\n<p><span class=\"wpcf7-form-control-wrap\" data-name=\"email\"><input size=\"40\" maxlength=\"400\" class=\"wpcf7-form-control wpcf7-email wpcf7-validates-as-required wpcf7-text wpcf7-validates-as-email\" aria-required=\"true\" aria-invalid=\"false\" value=\"\" type=\"email\" name=\"email\" \/><\/span>\n<\/p>\n<p><span style=\"color: #ffffff;\">Cu\u00e9ntanos qu\u00e9 d\u00edas te vienen bien y nos pondremos en contacto contigo.<\/span><\n<\/p>\n<p><span class=\"wpcf7-form-control-wrap\" data-name=\"textarea\"><textarea cols=\"40\" rows=\"10\" maxlength=\"2000\" class=\"wpcf7-form-control wpcf7-textarea\" aria-invalid=\"false\" name=\"textarea\"><\/textarea><\/span>\n<\/p>\n<p><span style=\"color: #ffffff;\"><span class=\"wpcf7-form-control-wrap\" data-name=\"Legal\"><span class=\"wpcf7-form-control wpcf7-checkbox wpcf7-validates-as-required\" id=\"condicionesContactForm\"><span class=\"wpcf7-list-item first last\"><input type=\"checkbox\" name=\"Legal[]\" value=\"He le\u00eddo y acepto las condiciones.\" \/><span class=\"wpcf7-list-item-label\">He le\u00eddo y acepto las condiciones.<\/span><\/span><\/span><\/span><\/span><br \/>\n<span style=\"color: #ffffff;\"><!-- Mailchimp for WordPress v4.12.2 - https:\/\/www.mc4wp.com\/ --><input type=\"hidden\" name=\"_mc4wp_subscribe_contact-form-7\" value=\"0\" \/><span class=\"mc4wp-checkbox mc4wp-checkbox-contact-form-7 \"><label><input type=\"checkbox\" name=\"_mc4wp_subscribe_contact-form-7\" value=\"1\" checked=\"checked\"><span>Quiero suscribirme a la lista de correo<\/span><\/label><\/span><!-- \/ Mailchimp for WordPress --><\/span>\n<\/p>\n<p><input class=\"wpcf7-form-control wpcf7-submit has-spinner\" type=\"submit\" value=\"Quiero conocer Nevers Ikastetxea\" \/>\n<\/p><div class=\"wpcf7-response-output\" aria-hidden=\"true\"><\/div>\n<\/form>\n<\/div>\n[\/vc_column_inner][\/vc_row_inner][\/vc_column][\/vc_row]<\/p>\n<\/div>","protected":false},"excerpt":{"rendered":"<p>[vc_row el_class=\u00bbproyectosBlock\u00bb css=\u00bb.vc_custom_1578572110904{padding-top: 3% !important;padding-bottom: 3% !important;}\u00bb][vc_column offset=\u00bbvc_col-xs-12&#8243;][vc_column_text] Creado y desarrollado por Academica Corporation, el Diploma Dual es un programa interdisciplinar que prepara a los estudiantes para adquirir los mejores niveles de competencia en base a tres objetivos: inmersi\u00f3n ling\u00fc\u00edstica, inmersi\u00f3n tecnol\u00f3gica e inmersi\u00f3n personal. [\/vc_column_text][vc_row_inner content_placement=\u00bbmiddle\u00bb el_class=\u00bbreverse_order\u00bb][vc_column_inner el_class=\u00bbpad-right\u00bb width=\u00bb1\/2&#8243; css=\u00bb.vc_custom_1675244985641{padding-right: 20px !important;}\u00bb][vc_column_text] Bachillerato Dual &hellip; <\/p>\n<p class=\"link-more\"><a href=\"https:\/\/neversikastetxea.com\/es\/bachillerato-dual2\/\" class=\"more-link\">Seguir leyendo<span class=\"screen-reader-text\"> \u00abBachillerato Dual\u00bb<\/span><\/a><\/p>\n","protected":false},"author":1,"featured_media":1178,"parent":0,"menu_order":0,"comment_status":"closed","ping_status":"closed","template":"","meta":{"footnotes":""},"class_list":["post-6614","page","type-page","status-publish","has-post-thumbnail","hentry","entry"],"_links":{"self":[{"href":"https:\/\/neversikastetxea.com\/es\/wp-json\/wp\/v2\/pages\/6614","targetHints":{"allow":["GET"]}}],"collection":[{"href":"https:\/\/neversikastetxea.com\/es\/wp-json\/wp\/v2\/pages"}],"about":[{"href":"https:\/\/neversikastetxea.com\/es\/wp-json\/wp\/v2\/types\/page"}],"author":[{"embeddable":true,"href":"https:\/\/neversikastetxea.com\/es\/wp-json\/wp\/v2\/users\/1"}],"replies":[{"embeddable":true,"href":"https:\/\/neversikastetxea.com\/es\/wp-json\/wp\/v2\/comments?post=6614"}],"version-history":[{"count":0,"href":"https:\/\/neversikastetxea.com\/es\/wp-json\/wp\/v2\/pages\/6614\/revisions"}],"wp:featuredmedia":[{"embeddable":true,"href":"https:\/\/neversikastetxea.com\/es\/wp-json\/wp\/v2\/media\/1178"}],"wp:attachment":[{"href":"https:\/\/neversikastetxea.com\/es\/wp-json\/wp\/v2\/media?parent=6614"}],"curies":[{"name":"wp","href":"https:\/\/api.w.org\/{rel}","templated":true}]}}