{"id":859,"date":"2019-06-18T13:22:59","date_gmt":"2019-06-18T11:22:59","guid":{"rendered":"https:\/\/neversikastetxea.com\/?page_id=859"},"modified":"2026-02-04T11:30:24","modified_gmt":"2026-02-04T10:30:24","slug":"atencion-sanitaria","status":"publish","type":"page","link":"https:\/\/neversikastetxea.com\/es\/atencion-sanitaria\/","title":{"rendered":"Atenci\u00f3n sanitaria"},"content":{"rendered":"<div class=\"wpb-content-wrapper\"><p>[vc_row css=\u00bb.vc_custom_1568361577019{padding-top: 5% !important;padding-bottom: 2% !important;}\u00bb][vc_column][vc_row_inner][vc_column_inner][vc_column_text css=\u00bb\u00bb]<\/p>\n<h1 style=\"text-align: center;\">Atenci\u00f3n sanitaria<\/h1>\n<p>[\/vc_column_text][\/vc_column_inner][\/vc_row_inner][\/vc_column][\/vc_row][vc_row css=\u00bb.vc_custom_1568361577019{padding-top: 5% !important;padding-bottom: 2% !important;}\u00bb][vc_column][vc_column_text css=\u00bb\u00bb el_class=\u00bbcolumna-texto\u00bb]En Nevers Ikastetxea no disponemos de un servicio de enfermer\u00eda, pero s\u00ed de <strong>primeros auxilios b\u00e1sicos<\/strong> para aquellos peque\u00f1os accidentes que puedan suceder durante el tiempo escolar. Contamos con un <strong>desfibrilador<\/strong>, as\u00ed como curas b\u00e1sicas para cubrir atenciones inmediatas de dolores, lesiones o accidentes leves. El colegio se pondr\u00e1 en contacto con la familia del alumnado y en caso de una gravedad m\u00e1s elevada, se contactar\u00e1 con el centro m\u00e9dico m\u00e1s cercano.<\/p>\n<p>Adem\u00e1s, todo el <strong>profesorado est\u00e1 formado en primeros auxilios<\/strong> para que, en la primera intervenci\u00f3n con el alumno\/a, se pueda proporcionar una <strong>atenci\u00f3n sanitaria<\/strong> de la m\u00e1xima calidad posible.<\/p>\n<p>&nbsp;<\/p>\n<p>Los principales <strong>objetivos<\/strong> del servicio de enfermer\u00eda son:<\/p>\n<ul>\n<li>Cuidar y proteger la salud f\u00edsica y emocional de los alumnos y alumnas y asegurar que otros miembros del personal del colegio saben lo que el alumnado necesita para estar sanos y sanas.<\/li>\n<li>Crear un ambiente que promueva la vida sana, as\u00ed como responder a las necesidades individuales de los ni\u00f1os y ni\u00f1as.<\/li>\n<li>Estar en constante comunicaci\u00f3n con los padres y madres para asegurar que los alumnos y alumnas tengan un cuidado personal e instant\u00e1neo.<\/li>\n<\/ul>\n<p>[\/vc_column_text][\/vc_column][\/vc_row]<\/p>\n<\/div>","protected":false},"excerpt":{"rendered":"<p>[vc_row css=\u00bb.vc_custom_1568361577019{padding-top: 5% !important;padding-bottom: 2% !important;}\u00bb][vc_column][vc_row_inner][vc_column_inner][vc_column_text css=\u00bb\u00bb] Atenci\u00f3n sanitaria [\/vc_column_text][\/vc_column_inner][\/vc_row_inner][\/vc_column][\/vc_row][vc_row css=\u00bb.vc_custom_1568361577019{padding-top: 5% !important;padding-bottom: 2% !important;}\u00bb][vc_column][vc_column_text css=\u00bb\u00bb el_class=\u00bbcolumna-texto\u00bb]En Nevers Ikastetxea no disponemos de un servicio de enfermer\u00eda, pero s\u00ed de primeros auxilios b\u00e1sicos para aquellos peque\u00f1os accidentes que puedan suceder durante el tiempo escolar. Contamos con un desfibrilador, as\u00ed como curas b\u00e1sicas para cubrir atenciones inmediatas &hellip; <\/p>\n<p class=\"link-more\"><a href=\"https:\/\/neversikastetxea.com\/es\/atencion-sanitaria\/\" class=\"more-link\">Seguir leyendo<span class=\"screen-reader-text\"> \u00abAtenci\u00f3n sanitaria\u00bb<\/span><\/a><\/p>\n","protected":false},"author":1,"featured_media":1178,"parent":0,"menu_order":0,"comment_status":"closed","ping_status":"closed","template":"","meta":{"footnotes":""},"class_list":["post-859","page","type-page","status-publish","has-post-thumbnail","hentry","entry"],"_links":{"self":[{"href":"https:\/\/neversikastetxea.com\/es\/wp-json\/wp\/v2\/pages\/859","targetHints":{"allow":["GET"]}}],"collection":[{"href":"https:\/\/neversikastetxea.com\/es\/wp-json\/wp\/v2\/pages"}],"about":[{"href":"https:\/\/neversikastetxea.com\/es\/wp-json\/wp\/v2\/types\/page"}],"author":[{"embeddable":true,"href":"https:\/\/neversikastetxea.com\/es\/wp-json\/wp\/v2\/users\/1"}],"replies":[{"embeddable":true,"href":"https:\/\/neversikastetxea.com\/es\/wp-json\/wp\/v2\/comments?post=859"}],"version-history":[{"count":3,"href":"https:\/\/neversikastetxea.com\/es\/wp-json\/wp\/v2\/pages\/859\/revisions"}],"predecessor-version":[{"id":9257,"href":"https:\/\/neversikastetxea.com\/es\/wp-json\/wp\/v2\/pages\/859\/revisions\/9257"}],"wp:featuredmedia":[{"embeddable":true,"href":"https:\/\/neversikastetxea.com\/es\/wp-json\/wp\/v2\/media\/1178"}],"wp:attachment":[{"href":"https:\/\/neversikastetxea.com\/es\/wp-json\/wp\/v2\/media?parent=859"}],"curies":[{"name":"wp","href":"https:\/\/api.w.org\/{rel}","templated":true}]}}