{"id":942,"date":"2019-06-26T10:40:24","date_gmt":"2019-06-26T08:40:24","guid":{"rendered":"https:\/\/neversikastetxea.com\/?page_id=942"},"modified":"2026-01-26T14:21:58","modified_gmt":"2026-01-26T13:21:58","slug":"guarderia","status":"publish","type":"page","link":"https:\/\/neversikastetxea.com\/es\/guarderia\/","title":{"rendered":"Guarder\u00eda"},"content":{"rendered":"<div class=\"wpb-content-wrapper\"><p>[vc_row full_width=\u00bbstretch_row\u00bb css=\u00bb.vc_custom_1606213172661{padding-top: 2% !important;padding-bottom: 2% !important;background-position: center !important;background-repeat: no-repeat !important;background-size: cover !important;}\u00bb el_class=\u00bbCTA fadeInCTA\u00bb][vc_column][vc_row_inner content_placement=\u00bbmiddle\u00bb css=\u00bb.vc_custom_1578565500423{background-position: center !important;background-repeat: no-repeat !important;background-size: cover !important;}\u00bb el_class=\u00bbCTATituloInterior\u00bb][vc_column_inner width=\u00bb1\/4&#8243;][\/vc_column_inner][vc_column_inner width=\u00bb1\/2&#8243;][vc_column_text css=\u00bb.vc_custom_1606213043108{margin-bottom: 0px !important;}\u00bb]<\/p>\n<h2 style=\"text-align: center;\"><span style=\"color: #ffffff;\"><strong>GUARDER\u00cdA NEVERS IKASTETXEA<\/strong><\/span><\/h2>\n<h3 style=\"text-align: center;\"><span style=\"color: #ffffff;\">Desarrollo natural a trav\u00e9s del juego y la investigaci\u00f3n.<\/span><\/h3>\n<p>[\/vc_column_text][\/vc_column_inner][vc_column_inner width=\u00bb1\/4&#8243;][vc_raw_html]JTNDYSUyMHN0eWxlJTNEJTIydGV4dC1hbGlnbiUzQXJpZ2h0JTNCJTIyJTIwY2xhc3MlM0QlMjJuYXZTdXBFZHVjYWNpb24lMjIlMjBocmVmJTNEJTIyLi4lMkZlZHVjYWNpb24taW5mYW50aWwlMkYlMjIlM0VFZHVjYWNpJUMzJUIzbiUyMEluZmFudGlsJTIwMC02JTNDc3BhbiUyMGNsYXNzJTNEJTIyZmxlY2hhRGVyZWNoYSUyMiUzRSUzQyUyRnNwYW4lM0UlM0MlMkZhJTNF[\/vc_raw_html][\/vc_column_inner][\/vc_row_inner][vc_empty_space height=\u00bb50px\u00bb][vc_row_inner][vc_column_inner width=\u00bb2\/5&#8243;]<div class=\"vckit-btn-container vckit-btn-center\"><a class=\"vckit-btn button--winona button--size-m button--text-thin button--border-thick button--round-none vckit_custom_class_105fbd1815c5dcb  seeMoreButton\" href=\"#reservarvisita\" title=\"\" data-text=\"Reservar visita guiada\"><span>Reservar visita guiada<\/span><\/a><\/div>\n<style type=\"text\/css\" data-type=\"vckit-shortcode-css\" data-shortcode=\"vckit_button\">.vckit-btn.vckit_custom_class_105fbd1815c5dcb { border-color: #1e73be}<\/style>[\/vc_column_inner][vc_column_inner width=\u00bb1\/5&#8243;][vc_empty_space][\/vc_column_inner][vc_column_inner width=\u00bb2\/5&#8243;]<div class=\"vckit-btn-container vckit-btn-center\"><a class=\"vckit-btn button--winona button--size-m button--text-thin button--border-thick button--round-none vckit_custom_class_10650006afc763e  seeMoreButton  vc_custom_1694500548362\" href=\"https:\/\/tourmkr.com\/F188iS0JJA\/26281361p&amp;289.75h&amp;92.91t\" title=\"\" data-text=\"Ver visita virtual\" rel=\"nofollow noopener\" target=\"_blank\"><span>Ver visita virtual<\/span><\/a><\/div>\n<style type=\"text\/css\" data-type=\"vckit-shortcode-css\" data-shortcode=\"vckit_button\">.vckit-btn.vckit_custom_class_10650006afc763e { border-color: #1e73be}<\/style>[\/vc_column_inner][\/vc_row_inner][vc_empty_space][\/vc_column][\/vc_row][vc_row el_class=\u00bbproyectosBlock\u00bb css=\u00bb.vc_custom_1578572110904{padding-top: 3% !important;padding-bottom: 3% !important;}\u00bb][vc_column offset=\u00bbvc_col-xs-12&#8243;][vc_column_text css=\u00bb\u00bb]<\/p>\n<h4 style=\"text-align: center;\">En Nevers Ikastetxea encontrar\u00e1s un entorno cercano y familiar que nos permite ofrecer una educaci\u00f3n <strong>individualizada, eficaz, integral y de alta calidad para alumnado <\/strong>de 0 a 16 a\u00f1os.<\/h4>\n<p>[\/vc_column_text][vc_row_inner content_placement=\u00bbmiddle\u00bb el_class=\u00bbreverse_order\u00bb][vc_column_inner el_class=\u00bbpad-right\u00bb width=\u00bb1\/2&#8243; css=\u00bb.vc_custom_1675244985641{padding-right: 20px !important;}\u00bb][vc_column_text css=\u00bb\u00bb]<\/p>\n<h2>Haurtzaindegi<\/h2>\n<p>Nuestro centro dispone de un <strong>servicio de haurtzaindegi<\/strong> dirigido a los\/as m\u00e1s peque\u00f1os y peque\u00f1as, pensado para <strong>acompa\u00f1ar a las familias en la conciliaci\u00f3n de la vida familiar y laboral.<\/strong><\/p>\n<p>El servicio est\u00e1 disponible<strong> de 7:30 de la ma\u00f1ana a 18:30 de la tarde<\/strong>, ofreciendo un entorno seguro, acogedor y adaptado a las necesidades de la primera infancia.<\/p>\n<p>Somos conscientes de que los tres primeros a\u00f1os de vida son fundamentales para el desarrollo integral de los\/as ni\u00f1os y ni\u00f1as. Por ello, acompa\u00f1amos y guiamos a cada ni\u00f1o y ni\u00f1a en esta etapa tan importante, desde la confianza y el respeto a los ritmos individuales, fomentando la autonom\u00eda y el desarrollo emocional en un entorno acogedor y afectivo.<\/p>\n<p>Contamos con un equipo de profesionales altamente cualificado y con cuidadosamente equipadas, que garantizan un entorno id\u00f3neo y seguro.<\/p>\n<p>Nuestra propuesta educativa se basa en la <strong>pedagog\u00eda de la confianza<\/strong>, un enfoque que sit\u00faa al ni\u00f1o y a la ni\u00f1a en el centro del proceso educativo. Creemos en sus capacidades innatas y en la importancia de ofrecerles un entorno id\u00f3neo en el que explorar, experimentar y aprender a su propio ritmo. Desde esta mirada, el adulto acompa\u00f1a, observa y gu\u00eda, favoreciendo la autonom\u00eda, la seguridad emocional y el desarrollo integral, siempre desde el respeto y la escucha activa.<\/p>\n<p>Nuestro servicio de haurtzaindegi forma parte de la <strong>etapa de educaci\u00f3n infantil<\/strong>, la cual est\u00e1 dividida en dos ciclos<strong>:<\/strong><\/p>\n<ul>\n<li><strong>Primer ciclo: Haurtzaindegi <\/strong>\u00a0(0-2 a\u00f1os)<\/li>\n<li><strong>Segundo ciclo:<\/strong> <strong>Educaci\u00f3n Infantil <\/strong>(3-6 a\u00f1os)<\/li>\n<\/ul>\n<p>[\/vc_column_text][vc_column_text css=\u00bb\u00bb]Las familias interesadas pueden concertar visitas personalizadas al centro para conocer nuestra haurtzaindegi, al equipo directivo y el entorno en el que su hijo o hija comenzar\u00e1 su proceso de aprendizaje.<\/p>\n<p>La matr\u00edcula para la haurtzaindegi permanece abierta durante todo el curso escolar[\/vc_column_text][\/vc_column_inner][vc_column_inner el_class=\u00bbmarkedImageContainer\u00bb width=\u00bb1\/2&#8243; css=\u00bb.vc_custom_1675245004774{padding-top: 20px !important;padding-right: 20px !important;padding-bottom: 20px !important;padding-left: 20px !important;}\u00bb][vc_single_image image=\u00bb8834&#8243; img_size=\u00bblarge\u00bb css=\u00bb\u00bb el_class=\u00bbimageFrame2 imageBorderMovement\u00bb][vc_empty_space][vc_single_image image=\u00bb9102&#8243; img_size=\u00bblarge\u00bb css=\u00bb\u00bb el_class=\u00bbimageFrame2 imageBorderMovement\u00bb][\/vc_column_inner][\/vc_row_inner][\/vc_column][\/vc_row][vc_row][vc_column][vc_single_image image=\u00bb1182&#8243; css_animation=\u00bbfadeIn\u00bb css=\u00bb.vc_custom_1568293285108{margin-bottom: 0px !important;}\u00bb el_class=\u00bbhorLine\u00bb][\/vc_column][\/vc_row][vc_row el_class=\u00bbproyectosBlock\u00bb css=\u00bb.vc_custom_1578572930544{padding-top: 4% !important;padding-bottom: 4% !important;}\u00bb][vc_column offset=\u00bbvc_col-xs-12&#8243;][vc_row_inner][vc_column_inner width=\u00bb1\/4&#8243;][vc_icon type=\u00bbtypicons\u00bb icon_typicons=\u00bbtypcn typcn-home-outline\u00bb color=\u00bbwhite\u00bb background_style=\u00bbrounded\u00bb background_color=\u00bbcustom\u00bb size=\u00bbxl\u00bb align=\u00bbcenter\u00bb css_animation=\u00bbfadeIn\u00bb custom_background_color=\u00bb#e9426d\u00bb][vc_column_text]<\/p>\n<p style=\"text-align: center;\"><strong>NUEVAS INSTALACIONES<\/strong><\/p>\n<p style=\"text-align: center;\">Sistema de ventilaci\u00f3n continuo y calefacci\u00f3n radiante.<\/p>\n<p>[\/vc_column_text][\/vc_column_inner][vc_column_inner width=\u00bb1\/4&#8243;][vc_icon type=\u00bbtypicons\u00bb icon_typicons=\u00bbtypcn typcn-group-outline\u00bb color=\u00bbwhite\u00bb background_style=\u00bbrounded\u00bb background_color=\u00bbcustom\u00bb size=\u00bbxl\u00bb align=\u00bbcenter\u00bb css_animation=\u00bbfadeIn\u00bb custom_background_color=\u00bb#e9426d\u00bb][vc_column_text]<\/p>\n<p style=\"text-align: center;\"><strong>ESPACIOS DISE\u00d1ADOS PARA LAS DIFERENTES ETAPAS DE DESARROLLO<\/strong><\/p>\n<p style=\"text-align: center;\">Estructuras de psicomotricidad, anfiteatro, rinc\u00f3n de lectura, rinc\u00f3n para la siesta, toboganes, rinc\u00f3n para los familiares y comedor.<\/p>\n<p>[\/vc_column_text][\/vc_column_inner][vc_column_inner width=\u00bb1\/4&#8243;][vc_icon type=\u00bblinecons\u00bb icon_linecons=\u00bbvc_li vc_li-bulb\u00bb color=\u00bbwhite\u00bb background_style=\u00bbrounded\u00bb background_color=\u00bbcustom\u00bb size=\u00bbxl\u00bb align=\u00bbcenter\u00bb css_animation=\u00bbfadeIn\u00bb custom_background_color=\u00bb#e9426d\u00bb][vc_column_text]<\/p>\n<p class=\"p1\" style=\"text-align: center;\"><span class=\"s1\"><b>JUEGO E INVESTIGACI\u00d3N<\/b><\/span><\/p>\n<p class=\"p1\" style=\"text-align: center;\"><span class=\"s1\">Desarrollo natural a trav\u00e9s del juego y la investigaci\u00f3n. <\/span><\/p>\n<p>[\/vc_column_text][\/vc_column_inner][vc_column_inner width=\u00bb1\/4&#8243;][vc_icon type=\u00bblinecons\u00bb icon_linecons=\u00bbvc_li vc_li-pen\u00bb color=\u00bbwhite\u00bb background_style=\u00bbrounded\u00bb background_color=\u00bbcustom\u00bb size=\u00bbxl\u00bb align=\u00bbcenter\u00bb css_animation=\u00bbfadeIn\u00bb custom_background_color=\u00bb#e9426d\u00bb][vc_column_text]<\/p>\n<p style=\"text-align: center;\"><b><\/b><strong>APRENDIZAJE<\/strong><\/p>\n<p style=\"text-align: center;\">Rutinas de aprendizaje, sue\u00f1o, higiene y alimentaci\u00f3n.<\/p>\n<p>[\/vc_column_text][\/vc_column_inner][\/vc_row_inner][\/vc_column][\/vc_row][vc_row el_class=\u00bbproyectosBlock\u00bb css=\u00bb.vc_custom_1578572930544{padding-top: 4% !important;padding-bottom: 4% !important;}\u00bb][vc_column offset=\u00bbvc_col-xs-12&#8243;][vc_row_inner][vc_column_inner width=\u00bb1\/4&#8243;][vc_icon type=\u00bblinecons\u00bb color=\u00bbwhite\u00bb background_style=\u00bbrounded\u00bb background_color=\u00bbcustom\u00bb size=\u00bbxl\u00bb align=\u00bbcenter\u00bb css_animation=\u00bbfadeIn\u00bb custom_background_color=\u00bb#e9426d\u00bb][vc_column_text]<\/p>\n<p style=\"text-align: center;\"><b><\/b><strong>PERSONAL CUALIFICADO<\/strong><\/p>\n<p class=\"p2\" style=\"text-align: center;\">Atenci\u00f3n totalmente personalizada, sensibilidad, cercan\u00eda y conocimient<span class=\"s2\">o.<\/span><\/p>\n<p>[\/vc_column_text][\/vc_column_inner][vc_column_inner width=\u00bb1\/4&#8243;][vc_icon type=\u00bbmaterial\u00bb icon_material=\u00bbvc-material vc-material-restaurant_menu\u00bb color=\u00bbwhite\u00bb background_style=\u00bbrounded\u00bb background_color=\u00bbcustom\u00bb size=\u00bbxl\u00bb align=\u00bbcenter\u00bb css_animation=\u00bbfadeIn\u00bb custom_background_color=\u00bb#e9426d\u00bb][vc_column_text]<\/p>\n<p style=\"text-align: center;\"><strong>COMEDOR<\/strong><\/p>\n<p style=\"text-align: center;\">Comida nutricional equilibrada, de producci\u00f3n local y cocinada en el propio centro.<\/p>\n<p>[\/vc_column_text][\/vc_column_inner][vc_column_inner width=\u00bb1\/4&#8243;][vc_icon type=\u00bblinecons\u00bb icon_linecons=\u00bbvc_li vc_li-clock\u00bb color=\u00bbwhite\u00bb background_style=\u00bbrounded\u00bb background_color=\u00bbcustom\u00bb size=\u00bbxl\u00bb align=\u00bbcenter\u00bb css_animation=\u00bbfadeIn\u00bb custom_background_color=\u00bb#e9426d\u00bb][vc_column_text]<\/p>\n<p style=\"text-align: center;\"><strong>HORARIO AMPLIO Y FLEXIBLE<\/strong><\/p>\n<p style=\"text-align: center;\">Con el objetivo de favorecer y ayudar en la conciliaci\u00f3n familiar, <strong>abrimos de 07.30h a 18.30h<\/strong>. Flexibilidad en cuanto a la entrada y salida.<\/p>\n<p>[\/vc_column_text][\/vc_column_inner][vc_column_inner width=\u00bb1\/4&#8243;][vc_icon type=\u00bblinecons\u00bb icon_linecons=\u00bbvc_li vc_li-calendar\u00bb color=\u00bbwhite\u00bb background_style=\u00bbrounded\u00bb background_color=\u00bbcustom\u00bb size=\u00bbxl\u00bb align=\u00bbcenter\u00bb css_animation=\u00bbfadeIn\u00bb css=\u00bb\u00bb custom_background_color=\u00bb#e9426d\u00bb link=\u00bburl:https%3A%2F%2Fneversikastetxea.com%2Fwp-content%2Fuploads%2F2025%2F06%2FNever-Egutegia-2025-2026-Haurtzaindegia.pdf\u00bb][vc_column_text css=\u00bb\u00bb]<\/p>\n<p style=\"text-align: center;\"><a href=\"https:\/\/neversikastetxea.com\/wp-content\/uploads\/2025\/06\/Never-Egutegia-2025-2026-Haurtzaindegia.pdf\"><strong>CALENDARIO ESCOLAR<\/strong><\/a><\/p>\n<p style=\"text-align: center;\"><a href=\"https:\/\/neversikastetxea.com\/wp-content\/uploads\/2025\/06\/Never-Egutegia-2025-2026-Haurtzaindegia.pdf\">Conoce el calendario 2025\/26 aqu\u00ed.<\/a><\/p>\n<p>\u00a0[\/vc_column_text][\/vc_column_inner][\/vc_row_inner][\/vc_column][\/vc_row][vc_row el_class=\u00bbproyectosBlock\u00bb css=\u00bb.vc_custom_1606310533721{padding-top: 4% !important;padding-bottom: 4% !important;background-color: #119691 !important;}\u00bb][vc_column offset=\u00bbvc_col-xs-12&#8243;][vc_column_text]<\/p>\n<h2><span style=\"color: #ffffff;\">Echa un vistazo a nuestras fotos<\/span><\/h2>\n<h3><span style=\"color: #ffffff;\">Aunque preferimos que vengas a visitarnos.<\/span><\/h3>\n<p>[\/vc_column_text][vc_masonry_media_grid css=\u00bb\u00bb initial_loading_animation=\u00bbfadeIn\u00bb grid_id=\u00bbvc_gid:1769433672243-1f651187-e778-0&#8243; include=\u00bb8836,8837,8838,8839,8841,8842,8843,8844,8845,8846,8848,8851,8853,8854,8855,8856,8857,8858,8859,8860,8861,8862,8863,8864,8865,8866&#8243;][\/vc_column][\/vc_row][vc_row css=\u00bb.vc_custom_1637590071851{background-color: #172e41 !important;}\u00bb][vc_column el_id=\u00bbreservarvisita\u00bb][vc_row_inner][vc_column_inner width=\u00bb2\/3&#8243;][vc_column_text]<\/p>\n<h2><span style=\"color: #ffffff;\">Reserva tu visita personalizada<\/span><\/h2>\n<p>[\/vc_column_text][vc_column_text]<\/p>\n<h3><span style=\"color: #ffffff;\">Ven a visitar el centro para ver las instalaciones de la nueva guarder\u00eda, conocer al profesorado y empezar a vivir la experiencia Nevers.<\/span><\/h3>\n<p>[\/vc_column_text][\/vc_column_inner][vc_column_inner width=\u00bb1\/3&#8243;]\n<div class=\"wpcf7 no-js\" id=\"wpcf7-f4171-o1\" lang=\"es-ES\" dir=\"ltr\" data-wpcf7-id=\"4171\">\n<div class=\"screen-reader-response\"><p role=\"status\" aria-live=\"polite\" aria-atomic=\"true\"><\/p> <ul><\/ul><\/div>\n<form action=\"\/es\/wp-json\/wp\/v2\/pages\/942#wpcf7-f4171-o1\" method=\"post\" class=\"wpcf7-form init\" aria-label=\"Formulario de contacto\" novalidate=\"novalidate\" data-status=\"init\">\n<fieldset class=\"hidden-fields-container\"><input type=\"hidden\" name=\"_wpcf7\" value=\"4171\" \/><input type=\"hidden\" name=\"_wpcf7_version\" value=\"6.1.5\" \/><input type=\"hidden\" name=\"_wpcf7_locale\" value=\"es_ES\" \/><input type=\"hidden\" name=\"_wpcf7_unit_tag\" value=\"wpcf7-f4171-o1\" \/><input type=\"hidden\" name=\"_wpcf7_container_post\" value=\"0\" \/><input type=\"hidden\" name=\"_wpcf7_posted_data_hash\" value=\"\" \/>\n<\/fieldset>\n<p><span id=\"wpcf7-6a05f9de4a150-wrapper\" class=\"wpcf7-form-control-wrap potipoti-554-wrap\" style=\"display:none !important; visibility:hidden !important;\"><label for=\"wpcf7-6a05f9de4a150-field\" class=\"hp-message\">Por favor, deja este campo vac\u00edo.<\/label><input id=\"wpcf7-6a05f9de4a150-field\"  class=\"wpcf7-form-control wpcf7-text\" type=\"text\" name=\"potipoti-554\" value=\"\" size=\"40\" tabindex=\"-1\" autocomplete=\"new-password\" \/><\/span>\n<\/p>\n<p><span style=\"color: #ffffff;\">Nombre (obligatorio)<\/span><\n<\/p>\n<p><span class=\"wpcf7-form-control-wrap\" data-name=\"nombre\"><input size=\"40\" maxlength=\"400\" class=\"wpcf7-form-control wpcf7-text wpcf7-validates-as-required\" aria-required=\"true\" aria-invalid=\"false\" value=\"\" type=\"text\" name=\"nombre\" \/><\/span>\n<\/p>\n<p><span style=\"color: #ffffff;\">Apellidos (obligatorio)<\/span><\n<\/p>\n<p><span class=\"wpcf7-form-control-wrap\" data-name=\"apellidos\"><input size=\"40\" maxlength=\"400\" class=\"wpcf7-form-control wpcf7-text wpcf7-validates-as-required\" aria-required=\"true\" aria-invalid=\"false\" value=\"\" type=\"text\" name=\"apellidos\" \/><\/span>\n<\/p>\n<p><span style=\"color: #ffffff;\">Tel\u00e9fono (obligatorio)<\/span><\n<\/p>\n<p><span class=\"wpcf7-form-control-wrap\" data-name=\"Telfono\"><input size=\"40\" maxlength=\"400\" class=\"wpcf7-form-control wpcf7-tel wpcf7-validates-as-required wpcf7-text wpcf7-validates-as-tel\" aria-required=\"true\" aria-invalid=\"false\" value=\"\" type=\"tel\" name=\"Telfono\" \/><\/span>\n<\/p>\n<p><span style=\"color: #ffffff;\">E-mail (requerido)<\/span><\n<\/p>\n<p><span class=\"wpcf7-form-control-wrap\" data-name=\"email\"><input size=\"40\" maxlength=\"400\" class=\"wpcf7-form-control wpcf7-email wpcf7-validates-as-required wpcf7-text wpcf7-validates-as-email\" aria-required=\"true\" aria-invalid=\"false\" value=\"\" type=\"email\" name=\"email\" \/><\/span>\n<\/p>\n<p><span style=\"color: #ffffff;\">Cu\u00e9ntanos qu\u00e9 d\u00edas te vienen bien y nos pondremos en contacto contigo.<\/span><\n<\/p>\n<p><span class=\"wpcf7-form-control-wrap\" data-name=\"textarea\"><textarea cols=\"40\" rows=\"10\" maxlength=\"2000\" class=\"wpcf7-form-control wpcf7-textarea\" aria-invalid=\"false\" name=\"textarea\"><\/textarea><\/span>\n<\/p>\n<p><span style=\"color: #ffffff;\"><span class=\"wpcf7-form-control-wrap\" data-name=\"Legal\"><span class=\"wpcf7-form-control wpcf7-checkbox wpcf7-validates-as-required\" id=\"condicionesContactForm\"><span class=\"wpcf7-list-item first last\"><input type=\"checkbox\" name=\"Legal[]\" value=\"He le\u00eddo y acepto las condiciones.\" \/><span class=\"wpcf7-list-item-label\">He le\u00eddo y acepto las condiciones.<\/span><\/span><\/span><\/span><\/span><br \/>\n<span style=\"color: #ffffff;\"><!-- Mailchimp for WordPress v4.12.2 - https:\/\/www.mc4wp.com\/ --><input type=\"hidden\" name=\"_mc4wp_subscribe_contact-form-7\" value=\"0\" \/><span class=\"mc4wp-checkbox mc4wp-checkbox-contact-form-7 \"><label><input type=\"checkbox\" name=\"_mc4wp_subscribe_contact-form-7\" value=\"1\" checked=\"checked\"><span>Quiero suscribirme a la lista de correo<\/span><\/label><\/span><!-- \/ Mailchimp for WordPress --><\/span>\n<\/p>\n<p><input class=\"wpcf7-form-control wpcf7-submit has-spinner\" type=\"submit\" value=\"Quiero conocer Nevers Ikastetxea\" \/>\n<\/p><div class=\"wpcf7-response-output\" aria-hidden=\"true\"><\/div>\n<\/form>\n<\/div>\n[\/vc_column_inner][\/vc_row_inner][\/vc_column][\/vc_row][vc_row full_width=\u00bbstretch_row\u00bb el_class=\u00bbCTA\u00bb css=\u00bb.vc_custom_1578571871514{padding-top: 4% !important;padding-bottom: 4% !important;background-color: #e2e2e2 !important;}\u00bb][vc_column][vc_row_inner content_placement=\u00bbmiddle\u00bb][vc_column_inner width=\u00bb2\/3&#8243;][vc_column_text]<\/p>\n<h2><span style=\"color: #ffffff;\">Guarder\u00eda Nevers<\/span><\/h2>\n<h4><span style=\"color: #ffffff;\"><span style=\"font-weight: 400;\">Descarga nuestro folleto de guarder\u00eda para obtener toda la informaci\u00f3n sobre este ciclo.<\/span><\/span><\/h4>\n<p>[\/vc_column_text][\/vc_column_inner][vc_column_inner width=\u00bb1\/3&#8243; css=\u00bb.vc_custom_1578586595857{padding: 1px !important;}\u00bb]<div class=\"vckit-btn-container vckit-btn-center\"><a class=\"vckit-btn button--winona button--size-m button--text-thin button--border-medium button--round-s vckit_custom_class_105e20a8331cced  CTAButton seeMoreButtonNegative  vc_custom_1579198525088\" href=\"https:\/\/neversikastetxea.com\/es\/ebook-educacion-infantil\/\" title=\"Descargar folleto informativo\" data-text=\"Descargar folleto informativo\"><span>Descargar folleto informativo<\/span><\/a><\/div>\n<style type=\"text\/css\" data-type=\"vckit-shortcode-css\" data-shortcode=\"vckit_button\">.vckit-btn.vckit_custom_class_105e20a8331cced { color: #ffffff}.vckit-btn.vckit_custom_class_105e20a8331cced { border-color: #ffffff}<\/style>[\/vc_column_inner][\/vc_row_inner][\/vc_column][\/vc_row]<\/p>\n<\/div>","protected":false},"excerpt":{"rendered":"<p>[vc_row full_width=\u00bbstretch_row\u00bb css=\u00bb.vc_custom_1606213172661{padding-top: 2% !important;padding-bottom: 2% !important;background-position: center !important;background-repeat: no-repeat !important;background-size: cover !important;}\u00bb el_class=\u00bbCTA fadeInCTA\u00bb][vc_column][vc_row_inner content_placement=\u00bbmiddle\u00bb css=\u00bb.vc_custom_1578565500423{background-position: center !important;background-repeat: no-repeat !important;background-size: cover !important;}\u00bb el_class=\u00bbCTATituloInterior\u00bb][vc_column_inner width=\u00bb1\/4&#8243;][\/vc_column_inner][vc_column_inner width=\u00bb1\/2&#8243;][vc_column_text css=\u00bb.vc_custom_1606213043108{margin-bottom: 0px !important;}\u00bb] GUARDER\u00cdA NEVERS IKASTETXEA Desarrollo natural a trav\u00e9s del juego y la investigaci\u00f3n. [\/vc_column_text][\/vc_column_inner][vc_column_inner width=\u00bb1\/4&#8243;][vc_raw_html]JTNDYSUyMHN0eWxlJTNEJTIydGV4dC1hbGlnbiUzQXJpZ2h0JTNCJTIyJTIwY2xhc3MlM0QlMjJuYXZTdXBFZHVjYWNpb24lMjIlMjBocmVmJTNEJTIyLi4lMkZlZHVjYWNpb24taW5mYW50aWwlMkYlMjIlM0VFZHVjYWNpJUMzJUIzbiUyMEluZmFudGlsJTIwMC02JTNDc3BhbiUyMGNsYXNzJTNEJTIyZmxlY2hhRGVyZWNoYSUyMiUzRSUzQyUyRnNwYW4lM0UlM0MlMkZhJTNF[\/vc_raw_html][\/vc_column_inner][\/vc_row_inner][vc_empty_space height=\u00bb50px\u00bb][vc_row_inner][vc_column_inner width=\u00bb2\/5&#8243;][\/vc_column_inner][vc_column_inner width=\u00bb1\/5&#8243;][vc_empty_space][\/vc_column_inner][vc_column_inner width=\u00bb2\/5&#8243;][\/vc_column_inner][\/vc_row_inner][vc_empty_space][\/vc_column][\/vc_row][vc_row el_class=\u00bbproyectosBlock\u00bb css=\u00bb.vc_custom_1578572110904{padding-top: 3% !important;padding-bottom: 3% !important;}\u00bb][vc_column offset=\u00bbvc_col-xs-12&#8243;][vc_column_text css=\u00bb\u00bb] &hellip; <\/p>\n<p class=\"link-more\"><a href=\"https:\/\/neversikastetxea.com\/es\/guarderia\/\" class=\"more-link\">Seguir leyendo<span class=\"screen-reader-text\"> \u00abGuarder\u00eda\u00bb<\/span><\/a><\/p>\n","protected":false},"author":1,"featured_media":0,"parent":0,"menu_order":0,"comment_status":"closed","ping_status":"closed","template":"","meta":{"footnotes":""},"class_list":["post-942","page","type-page","status-publish","hentry","entry"],"_links":{"self":[{"href":"https:\/\/neversikastetxea.com\/es\/wp-json\/wp\/v2\/pages\/942","targetHints":{"allow":["GET"]}}],"collection":[{"href":"https:\/\/neversikastetxea.com\/es\/wp-json\/wp\/v2\/pages"}],"about":[{"href":"https:\/\/neversikastetxea.com\/es\/wp-json\/wp\/v2\/types\/page"}],"author":[{"embeddable":true,"href":"https:\/\/neversikastetxea.com\/es\/wp-json\/wp\/v2\/users\/1"}],"replies":[{"embeddable":true,"href":"https:\/\/neversikastetxea.com\/es\/wp-json\/wp\/v2\/comments?post=942"}],"version-history":[{"count":17,"href":"https:\/\/neversikastetxea.com\/es\/wp-json\/wp\/v2\/pages\/942\/revisions"}],"predecessor-version":[{"id":9111,"href":"https:\/\/neversikastetxea.com\/es\/wp-json\/wp\/v2\/pages\/942\/revisions\/9111"}],"wp:attachment":[{"href":"https:\/\/neversikastetxea.com\/es\/wp-json\/wp\/v2\/media?parent=942"}],"curies":[{"name":"wp","href":"https:\/\/api.w.org\/{rel}","templated":true}]}}